{"id":17393,"date":"2022-01-23T22:51:55","date_gmt":"2022-01-23T21:51:55","guid":{"rendered":"https:\/\/www.hml-fetish.de\/shop\/cagoule-neoprene-confinement\/"},"modified":"2024-06-09T19:57:46","modified_gmt":"2024-06-09T17:57:46","slug":"cagoule-neoprene-confinement","status":"publish","type":"product","link":"https:\/\/www.hml-fetish.de\/shop\/fr\/cagoule-neoprene-confinement\/","title":{"rendered":"Cagoule neopr\u00e8ne confinement"},"content":{"rendered":"<p>Ce masque en n\u00e9opr\u00e8ne souple de 2,5 mm d&#8217;\u00e9paisseur t&#8217;emprisonne. Lorsque ce masque est lentement enfil\u00e9 sur ta t\u00eate et que les fermetures \u00e9clair sont ferm\u00e9es, le monde autour de toi est plong\u00e9 dans une douce et agr\u00e9able obscurit\u00e9. Les bruits sont \u00e9touff\u00e9s et chaque contact te touche deux fois plus intens\u00e9ment. Ce masque est particuli\u00e8rement serr\u00e9. Tu n&#8217;oublieras pas un seul instant que tu le portes. R\u00e9fl\u00e9chis bien \u00e0 la personne que tu vas laisser t&#8217;attacher. Il pourrait profiter de ton impuissance \ud83d\ude09<br \/>\n<BR>Une taille en stock : L-XL pour 58 cm &#8211; 60 cm de tour de front.<br \/>\n<BR><img decoding=\"async\" src=\"\/GIF\/sizefr_MA.gif\" alt=\"tailles des cagoules\" title=\"tailles des cagoules\" border=\"0\" height=\"164\" width=\"114\"><\/P><\/p>\n","protected":false},"excerpt":{"rendered":"<h4>Cagoule neopr\u00e8ne confinement<\/h4>\n<p>Ce masque d&#8217;isolation en n\u00e9opr\u00e8ne souple de 2,5 mm d&#8217;\u00e9paisseur t&#8217;emprisonne. Lorsque ce masque est lentement enfil\u00e9 sur ta t\u00eate et que les fermetures \u00e9clair sont ferm\u00e9es, le monde autour de toi est plong\u00e9 dans une douce et agr\u00e9able obscurit\u00e9.<\/p>\n","protected":false},"featured_media":17374,"comment_status":"open","ping_status":"closed","template":"","meta":[],"product_brand":[],"product_cat":[624,700,714],"product_tag":[4421],"class_list":{"0":"post-17393","1":"product","2":"type-product","3":"status-publish","4":"has-post-thumbnail","6":"product_cat-accessoires-en-latex","7":"product_cat-cagoules-etc","8":"product_cat-dungeon-fr","9":"product_tag-breath-control-fr","10":"product_shipping_class-colis-fr","12":"first","13":"outofstock","14":"taxable","15":"shipping-taxable","16":"purchasable","17":"product-type-variable"},"_links":{"self":[{"href":"https:\/\/www.hml-fetish.de\/shop\/fr\/wp-json\/wp\/v2\/product\/17393","targetHints":{"allow":["GET"]}}],"collection":[{"href":"https:\/\/www.hml-fetish.de\/shop\/fr\/wp-json\/wp\/v2\/product"}],"about":[{"href":"https:\/\/www.hml-fetish.de\/shop\/fr\/wp-json\/wp\/v2\/types\/product"}],"replies":[{"embeddable":true,"href":"https:\/\/www.hml-fetish.de\/shop\/fr\/wp-json\/wp\/v2\/comments?post=17393"}],"version-history":[{"count":0,"href":"https:\/\/www.hml-fetish.de\/shop\/fr\/wp-json\/wp\/v2\/product\/17393\/revisions"}],"wp:featuredmedia":[{"embeddable":true,"href":"https:\/\/www.hml-fetish.de\/shop\/fr\/wp-json\/wp\/v2\/media\/17374"}],"wp:attachment":[{"href":"https:\/\/www.hml-fetish.de\/shop\/fr\/wp-json\/wp\/v2\/media?parent=17393"}],"wp:term":[{"taxonomy":"product_brand","embeddable":true,"href":"https:\/\/www.hml-fetish.de\/shop\/fr\/wp-json\/wp\/v2\/product_brand?post=17393"},{"taxonomy":"product_cat","embeddable":true,"href":"https:\/\/www.hml-fetish.de\/shop\/fr\/wp-json\/wp\/v2\/product_cat?post=17393"},{"taxonomy":"product_tag","embeddable":true,"href":"https:\/\/www.hml-fetish.de\/shop\/fr\/wp-json\/wp\/v2\/product_tag?post=17393"}],"curies":[{"name":"wp","href":"https:\/\/api.w.org\/{rel}","templated":true}]}}