{"id":17371,"date":"2022-01-23T22:51:56","date_gmt":"2022-01-23T21:51:56","guid":{"rendered":"https:\/\/www.hml-fetish.de\/shop\/masque-a-gaz-neoprene\/"},"modified":"2025-12-04T12:50:31","modified_gmt":"2025-12-04T11:50:31","slug":"masque-a-gaz-neoprene","status":"publish","type":"product","link":"https:\/\/www.hml-fetish.de\/shop\/fr\/masque-a-gaz-neoprene\/","title":{"rendered":"Masque \u00e0 gaz neopr\u00e8ne"},"content":{"rendered":"<p>Un masque \u00e0 gaz isra\u00e9lien est muni d&#8217;une cagoule en n\u00e9opr\u00e8ne souple de 2 mm d&#8217;\u00e9paisseur. Ce masque te capture. Lorsque la fermeture \u00e9clair en nylon se referme lentement \u00e0 l&#8217;arri\u00e8re de ta t\u00eate, le monde autour de toi s&#8217;enfonce dans une obscurit\u00e9 douce et confortable. Les bruits sont att\u00e9nu\u00e9s et chaque contact a un effet doublement intense sur toi. R\u00e9fl\u00e9chis bien \u00e0 la personne que tu vas laisser t&#8217;attacher. Il pourrait profiter de ton impuissance \ud83d\ude09<\/p>\n<p>Ce masque est tr\u00e8s extensible. C&#8217;est pourquoi il n&#8217;existe qu&#8217;en une seule taille universelle.<\/p>\n","protected":false},"excerpt":{"rendered":"<h4>Masque \u00e0 gaz neopr\u00e8ne<\/h4>\n<p>Un masque \u00e0 gaz isra\u00e9lien est muni d&#8217;une cagoule en n\u00e9opr\u00e8ne souple de 2 mm d&#8217;\u00e9paisseur. Ce masque te capture. Lorsque la fermeture \u00e9clair en nylon se referme lentement \u00e0 l&#8217;arri\u00e8re de ta t\u00eate\u2026<\/p>\n","protected":false},"featured_media":17357,"comment_status":"open","ping_status":"closed","template":"","meta":[],"product_brand":[],"product_cat":[631,732,700],"product_tag":[4421],"class_list":{"0":"post-17371","1":"product","2":"type-product","3":"status-publish","4":"has-post-thumbnail","6":"product_cat-bottes-caps-army","7":"product_cat-best-seller","8":"product_cat-cagoules-etc","9":"product_tag-breath-control-fr","10":"product_shipping_class-colis-fr","12":"first","13":"instock","14":"taxable","15":"shipping-taxable","16":"purchasable","17":"product-type-simple"},"_links":{"self":[{"href":"https:\/\/www.hml-fetish.de\/shop\/fr\/wp-json\/wp\/v2\/product\/17371","targetHints":{"allow":["GET"]}}],"collection":[{"href":"https:\/\/www.hml-fetish.de\/shop\/fr\/wp-json\/wp\/v2\/product"}],"about":[{"href":"https:\/\/www.hml-fetish.de\/shop\/fr\/wp-json\/wp\/v2\/types\/product"}],"replies":[{"embeddable":true,"href":"https:\/\/www.hml-fetish.de\/shop\/fr\/wp-json\/wp\/v2\/comments?post=17371"}],"version-history":[{"count":0,"href":"https:\/\/www.hml-fetish.de\/shop\/fr\/wp-json\/wp\/v2\/product\/17371\/revisions"}],"wp:featuredmedia":[{"embeddable":true,"href":"https:\/\/www.hml-fetish.de\/shop\/fr\/wp-json\/wp\/v2\/media\/17357"}],"wp:attachment":[{"href":"https:\/\/www.hml-fetish.de\/shop\/fr\/wp-json\/wp\/v2\/media?parent=17371"}],"wp:term":[{"taxonomy":"product_brand","embeddable":true,"href":"https:\/\/www.hml-fetish.de\/shop\/fr\/wp-json\/wp\/v2\/product_brand?post=17371"},{"taxonomy":"product_cat","embeddable":true,"href":"https:\/\/www.hml-fetish.de\/shop\/fr\/wp-json\/wp\/v2\/product_cat?post=17371"},{"taxonomy":"product_tag","embeddable":true,"href":"https:\/\/www.hml-fetish.de\/shop\/fr\/wp-json\/wp\/v2\/product_tag?post=17371"}],"curies":[{"name":"wp","href":"https:\/\/api.w.org\/{rel}","templated":true}]}}