{"id":17352,"date":"2022-01-23T22:51:56","date_gmt":"2022-01-23T21:51:56","guid":{"rendered":"https:\/\/www.hml-fetish.de\/shop\/masque-de-bondage-en-neoprene\/"},"modified":"2022-01-23T22:51:56","modified_gmt":"2022-01-23T21:51:56","slug":"masque-de-bondage-en-neoprene","status":"publish","type":"product","link":"https:\/\/www.hml-fetish.de\/shop\/fr\/masque-de-bondage-en-neoprene\/","title":{"rendered":"Masque de bondage en n\u00e9opr\u00e8ne"},"content":{"rendered":"<p>Cagoule de bondage 665 en n\u00e9opr\u00e8ne. Ce masque en n\u00e9opr\u00e8ne souple de 2,5 mm ressemble un peu \u00e0 un masque de chien. Les bruits sont \u00e9touff\u00e9s et chaque contact a un double intense effet sur vous. Un cache pour les yeux et une plaque buccale perfor\u00e9e sont amovibles. R\u00e9fl\u00e9chissez bien \u00e0 qui peut vous attacher maintenant! Il pourrait profiter de votre impuissance \ud83d\ude09<br \/>\n<BR>Tailles disponibles S-M, L-XL.<br \/>\n<BR><img decoding=\"async\" src=\"\/GIF\/sizefr_MA.gif\" alt=\"tailles des cagoules\" title=\"tailles des cagoules\" border=\"0\" height=\"164\" width=\"114\"><\/p>\n","protected":false},"excerpt":{"rendered":"<h4>Masque de bondage en n\u00e9opr\u00e8ne<\/h4>\n<p>Cagoule de bondage 665 en n\u00e9opr\u00e8ne. Ce masque en n\u00e9opr\u00e8ne souple de 2,5 mm ressemble un peu \u00e0 un masque de chien. Les bruits sont \u00e9touff\u00e9s et chaque contact a un double intense effet sur vous. Un cache pour les yeux et une plaque buccale perfor\u00e9e sont amovibles. R\u00e9fl\u00e9chissez bien \u00e0 qui peut vous attacher maintenant! Il pourrait profiter de votre impuissance \ud83d\ude09<\/p>\n","protected":false},"featured_media":17329,"comment_status":"open","ping_status":"closed","template":"","meta":[],"product_brand":[],"product_cat":[624,700],"product_tag":[],"class_list":{"0":"post-17352","1":"product","2":"type-product","3":"status-publish","4":"has-post-thumbnail","6":"product_cat-accessoires-en-latex","7":"product_cat-cagoules-etc","8":"product_shipping_class-lettre","10":"first","11":"instock","12":"taxable","13":"shipping-taxable","14":"purchasable","15":"product-type-variable"},"_links":{"self":[{"href":"https:\/\/www.hml-fetish.de\/shop\/fr\/wp-json\/wp\/v2\/product\/17352","targetHints":{"allow":["GET"]}}],"collection":[{"href":"https:\/\/www.hml-fetish.de\/shop\/fr\/wp-json\/wp\/v2\/product"}],"about":[{"href":"https:\/\/www.hml-fetish.de\/shop\/fr\/wp-json\/wp\/v2\/types\/product"}],"replies":[{"embeddable":true,"href":"https:\/\/www.hml-fetish.de\/shop\/fr\/wp-json\/wp\/v2\/comments?post=17352"}],"version-history":[{"count":0,"href":"https:\/\/www.hml-fetish.de\/shop\/fr\/wp-json\/wp\/v2\/product\/17352\/revisions"}],"wp:featuredmedia":[{"embeddable":true,"href":"https:\/\/www.hml-fetish.de\/shop\/fr\/wp-json\/wp\/v2\/media\/17329"}],"wp:attachment":[{"href":"https:\/\/www.hml-fetish.de\/shop\/fr\/wp-json\/wp\/v2\/media?parent=17352"}],"wp:term":[{"taxonomy":"product_brand","embeddable":true,"href":"https:\/\/www.hml-fetish.de\/shop\/fr\/wp-json\/wp\/v2\/product_brand?post=17352"},{"taxonomy":"product_cat","embeddable":true,"href":"https:\/\/www.hml-fetish.de\/shop\/fr\/wp-json\/wp\/v2\/product_cat?post=17352"},{"taxonomy":"product_tag","embeddable":true,"href":"https:\/\/www.hml-fetish.de\/shop\/fr\/wp-json\/wp\/v2\/product_tag?post=17352"}],"curies":[{"name":"wp","href":"https:\/\/api.w.org\/{rel}","templated":true}]}}