{"id":17326,"date":"2022-01-23T22:51:56","date_gmt":"2022-01-23T21:51:56","guid":{"rendered":"https:\/\/www.hml-fetish.de\/shop\/masque-en-cuir-perforee\/"},"modified":"2022-01-23T22:51:56","modified_gmt":"2022-01-23T21:51:56","slug":"masque-en-cuir-perforee","status":"publish","type":"product","link":"https:\/\/www.hml-fetish.de\/shop\/fr\/masque-en-cuir-perforee\/","title":{"rendered":"Masque en cuir perfor\u00e9e"},"content":{"rendered":"<p>Ce masque est en cuir de vachette perfor\u00e9 de 1,1 mm d&#8217;\u00e9paisseur et doubl\u00e9 d&#8217;un tissu de coton bleu dense. Le tissu est \u00e0 double \u00e9paisseur afin que vous puissiez mettre un mouchoir ou une serviette en papier entre les deux pour le changer. Bien s\u00fbr, ce prot\u00e8ge-dents n&#8217;assure pas la s\u00e9curit\u00e9 contre les virus, mais il est bien connu qu&#8217;un morceau de cuir stimule l&#8217;imagination s&#8217;il est proche de la bouche et du nez!<br \/>\n<BR>Ce masque est l&#8217;un des nombreux articles exclusifs que tu ne peux obtenir que chez nous ! Ca. 10-15 cm x 20 cm.<\/p>\n","protected":false},"excerpt":{"rendered":"<h4>Masque en cuir perfor\u00e9e<\/h4>\n<p>Ce masque est en cuir de vachette perfor\u00e9 de 1,1 mm d&#8217;\u00e9paisseur et doubl\u00e9 d&#8217;un tissu de coton bleu dense. Le tissu est \u00e0 double \u00e9paisseur afin que vous puissiez mettre un mouchoir ou une serviette en papier entre les deux pour le changer.<\/p>\n","protected":false},"featured_media":17305,"comment_status":"open","ping_status":"closed","template":"","meta":[],"product_brand":[],"product_cat":[732,700,726],"product_tag":[4400,1991],"class_list":{"0":"post-17326","1":"product","2":"type-product","3":"status-publish","4":"has-post-thumbnail","6":"product_cat-best-seller","7":"product_cat-cagoules-etc","8":"product_cat-divers","9":"product_tag-hml-fetish-original-fr","10":"product_tag-masque-corona-en-cuir","11":"product_shipping_class-lettre","13":"first","14":"instock","15":"taxable","16":"shipping-taxable","17":"purchasable","18":"product-type-simple"},"_links":{"self":[{"href":"https:\/\/www.hml-fetish.de\/shop\/fr\/wp-json\/wp\/v2\/product\/17326","targetHints":{"allow":["GET"]}}],"collection":[{"href":"https:\/\/www.hml-fetish.de\/shop\/fr\/wp-json\/wp\/v2\/product"}],"about":[{"href":"https:\/\/www.hml-fetish.de\/shop\/fr\/wp-json\/wp\/v2\/types\/product"}],"replies":[{"embeddable":true,"href":"https:\/\/www.hml-fetish.de\/shop\/fr\/wp-json\/wp\/v2\/comments?post=17326"}],"version-history":[{"count":0,"href":"https:\/\/www.hml-fetish.de\/shop\/fr\/wp-json\/wp\/v2\/product\/17326\/revisions"}],"wp:featuredmedia":[{"embeddable":true,"href":"https:\/\/www.hml-fetish.de\/shop\/fr\/wp-json\/wp\/v2\/media\/17305"}],"wp:attachment":[{"href":"https:\/\/www.hml-fetish.de\/shop\/fr\/wp-json\/wp\/v2\/media?parent=17326"}],"wp:term":[{"taxonomy":"product_brand","embeddable":true,"href":"https:\/\/www.hml-fetish.de\/shop\/fr\/wp-json\/wp\/v2\/product_brand?post=17326"},{"taxonomy":"product_cat","embeddable":true,"href":"https:\/\/www.hml-fetish.de\/shop\/fr\/wp-json\/wp\/v2\/product_cat?post=17326"},{"taxonomy":"product_tag","embeddable":true,"href":"https:\/\/www.hml-fetish.de\/shop\/fr\/wp-json\/wp\/v2\/product_tag?post=17326"}],"curies":[{"name":"wp","href":"https:\/\/api.w.org\/{rel}","templated":true}]}}