{"id":17302,"date":"2022-01-23T22:51:57","date_gmt":"2022-01-23T21:51:57","guid":{"rendered":"https:\/\/www.hml-fetish.de\/shop\/cagoule-en-cuir-avec-fermeture-eclair\/"},"modified":"2025-01-01T00:00:04","modified_gmt":"2024-12-31T23:00:04","slug":"cagoule-avec-fermeture-eclair","status":"publish","type":"product","link":"https:\/\/www.hml-fetish.de\/shop\/fr\/cagoule-avec-fermeture-eclair\/","title":{"rendered":"Cagoule avec fermeture \u00e9clair"},"content":{"rendered":"<p>Un cuir solide et \u00e9lastique \u00e0 la fois, le nombre de coutures r\u00e9duit au strict minimum pour \u00e9viter des m\u00e2chures et une coupe optimale pour bien mouler la t\u00eate. Tels sont les imp\u00e9ratifs pour une cagoule parfaite et avec ce mod\u00e8le, nos stylistes fr\u00f4lent la perfection.<br \/>\n<BR>Ce masque est fabriqu\u00e9 exclusivement pour nous et tu ne peux l&#8217;obtenir que chez HML Fetish. Une fois que la mati\u00e8re excitante se referme \u00e9troitement autour de ta t\u00eate et que tu inhales le cuir, tu ne voudras plus d&#8217;autre masque !<br \/>\n<BR>Avec fermeture \u00e9clair. Tailles disponibles: S, M, L et XL.<br \/>\n<BR><img decoding=\"async\" src=\"\/GIF\/sizefr_MA.gif\" alt=\"MAK-LEDER tailles de cagoule\" title=\"MAK-LEDER tailles de cagoule\" border=\"0\" height=\"164\" width=\"114\"><\/p>\n","protected":false},"excerpt":{"rendered":"<h4>Cagoule avec fermeture \u00e9clair<\/h4>\n<p>Un cuir solide et \u00e9lastique \u00e0 la fois, le nombre de coutures r\u00e9duit au strict minimum pour \u00e9viter des m\u00e2chures et une coupe optimale pour bien mouler la t\u00eate. Tels sont les imp\u00e9ratifs pour une cagoule parfaite et avec ce mod\u00e8le, nos stylistes fr\u00f4lent la perfection.<\/p>\n","protected":false},"featured_media":17275,"comment_status":"open","ping_status":"closed","template":"","meta":[],"product_brand":[],"product_cat":[732,690,700],"product_tag":[4421,4400],"class_list":{"0":"post-17302","1":"product","2":"type-product","3":"status-publish","4":"has-post-thumbnail","6":"product_cat-best-seller","7":"product_cat-bondage-fr","8":"product_cat-cagoules-etc","9":"product_tag-breath-control-fr","10":"product_tag-hml-fetish-original-fr","11":"product_shipping_class-colis-fr","13":"first","14":"instock","15":"taxable","16":"shipping-taxable","17":"purchasable","18":"product-type-variable"},"_links":{"self":[{"href":"https:\/\/www.hml-fetish.de\/shop\/fr\/wp-json\/wp\/v2\/product\/17302","targetHints":{"allow":["GET"]}}],"collection":[{"href":"https:\/\/www.hml-fetish.de\/shop\/fr\/wp-json\/wp\/v2\/product"}],"about":[{"href":"https:\/\/www.hml-fetish.de\/shop\/fr\/wp-json\/wp\/v2\/types\/product"}],"replies":[{"embeddable":true,"href":"https:\/\/www.hml-fetish.de\/shop\/fr\/wp-json\/wp\/v2\/comments?post=17302"}],"version-history":[{"count":0,"href":"https:\/\/www.hml-fetish.de\/shop\/fr\/wp-json\/wp\/v2\/product\/17302\/revisions"}],"wp:featuredmedia":[{"embeddable":true,"href":"https:\/\/www.hml-fetish.de\/shop\/fr\/wp-json\/wp\/v2\/media\/17275"}],"wp:attachment":[{"href":"https:\/\/www.hml-fetish.de\/shop\/fr\/wp-json\/wp\/v2\/media?parent=17302"}],"wp:term":[{"taxonomy":"product_brand","embeddable":true,"href":"https:\/\/www.hml-fetish.de\/shop\/fr\/wp-json\/wp\/v2\/product_brand?post=17302"},{"taxonomy":"product_cat","embeddable":true,"href":"https:\/\/www.hml-fetish.de\/shop\/fr\/wp-json\/wp\/v2\/product_cat?post=17302"},{"taxonomy":"product_tag","embeddable":true,"href":"https:\/\/www.hml-fetish.de\/shop\/fr\/wp-json\/wp\/v2\/product_tag?post=17302"}],"curies":[{"name":"wp","href":"https:\/\/api.w.org\/{rel}","templated":true}]}}