{"id":17268,"date":"2022-01-23T22:51:57","date_gmt":"2022-01-23T21:51:57","guid":{"rendered":"https:\/\/www.hml-fetish.de\/shop\/cagoule-bourreau-en-cuir\/"},"modified":"2022-01-23T22:51:57","modified_gmt":"2022-01-23T21:51:57","slug":"cagoule-bourreau-en-cuir","status":"publish","type":"product","link":"https:\/\/www.hml-fetish.de\/shop\/fr\/cagoule-bourreau-en-cuir\/","title":{"rendered":"Cagoule bourreau en cuir"},"content":{"rendered":"<p>Un demi-masque en cuir fin d&#8217;un noir profond et brillant de 0,9 mm d&#8217;\u00e9paisseur. Ce masque se ferme et s&#8217;ajuste \u00e0 l&#8217;aide d&#8217;un lacet \u00e0 l&#8217;arri\u00e8re de la t\u00eate. Les masques de ce type \u00e9taient port\u00e9s par les bourreaux et n&#8217;ont pas perdu leur effet intimidant jusqu&#8217;\u00e0 aujourd&#8217;hui.<br \/>\n<BR>Tu peux obtenir ce masque dans les tailles S \u00e0 XL.<br \/>\n<BR><img decoding=\"async\" src=\"\/GIF\/sizefr_MA.gif\" alt=\"tableau de taille\" title=\"tableau de taille\" border=\"0\" height=\"164\" width=\"114\"><\/P><\/p>\n","protected":false},"excerpt":{"rendered":"<h4>Cagoule bourreau en cuir<\/h4>\n<p>Un demi-masque en cuir fin d&#8217;un noir profond et brillant de 0,9 mm d&#8217;\u00e9paisseur. Ce masque se ferme et s&#8217;ajuste \u00e0 l&#8217;aide d&#8217;un lacet \u00e0 l&#8217;arri\u00e8re de la t\u00eate. Les masques de ce type \u00e9taient port\u00e9s par les bourreaux et n&#8217;ont pas perdu leur effet intimidant jusqu&#8217;\u00e0 aujourd&#8217;hui.<\/p>\n","protected":false},"featured_media":17242,"comment_status":"open","ping_status":"closed","template":"","meta":[],"product_brand":[],"product_cat":[700,714,752],"product_tag":[],"class_list":{"0":"post-17268","1":"product","2":"type-product","3":"status-publish","4":"has-post-thumbnail","6":"product_cat-cagoules-etc","7":"product_cat-dungeon-fr","8":"product_cat-fin-de-serie","9":"product_shipping_class-lettre","11":"first","12":"instock","13":"sale","14":"taxable","15":"shipping-taxable","16":"purchasable","17":"product-type-variable"},"_links":{"self":[{"href":"https:\/\/www.hml-fetish.de\/shop\/fr\/wp-json\/wp\/v2\/product\/17268","targetHints":{"allow":["GET"]}}],"collection":[{"href":"https:\/\/www.hml-fetish.de\/shop\/fr\/wp-json\/wp\/v2\/product"}],"about":[{"href":"https:\/\/www.hml-fetish.de\/shop\/fr\/wp-json\/wp\/v2\/types\/product"}],"replies":[{"embeddable":true,"href":"https:\/\/www.hml-fetish.de\/shop\/fr\/wp-json\/wp\/v2\/comments?post=17268"}],"version-history":[{"count":0,"href":"https:\/\/www.hml-fetish.de\/shop\/fr\/wp-json\/wp\/v2\/product\/17268\/revisions"}],"wp:featuredmedia":[{"embeddable":true,"href":"https:\/\/www.hml-fetish.de\/shop\/fr\/wp-json\/wp\/v2\/media\/17242"}],"wp:attachment":[{"href":"https:\/\/www.hml-fetish.de\/shop\/fr\/wp-json\/wp\/v2\/media?parent=17268"}],"wp:term":[{"taxonomy":"product_brand","embeddable":true,"href":"https:\/\/www.hml-fetish.de\/shop\/fr\/wp-json\/wp\/v2\/product_brand?post=17268"},{"taxonomy":"product_cat","embeddable":true,"href":"https:\/\/www.hml-fetish.de\/shop\/fr\/wp-json\/wp\/v2\/product_cat?post=17268"},{"taxonomy":"product_tag","embeddable":true,"href":"https:\/\/www.hml-fetish.de\/shop\/fr\/wp-json\/wp\/v2\/product_tag?post=17268"}],"curies":[{"name":"wp","href":"https:\/\/api.w.org\/{rel}","templated":true}]}}