{"id":17192,"date":"2022-01-23T22:51:57","date_gmt":"2022-01-23T21:51:57","guid":{"rendered":"https:\/\/www.hml-fetish.de\/shop\/cagoule-en-cuir-avec-collier-a-cadenas\/"},"modified":"2022-08-28T15:35:54","modified_gmt":"2022-08-28T13:35:54","slug":"cagoule-en-cuir-avec-collier-a-cadenas","status":"publish","type":"product","link":"https:\/\/www.hml-fetish.de\/shop\/fr\/cagoule-en-cuir-avec-collier-a-cadenas\/","title":{"rendered":"Cagoule en Cuir avec collier \u00e0 cadenas"},"content":{"rendered":"<p>Un cuir solide et \u00e9lastique \u00e0 la fois, le nombre de coutures r\u00e9duit au strict minimum pour \u00e9viter des m\u00e2chures et une coupe optimale pour bien mouler la t\u00eate. Tels sont les imp\u00e9ratifs pour une cagoule parfaite et avec ce mod\u00e8le, nos stylistes fr\u00f4lent la perfection.<br \/>\n<BR>Disponible avec fermeture \u00e9clair et avec un collier \u00e0 cadenas. Tailles disponibles: S, M, L et XL.<br \/>\n<BR><img decoding=\"async\" src=\"\/GIF\/sizefr_MA.gif\" alt=\"MAK-LEDER tailles de cagoule\" title=\"MAK-LEDER tailles de cagoule\" border=\"0\" height=\"164\" width=\"114\"><\/p>\n","protected":false},"excerpt":{"rendered":"<h4>Cagoule en Cuir avec collier \u00e0 cadenas<\/h4>\n<p>Un cuir solide et \u00e9lastique \u00e0 la fois, le nombre de coutures r\u00e9duit au strict minimum pour \u00e9viter des m\u00e2chures et une coupe optimale pour bien mouler la t\u00eate. Tels sont les imp\u00e9ratifs pour une cagoule parfaite et avec ce mod\u00e8le, nos stylistes fr\u00f4lent la perfection.<\/p>\n","protected":false},"featured_media":17155,"comment_status":"open","ping_status":"closed","template":"","meta":[],"product_brand":[],"product_cat":[700,714],"product_tag":[4421,4400],"class_list":{"0":"post-17192","1":"product","2":"type-product","3":"status-publish","4":"has-post-thumbnail","6":"product_cat-cagoules-etc","7":"product_cat-dungeon-fr","8":"product_tag-breath-control-fr","9":"product_tag-hml-fetish-original-fr","10":"product_shipping_class-colis-fr","12":"first","13":"instock","14":"taxable","15":"shipping-taxable","16":"purchasable","17":"product-type-variable"},"_links":{"self":[{"href":"https:\/\/www.hml-fetish.de\/shop\/fr\/wp-json\/wp\/v2\/product\/17192","targetHints":{"allow":["GET"]}}],"collection":[{"href":"https:\/\/www.hml-fetish.de\/shop\/fr\/wp-json\/wp\/v2\/product"}],"about":[{"href":"https:\/\/www.hml-fetish.de\/shop\/fr\/wp-json\/wp\/v2\/types\/product"}],"replies":[{"embeddable":true,"href":"https:\/\/www.hml-fetish.de\/shop\/fr\/wp-json\/wp\/v2\/comments?post=17192"}],"version-history":[{"count":0,"href":"https:\/\/www.hml-fetish.de\/shop\/fr\/wp-json\/wp\/v2\/product\/17192\/revisions"}],"wp:featuredmedia":[{"embeddable":true,"href":"https:\/\/www.hml-fetish.de\/shop\/fr\/wp-json\/wp\/v2\/media\/17155"}],"wp:attachment":[{"href":"https:\/\/www.hml-fetish.de\/shop\/fr\/wp-json\/wp\/v2\/media?parent=17192"}],"wp:term":[{"taxonomy":"product_brand","embeddable":true,"href":"https:\/\/www.hml-fetish.de\/shop\/fr\/wp-json\/wp\/v2\/product_brand?post=17192"},{"taxonomy":"product_cat","embeddable":true,"href":"https:\/\/www.hml-fetish.de\/shop\/fr\/wp-json\/wp\/v2\/product_cat?post=17192"},{"taxonomy":"product_tag","embeddable":true,"href":"https:\/\/www.hml-fetish.de\/shop\/fr\/wp-json\/wp\/v2\/product_tag?post=17192"}],"curies":[{"name":"wp","href":"https:\/\/api.w.org\/{rel}","templated":true}]}}