{"id":17124,"date":"2022-01-23T22:51:58","date_gmt":"2022-01-23T21:51:58","guid":{"rendered":"https:\/\/www.hml-fetish.de\/shop\/masque-puppy-en-neoprene\/"},"modified":"2025-12-03T17:23:01","modified_gmt":"2025-12-03T16:23:01","slug":"masque-puppy-en-similicuir","status":"publish","type":"product","link":"https:\/\/www.hml-fetish.de\/shop\/fr\/masque-puppy-en-similicuir\/","title":{"rendered":"Masque Puppy en similicuir"},"content":{"rendered":"<p>Ce masque-de-chien en similicuir noir est simple, souple et extensible. Le museau se rel\u00e8ve pour permettre \u00e0 ton chiot de boire avec une paille et de manger plus facilement certaines friandises sp\u00e9ciales. Associe-le \u00e0 l&#8217;un de nos harnais de bouledogue pour promener ton chien en laisse. S&#8217;il porte \u00e9galement un Puppy Plug, il passera presque inaper\u00e7u dans la rue. Trois combinaisons de couleurs sont disponibles : noir sur noir, rouge sur noir et bleu sur noir. Taille unique, r\u00e9glable \u00e0 l&#8217;arri\u00e8re.<\/p>\n","protected":false},"excerpt":{"rendered":"<h4>Masque Puppy en similicuir<\/h4>\n<p>Ce masque de chien en similicuir noir est simple, souple et extensible. Le museau se rel\u00e8ve pour permettre \u00e0 ton chiot de boire avec une paille et de manger plus facilement certaines friandises sp\u00e9ciales. Associe-le \u00e0 l&#8217;un de nos harnais de bouledogue pour promener ton chien en laisse. S&#8217;il porte \u00e9galement un Puppy Plug, il passera presque inaper\u00e7u dans la rue.<\/p>\n","protected":false},"featured_media":38996,"comment_status":"open","ping_status":"closed","template":"","meta":[],"product_brand":[],"product_cat":[712,700,736],"product_tag":[],"class_list":{"0":"post-17124","1":"product","2":"type-product","3":"status-publish","4":"has-post-thumbnail","6":"product_cat-pet-play-fr","7":"product_cat-cagoules-etc","8":"product_cat-nouveau-hml","9":"product_shipping_class-colis-fr","11":"first","12":"instock","13":"taxable","14":"shipping-taxable","15":"purchasable","16":"product-type-variable"},"_links":{"self":[{"href":"https:\/\/www.hml-fetish.de\/shop\/fr\/wp-json\/wp\/v2\/product\/17124","targetHints":{"allow":["GET"]}}],"collection":[{"href":"https:\/\/www.hml-fetish.de\/shop\/fr\/wp-json\/wp\/v2\/product"}],"about":[{"href":"https:\/\/www.hml-fetish.de\/shop\/fr\/wp-json\/wp\/v2\/types\/product"}],"replies":[{"embeddable":true,"href":"https:\/\/www.hml-fetish.de\/shop\/fr\/wp-json\/wp\/v2\/comments?post=17124"}],"version-history":[{"count":0,"href":"https:\/\/www.hml-fetish.de\/shop\/fr\/wp-json\/wp\/v2\/product\/17124\/revisions"}],"wp:featuredmedia":[{"embeddable":true,"href":"https:\/\/www.hml-fetish.de\/shop\/fr\/wp-json\/wp\/v2\/media\/38996"}],"wp:attachment":[{"href":"https:\/\/www.hml-fetish.de\/shop\/fr\/wp-json\/wp\/v2\/media?parent=17124"}],"wp:term":[{"taxonomy":"product_brand","embeddable":true,"href":"https:\/\/www.hml-fetish.de\/shop\/fr\/wp-json\/wp\/v2\/product_brand?post=17124"},{"taxonomy":"product_cat","embeddable":true,"href":"https:\/\/www.hml-fetish.de\/shop\/fr\/wp-json\/wp\/v2\/product_cat?post=17124"},{"taxonomy":"product_tag","embeddable":true,"href":"https:\/\/www.hml-fetish.de\/shop\/fr\/wp-json\/wp\/v2\/product_tag?post=17124"}],"curies":[{"name":"wp","href":"https:\/\/api.w.org\/{rel}","templated":true}]}}