{"id":16949,"date":"2022-01-23T22:52:22","date_gmt":"2022-01-23T21:52:22","guid":{"rendered":"https:\/\/www.hml-fetish.de\/shop\/gode-design-42-mm\/"},"modified":"2022-01-23T22:52:22","modified_gmt":"2022-01-23T21:52:22","slug":"gode-design-42-mm","status":"publish","type":"product","link":"https:\/\/www.hml-fetish.de\/shop\/fr\/gode-design-42-mm\/","title":{"rendered":"Gode design 42 mm"},"content":{"rendered":"<p>Voici une nouvelle gode fabriqu\u00e9s en PVC et ne contiennent ni phtalates ni latex. Inodores, non toxiques et faciles \u00e0 nettoyer. Diam\u00e8tre ca. 42 mm et longueur 200 mm.<\/p>\n","protected":false},"excerpt":{"rendered":"<h4>Gode design 42 mm<\/h4>\n<p>Voici une nouvelle gode fabriqu\u00e9s en PVC et ne contiennent ni phtalates ni latex. Inodores, non toxiques et faciles \u00e0 nettoyer. Diam\u00e8tre ca. 42 mm et longueur 200 mm.<\/p>\n","protected":false},"featured_media":16945,"comment_status":"open","ping_status":"closed","template":"","meta":[],"product_brand":[],"product_cat":[684],"product_tag":[],"class_list":{"0":"post-16949","1":"product","2":"type-product","3":"status-publish","4":"has-post-thumbnail","6":"product_cat-godes","7":"product_shipping_class-colis-fr","9":"first","10":"instock","11":"taxable","12":"shipping-taxable","13":"purchasable","14":"product-type-simple"},"_links":{"self":[{"href":"https:\/\/www.hml-fetish.de\/shop\/fr\/wp-json\/wp\/v2\/product\/16949","targetHints":{"allow":["GET"]}}],"collection":[{"href":"https:\/\/www.hml-fetish.de\/shop\/fr\/wp-json\/wp\/v2\/product"}],"about":[{"href":"https:\/\/www.hml-fetish.de\/shop\/fr\/wp-json\/wp\/v2\/types\/product"}],"replies":[{"embeddable":true,"href":"https:\/\/www.hml-fetish.de\/shop\/fr\/wp-json\/wp\/v2\/comments?post=16949"}],"version-history":[{"count":0,"href":"https:\/\/www.hml-fetish.de\/shop\/fr\/wp-json\/wp\/v2\/product\/16949\/revisions"}],"wp:featuredmedia":[{"embeddable":true,"href":"https:\/\/www.hml-fetish.de\/shop\/fr\/wp-json\/wp\/v2\/media\/16945"}],"wp:attachment":[{"href":"https:\/\/www.hml-fetish.de\/shop\/fr\/wp-json\/wp\/v2\/media?parent=16949"}],"wp:term":[{"taxonomy":"product_brand","embeddable":true,"href":"https:\/\/www.hml-fetish.de\/shop\/fr\/wp-json\/wp\/v2\/product_brand?post=16949"},{"taxonomy":"product_cat","embeddable":true,"href":"https:\/\/www.hml-fetish.de\/shop\/fr\/wp-json\/wp\/v2\/product_cat?post=16949"},{"taxonomy":"product_tag","embeddable":true,"href":"https:\/\/www.hml-fetish.de\/shop\/fr\/wp-json\/wp\/v2\/product_tag?post=16949"}],"curies":[{"name":"wp","href":"https:\/\/api.w.org\/{rel}","templated":true}]}}