{"id":16939,"date":"2022-01-23T22:52:22","date_gmt":"2022-01-23T21:52:22","guid":{"rendered":"https:\/\/www.hml-fetish.de\/shop\/casquette-de-super-heros\/"},"modified":"2022-01-23T22:52:22","modified_gmt":"2022-01-23T21:52:22","slug":"casquette-de-super-heros","status":"publish","type":"product","link":"https:\/\/www.hml-fetish.de\/shop\/fr\/casquette-de-super-heros\/","title":{"rendered":"Casquette de super-h\u00e9ros"},"content":{"rendered":"<p>Une casquette de baseball noire bien ajust\u00e9e, compos\u00e9e de 80% de polyacrylique et de 20% de laine. Les segments frontaux sont rigidifi\u00e9s par un insert. La casquette est r\u00e9glable \u00e0 l&#8217;arri\u00e8re \u00e0 l&#8217;aide d&#8217;une bande \u00e0 cliquer. Taille universelle, convient \u00e0 un tour de t\u00eate d&#8217;environ 55 cm \u00e0 60 cm.<br \/>\n<BR>Choisis si tu veux \u00eatre Superman ou Batman ! Quel que soit ton choix, sois conscient de la responsabilit\u00e9 que tu assumes envers l&#8217;humanit\u00e9!<\/p>\n","protected":false},"excerpt":{"rendered":"<h4>Casquette de super-h\u00e9ros<\/h4>\n<p>Une casquette de baseball noire bien ajust\u00e9e, compos\u00e9e de 80% de polyacrylique et de 20% de laine. Les segments frontaux sont rigidifi\u00e9s par un insert. La casquette est r\u00e9glable \u00e0 l&#8217;arri\u00e8re \u00e0 l&#8217;aide d&#8217;une bande \u00e0 cliquer. Taille universelle, convient \u00e0 un tour de t\u00eate d&#8217;environ 55 cm \u00e0 60 cm.<\/p>\n","protected":false},"featured_media":16919,"comment_status":"open","ping_status":"closed","template":"","meta":[],"product_brand":[],"product_cat":[726,631,752],"product_tag":[],"class_list":{"0":"post-16939","1":"product","2":"type-product","3":"status-publish","4":"has-post-thumbnail","6":"product_cat-divers","7":"product_cat-bottes-caps-army","8":"product_cat-fin-de-serie","9":"product_shipping_class-colis-fr","11":"first","12":"instock","13":"sale","14":"taxable","15":"shipping-taxable","16":"purchasable","17":"product-type-variable"},"_links":{"self":[{"href":"https:\/\/www.hml-fetish.de\/shop\/fr\/wp-json\/wp\/v2\/product\/16939","targetHints":{"allow":["GET"]}}],"collection":[{"href":"https:\/\/www.hml-fetish.de\/shop\/fr\/wp-json\/wp\/v2\/product"}],"about":[{"href":"https:\/\/www.hml-fetish.de\/shop\/fr\/wp-json\/wp\/v2\/types\/product"}],"replies":[{"embeddable":true,"href":"https:\/\/www.hml-fetish.de\/shop\/fr\/wp-json\/wp\/v2\/comments?post=16939"}],"version-history":[{"count":0,"href":"https:\/\/www.hml-fetish.de\/shop\/fr\/wp-json\/wp\/v2\/product\/16939\/revisions"}],"wp:featuredmedia":[{"embeddable":true,"href":"https:\/\/www.hml-fetish.de\/shop\/fr\/wp-json\/wp\/v2\/media\/16919"}],"wp:attachment":[{"href":"https:\/\/www.hml-fetish.de\/shop\/fr\/wp-json\/wp\/v2\/media?parent=16939"}],"wp:term":[{"taxonomy":"product_brand","embeddable":true,"href":"https:\/\/www.hml-fetish.de\/shop\/fr\/wp-json\/wp\/v2\/product_brand?post=16939"},{"taxonomy":"product_cat","embeddable":true,"href":"https:\/\/www.hml-fetish.de\/shop\/fr\/wp-json\/wp\/v2\/product_cat?post=16939"},{"taxonomy":"product_tag","embeddable":true,"href":"https:\/\/www.hml-fetish.de\/shop\/fr\/wp-json\/wp\/v2\/product_tag?post=16939"}],"curies":[{"name":"wp","href":"https:\/\/api.w.org\/{rel}","templated":true}]}}