{"id":16916,"date":"2022-01-23T22:52:22","date_gmt":"2022-01-23T21:52:22","guid":{"rendered":"https:\/\/www.hml-fetish.de\/shop\/casquette-en-cuir\/"},"modified":"2022-10-27T13:09:51","modified_gmt":"2022-10-27T11:09:51","slug":"casquette-en-cuir","status":"publish","type":"product","link":"https:\/\/www.hml-fetish.de\/shop\/fr\/casquette-en-cuir\/","title":{"rendered":"Casquette en cuir"},"content":{"rendered":"<p>Cette casquette haut de gamme et fabriqu\u00e9e en Allemagne unit un cuir souple mais durable avec une coupe s\u00e9ante. La visi\u00e8re en cuir ajoute au look cuir. Disponible en tailles M (pour une circonf\u00e9rence de t\u00eate de 55 \u00e0 58 cm) et L (pour une coirconf\u00e9rence de t\u00eate de 58 \u00e0 61 cm).<\/p>\n","protected":false},"excerpt":{"rendered":"<h4>Casquette en cuir<\/h4>\n<p>Cette casquette haut de gamme et fabriqu\u00e9e en Allemagne unit un cuir souple mais durable avec une coupe s\u00e9ante. La visi\u00e8re en cuir ajoute au look cuir.<\/p>\n","protected":false},"featured_media":16907,"comment_status":"open","ping_status":"closed","template":"","meta":[],"product_brand":[],"product_cat":[3789,732,631],"product_tag":[4400],"class_list":{"0":"post-16916","1":"product","2":"type-product","3":"status-publish","4":"has-post-thumbnail","6":"product_cat-casquettes","7":"product_cat-best-seller","8":"product_cat-bottes-caps-army","9":"product_tag-hml-fetish-original-fr","10":"product_shipping_class-colis-fr","12":"first","13":"instock","14":"taxable","15":"shipping-taxable","16":"purchasable","17":"product-type-variable"},"_links":{"self":[{"href":"https:\/\/www.hml-fetish.de\/shop\/fr\/wp-json\/wp\/v2\/product\/16916","targetHints":{"allow":["GET"]}}],"collection":[{"href":"https:\/\/www.hml-fetish.de\/shop\/fr\/wp-json\/wp\/v2\/product"}],"about":[{"href":"https:\/\/www.hml-fetish.de\/shop\/fr\/wp-json\/wp\/v2\/types\/product"}],"replies":[{"embeddable":true,"href":"https:\/\/www.hml-fetish.de\/shop\/fr\/wp-json\/wp\/v2\/comments?post=16916"}],"version-history":[{"count":0,"href":"https:\/\/www.hml-fetish.de\/shop\/fr\/wp-json\/wp\/v2\/product\/16916\/revisions"}],"wp:featuredmedia":[{"embeddable":true,"href":"https:\/\/www.hml-fetish.de\/shop\/fr\/wp-json\/wp\/v2\/media\/16907"}],"wp:attachment":[{"href":"https:\/\/www.hml-fetish.de\/shop\/fr\/wp-json\/wp\/v2\/media?parent=16916"}],"wp:term":[{"taxonomy":"product_brand","embeddable":true,"href":"https:\/\/www.hml-fetish.de\/shop\/fr\/wp-json\/wp\/v2\/product_brand?post=16916"},{"taxonomy":"product_cat","embeddable":true,"href":"https:\/\/www.hml-fetish.de\/shop\/fr\/wp-json\/wp\/v2\/product_cat?post=16916"},{"taxonomy":"product_tag","embeddable":true,"href":"https:\/\/www.hml-fetish.de\/shop\/fr\/wp-json\/wp\/v2\/product_tag?post=16916"}],"curies":[{"name":"wp","href":"https:\/\/api.w.org\/{rel}","templated":true}]}}