{"id":16896,"date":"2022-01-23T22:52:23","date_gmt":"2022-01-23T21:52:23","guid":{"rendered":"https:\/\/www.hml-fetish.de\/shop\/casquette-rebel\/"},"modified":"2022-10-27T13:06:32","modified_gmt":"2022-10-27T11:06:32","slug":"casquette-rebel","status":"publish","type":"product","link":"https:\/\/www.hml-fetish.de\/shop\/fr\/casquette-rebel\/","title":{"rendered":"Casquette Rebel"},"content":{"rendered":"<p>Une casquette sexy en cuir mat noir, r\u00e9glable derri\u00e8re avec des lacets, non doubl\u00e9e. La coupe est celle port\u00e9e par les soldats du c\u00f4t\u00e9 des Conf\u00e9d\u00e9r\u00e9s dans la guerre de s\u00e9cession am\u00e9ricaine entre 1861 et 1865. Disponible en tailles M (pour une circonf\u00e9rence de t\u00eate de 55 \u00e0 58 cm) et L (pour une coirconf\u00e9rence de t\u00eate de 58 \u00e0 61 cm).<\/p>\n","protected":false},"excerpt":{"rendered":"<h4>Casquette Rebel<\/h4>\n<p>Une casquette sexy en cuir mat noir, r\u00e9glable derri\u00e8re avec des lacets, non doubl\u00e9e. La coupe est celle port\u00e9e par les soldats du c\u00f4t\u00e9 des Conf\u00e9d\u00e9r\u00e9s dans la guerre de s\u00e9cession am\u00e9ricaine entre 1861 et 1865. Disponible en tailles M (pour une circonf\u00e9rence de t\u00eate de 55 \u00e0 58 cm) et L (pour une coirconf\u00e9rence de t\u00eate de 58 \u00e0 61 cm).<\/p>\n","protected":false},"featured_media":16877,"comment_status":"open","ping_status":"closed","template":"","meta":[],"product_brand":[],"product_cat":[3789,631],"product_tag":[4400],"class_list":{"0":"post-16896","1":"product","2":"type-product","3":"status-publish","4":"has-post-thumbnail","6":"product_cat-casquettes","7":"product_cat-bottes-caps-army","8":"product_tag-hml-fetish-original-fr","9":"product_shipping_class-colis-fr","11":"first","12":"instock","13":"taxable","14":"shipping-taxable","15":"purchasable","16":"product-type-variable"},"_links":{"self":[{"href":"https:\/\/www.hml-fetish.de\/shop\/fr\/wp-json\/wp\/v2\/product\/16896","targetHints":{"allow":["GET"]}}],"collection":[{"href":"https:\/\/www.hml-fetish.de\/shop\/fr\/wp-json\/wp\/v2\/product"}],"about":[{"href":"https:\/\/www.hml-fetish.de\/shop\/fr\/wp-json\/wp\/v2\/types\/product"}],"replies":[{"embeddable":true,"href":"https:\/\/www.hml-fetish.de\/shop\/fr\/wp-json\/wp\/v2\/comments?post=16896"}],"version-history":[{"count":0,"href":"https:\/\/www.hml-fetish.de\/shop\/fr\/wp-json\/wp\/v2\/product\/16896\/revisions"}],"wp:featuredmedia":[{"embeddable":true,"href":"https:\/\/www.hml-fetish.de\/shop\/fr\/wp-json\/wp\/v2\/media\/16877"}],"wp:attachment":[{"href":"https:\/\/www.hml-fetish.de\/shop\/fr\/wp-json\/wp\/v2\/media?parent=16896"}],"wp:term":[{"taxonomy":"product_brand","embeddable":true,"href":"https:\/\/www.hml-fetish.de\/shop\/fr\/wp-json\/wp\/v2\/product_brand?post=16896"},{"taxonomy":"product_cat","embeddable":true,"href":"https:\/\/www.hml-fetish.de\/shop\/fr\/wp-json\/wp\/v2\/product_cat?post=16896"},{"taxonomy":"product_tag","embeddable":true,"href":"https:\/\/www.hml-fetish.de\/shop\/fr\/wp-json\/wp\/v2\/product_tag?post=16896"}],"curies":[{"name":"wp","href":"https:\/\/api.w.org\/{rel}","templated":true}]}}