{"id":16743,"date":"2022-01-23T22:52:24","date_gmt":"2022-01-23T21:52:24","guid":{"rendered":"https:\/\/www.hml-fetish.de\/shop\/casquette-en-cuir-avec-coupe-octangulaire\/"},"modified":"2023-03-18T13:47:38","modified_gmt":"2023-03-18T12:47:38","slug":"casquette-en-cuir-avec-coupe-octangulaire","status":"publish","type":"product","link":"https:\/\/www.hml-fetish.de\/shop\/fr\/casquette-en-cuir-avec-coupe-octangulaire\/","title":{"rendered":"Casquette en cuir avec coupe octangulaire"},"content":{"rendered":"<p>Du cuir noir, luisant et souple, travaill\u00e9 de mani\u00e8re artisanale avec une visi\u00e8re plastifi\u00e9e, avec un bandeau et doubl\u00e9 au satin. M\u00eame le jugulaire est en cuir. Disponible en tailles de 55 \u00e0 62 (taille de chapeau = circonf\u00e9renc de la t\u00eate). Cette casquette est vendue exclusivement chez nous et est disponible en forme octogonale dans le style des flics am\u00e9ricains (SFPD et NYPD).<br \/>\n<BR><img decoding=\"async\" src=\"\/GIF\/sizefr_MA.gif\" alt=\"tableau des tailles\" title=\"tableau des tailles\" border=\"0\" height=\"164\" width=\"114\"><\/p>\n","protected":false},"excerpt":{"rendered":"<h4>Casquette en cuir avec coupe octangulaire<\/h4>\n<p>Du cuir noir, luisant et souple, travaill\u00e9 de mani\u00e8re artisanale avec une visi\u00e8re plastifi\u00e9e, avec un bandeau et doubl\u00e9 au satin. M\u00eame le jugulaire est en cuir. Disponible en tailles de 55 \u00e0 62 (taille de chapeau = circonf\u00e9renc de la t\u00eate).<\/p>\n","protected":false},"featured_media":16711,"comment_status":"open","ping_status":"closed","template":"","meta":[],"product_brand":[],"product_cat":[649,3789,752,734],"product_tag":[4400],"class_list":{"0":"post-16743","1":"product","2":"type-product","3":"status-publish","4":"has-post-thumbnail","6":"product_cat-accessoires-fr","7":"product_cat-casquettes","8":"product_cat-fin-de-serie","9":"product_cat-promotion","10":"product_tag-hml-fetish-original-fr","11":"product_shipping_class-colis-fr","13":"first","14":"instock","15":"sale","16":"taxable","17":"shipping-taxable","18":"purchasable","19":"product-type-variable"},"_links":{"self":[{"href":"https:\/\/www.hml-fetish.de\/shop\/fr\/wp-json\/wp\/v2\/product\/16743","targetHints":{"allow":["GET"]}}],"collection":[{"href":"https:\/\/www.hml-fetish.de\/shop\/fr\/wp-json\/wp\/v2\/product"}],"about":[{"href":"https:\/\/www.hml-fetish.de\/shop\/fr\/wp-json\/wp\/v2\/types\/product"}],"replies":[{"embeddable":true,"href":"https:\/\/www.hml-fetish.de\/shop\/fr\/wp-json\/wp\/v2\/comments?post=16743"}],"version-history":[{"count":0,"href":"https:\/\/www.hml-fetish.de\/shop\/fr\/wp-json\/wp\/v2\/product\/16743\/revisions"}],"wp:featuredmedia":[{"embeddable":true,"href":"https:\/\/www.hml-fetish.de\/shop\/fr\/wp-json\/wp\/v2\/media\/16711"}],"wp:attachment":[{"href":"https:\/\/www.hml-fetish.de\/shop\/fr\/wp-json\/wp\/v2\/media?parent=16743"}],"wp:term":[{"taxonomy":"product_brand","embeddable":true,"href":"https:\/\/www.hml-fetish.de\/shop\/fr\/wp-json\/wp\/v2\/product_brand?post=16743"},{"taxonomy":"product_cat","embeddable":true,"href":"https:\/\/www.hml-fetish.de\/shop\/fr\/wp-json\/wp\/v2\/product_cat?post=16743"},{"taxonomy":"product_tag","embeddable":true,"href":"https:\/\/www.hml-fetish.de\/shop\/fr\/wp-json\/wp\/v2\/product_tag?post=16743"}],"curies":[{"name":"wp","href":"https:\/\/api.w.org\/{rel}","templated":true}]}}