{"id":16579,"date":"2022-01-23T22:52:25","date_gmt":"2022-01-23T21:52:25","guid":{"rendered":"https:\/\/www.hml-fetish.de\/shop\/calot-en-cuir-avec-passepoil-en-couleur\/"},"modified":"2022-01-23T22:52:25","modified_gmt":"2022-01-23T21:52:25","slug":"calot-en-cuir-avec-passepoil-en-couleur","status":"publish","type":"product","link":"https:\/\/www.hml-fetish.de\/shop\/fr\/calot-en-cuir-avec-passepoil-en-couleur\/","title":{"rendered":"Calot en cuir avec passepoil en couleur"},"content":{"rendered":"<p>Voici ce qui nous parvient de la Marine: un calot de la Marine Allemande, fait \u00e0 main en cuir luisant. Disponibles en tailles allemandes de couvre-chef pour des tours de t\u00eate de 55 cm \u00e0 62 cm et avec passepoils en coloris.<br \/>\n<BR><img decoding=\"async\" src=\"\/GIF\/sizefr_MA.gif\" alt=\"tableau des tailles\" title=\"tableau des tailles\" border=\"0\" height=\"164\" width=\"114\"><\/p>\n","protected":false},"excerpt":{"rendered":"<h4>Calot en cuir avec passepoil en couleur<\/h4>\n<p>Voici ce qui nous parvient de la Marine: un calot de la Marine Allemande, fait \u00e0 main en cuir luisant. Disponibles en tailles allemandes de couvre-chef pour des tours de t\u00eate de 55 cm \u00e0 62 cm et avec passepoils en coloris.<\/p>\n","protected":false},"featured_media":16458,"comment_status":"open","ping_status":"closed","template":"","meta":[],"product_brand":[],"product_cat":[3789,631,736],"product_tag":[4400],"class_list":{"0":"post-16579","1":"product","2":"type-product","3":"status-publish","4":"has-post-thumbnail","6":"product_cat-casquettes","7":"product_cat-bottes-caps-army","8":"product_cat-nouveau-hml","9":"product_tag-hml-fetish-original-fr","10":"product_shipping_class-lettre","12":"first","13":"instock","14":"taxable","15":"shipping-taxable","16":"purchasable","17":"product-type-variable"},"_links":{"self":[{"href":"https:\/\/www.hml-fetish.de\/shop\/fr\/wp-json\/wp\/v2\/product\/16579","targetHints":{"allow":["GET"]}}],"collection":[{"href":"https:\/\/www.hml-fetish.de\/shop\/fr\/wp-json\/wp\/v2\/product"}],"about":[{"href":"https:\/\/www.hml-fetish.de\/shop\/fr\/wp-json\/wp\/v2\/types\/product"}],"replies":[{"embeddable":true,"href":"https:\/\/www.hml-fetish.de\/shop\/fr\/wp-json\/wp\/v2\/comments?post=16579"}],"version-history":[{"count":0,"href":"https:\/\/www.hml-fetish.de\/shop\/fr\/wp-json\/wp\/v2\/product\/16579\/revisions"}],"wp:featuredmedia":[{"embeddable":true,"href":"https:\/\/www.hml-fetish.de\/shop\/fr\/wp-json\/wp\/v2\/media\/16458"}],"wp:attachment":[{"href":"https:\/\/www.hml-fetish.de\/shop\/fr\/wp-json\/wp\/v2\/media?parent=16579"}],"wp:term":[{"taxonomy":"product_brand","embeddable":true,"href":"https:\/\/www.hml-fetish.de\/shop\/fr\/wp-json\/wp\/v2\/product_brand?post=16579"},{"taxonomy":"product_cat","embeddable":true,"href":"https:\/\/www.hml-fetish.de\/shop\/fr\/wp-json\/wp\/v2\/product_cat?post=16579"},{"taxonomy":"product_tag","embeddable":true,"href":"https:\/\/www.hml-fetish.de\/shop\/fr\/wp-json\/wp\/v2\/product_tag?post=16579"}],"curies":[{"name":"wp","href":"https:\/\/api.w.org\/{rel}","templated":true}]}}