{"id":16411,"date":"2022-01-23T22:52:26","date_gmt":"2022-01-23T21:52:26","guid":{"rendered":"https:\/\/www.hml-fetish.de\/shop\/bracelet-musculaire-en-cuir-avec-boutons-pression\/"},"modified":"2022-01-23T22:52:26","modified_gmt":"2022-01-23T21:52:26","slug":"bracelet-musculaire-en-cuir-avec-boutons-pression","status":"publish","type":"product","link":"https:\/\/www.hml-fetish.de\/shop\/fr\/bracelet-musculaire-en-cuir-avec-boutons-pression\/","title":{"rendered":"Bracelet musculaire en cuir avec boutons-pression"},"content":{"rendered":"<p>Un bracelet sup\u00e9rieur de 40 mm de large, fabriqu\u00e9 selon la technique de fabrication typique de nos ceintures. En cuir sup\u00e9rieur nappa de b\u0153uf souple et recourb\u00e9. Cela la rend plus solide, plus souple et plus durable que celles propos\u00e9es ailleurs en bandes de cuir vierge d\u00e9coup\u00e9es.<\/P><P>R\u00e9glable \u00e0 l&#8217;aide de boutons-pression inoxydables et sans nickel. Le m\u00e9tal non allerg\u00e8ne est le mat\u00e9riau des boutons. Disponible dans les tailles M, L, XL et XXL ainsi que dans les tailles interm\u00e9diaires M-L, L-XL et XL-XXL. Tu peux aussi utiliser les plus grandes tailles comme simple collier ! Pour le mettre, tu fais glisser le bracelet boutonn\u00e9 vers le haut sur le bras d\u00e9tendu.<br \/>\n<BR><img decoding=\"async\" src=\"\/GIF\/sizefr_OA.gif\" alt=\"tableau des tailles\" title=\"tableau des tailles\" border=\"0\" height=\"225\" width=\"153\"><\/P><br \/>\n<BR><img decoding=\"async\" src=\"\/GIF\/size_OA.gif\" alt=\"Gr\u00f6\u00dfentabelle\" title=\"Gr\u00f6\u00dfentabelle\" border=\"0\" height=\"225\" width=\"153\"><\/p>\n","protected":false},"excerpt":{"rendered":"<h4>Bracelet musculaire en cuir avec boutons-pression<\/h4>\n<p>Un bracelet sup\u00e9rieur de 40 mm de large, fabriqu\u00e9 selon la technique de fabrication typique de nos ceintures. En cuir sup\u00e9rieur nappa de b\u0153uf souple et recourb\u00e9. Cela la rend plus solide, plus souple et plus durable que celles propos\u00e9es ailleurs en bandes de cuir vierge d\u00e9coup\u00e9es.<\/p>\n","protected":false},"featured_media":16386,"comment_status":"open","ping_status":"closed","template":"","meta":[],"product_brand":[],"product_cat":[634,732,604],"product_tag":[4400],"class_list":{"0":"post-16411","1":"product","2":"type-product","3":"status-publish","4":"has-post-thumbnail","6":"product_cat-accessoires-army","7":"product_cat-best-seller","8":"product_cat-bracelets","9":"product_tag-hml-fetish-original-fr","10":"product_shipping_class-lettre","12":"first","13":"instock","14":"taxable","15":"shipping-taxable","16":"purchasable","17":"product-type-variable"},"_links":{"self":[{"href":"https:\/\/www.hml-fetish.de\/shop\/fr\/wp-json\/wp\/v2\/product\/16411","targetHints":{"allow":["GET"]}}],"collection":[{"href":"https:\/\/www.hml-fetish.de\/shop\/fr\/wp-json\/wp\/v2\/product"}],"about":[{"href":"https:\/\/www.hml-fetish.de\/shop\/fr\/wp-json\/wp\/v2\/types\/product"}],"replies":[{"embeddable":true,"href":"https:\/\/www.hml-fetish.de\/shop\/fr\/wp-json\/wp\/v2\/comments?post=16411"}],"version-history":[{"count":0,"href":"https:\/\/www.hml-fetish.de\/shop\/fr\/wp-json\/wp\/v2\/product\/16411\/revisions"}],"wp:featuredmedia":[{"embeddable":true,"href":"https:\/\/www.hml-fetish.de\/shop\/fr\/wp-json\/wp\/v2\/media\/16386"}],"wp:attachment":[{"href":"https:\/\/www.hml-fetish.de\/shop\/fr\/wp-json\/wp\/v2\/media?parent=16411"}],"wp:term":[{"taxonomy":"product_brand","embeddable":true,"href":"https:\/\/www.hml-fetish.de\/shop\/fr\/wp-json\/wp\/v2\/product_brand?post=16411"},{"taxonomy":"product_cat","embeddable":true,"href":"https:\/\/www.hml-fetish.de\/shop\/fr\/wp-json\/wp\/v2\/product_cat?post=16411"},{"taxonomy":"product_tag","embeddable":true,"href":"https:\/\/www.hml-fetish.de\/shop\/fr\/wp-json\/wp\/v2\/product_tag?post=16411"}],"curies":[{"name":"wp","href":"https:\/\/api.w.org\/{rel}","templated":true}]}}