{"id":16381,"date":"2022-01-23T22:52:26","date_gmt":"2022-01-23T21:52:26","guid":{"rendered":"https:\/\/www.hml-fetish.de\/shop\/bracelet-en-cuir-avec-boucle\/"},"modified":"2022-01-23T22:52:26","modified_gmt":"2022-01-23T21:52:26","slug":"bracelet-en-cuir-avec-boucle","status":"publish","type":"product","link":"https:\/\/www.hml-fetish.de\/shop\/fr\/bracelet-en-cuir-avec-boucle\/","title":{"rendered":"Bracelet en cuir avec boucle"},"content":{"rendered":"<p>Tout frais sorti de notre atelier : un gros et \u00e9pais bracelet de bras avec boucle. Du pur porno si tu es sur la piste de danse avec. Des rivets inoxydables et sans nickel. Une taille universelle. Deux largeurs : 5 cm (rivet\u00e9e sur une rang\u00e9e) et 6 cm (rivet\u00e9e sur deux rang\u00e9es).<\/p>\n","protected":false},"excerpt":{"rendered":"<h4>Bracelet en cuir avec boucle<\/h4>\n<p>Tout frais sorti de notre atelier : un gros et \u00e9pais bracelet de bras avec boucle. Du pur porno si tu es sur la piste de danse avec. Des rivets inoxydables et sans nickel. Une taille universelle. Deux largeurs : 5 cm (rivet\u00e9e sur une rang\u00e9e) et 6 cm (rivet\u00e9e sur deux rang\u00e9es).<\/p>\n","protected":false},"featured_media":16358,"comment_status":"open","ping_status":"closed","template":"","meta":[],"product_brand":[],"product_cat":[634,604,736],"product_tag":[4400],"class_list":{"0":"post-16381","1":"product","2":"type-product","3":"status-publish","4":"has-post-thumbnail","6":"product_cat-accessoires-army","7":"product_cat-bracelets","8":"product_cat-nouveau-hml","9":"product_tag-hml-fetish-original-fr","10":"product_shipping_class-colis-fr","12":"first","13":"instock","14":"taxable","15":"shipping-taxable","16":"purchasable","17":"product-type-variable"},"_links":{"self":[{"href":"https:\/\/www.hml-fetish.de\/shop\/fr\/wp-json\/wp\/v2\/product\/16381","targetHints":{"allow":["GET"]}}],"collection":[{"href":"https:\/\/www.hml-fetish.de\/shop\/fr\/wp-json\/wp\/v2\/product"}],"about":[{"href":"https:\/\/www.hml-fetish.de\/shop\/fr\/wp-json\/wp\/v2\/types\/product"}],"replies":[{"embeddable":true,"href":"https:\/\/www.hml-fetish.de\/shop\/fr\/wp-json\/wp\/v2\/comments?post=16381"}],"version-history":[{"count":0,"href":"https:\/\/www.hml-fetish.de\/shop\/fr\/wp-json\/wp\/v2\/product\/16381\/revisions"}],"wp:featuredmedia":[{"embeddable":true,"href":"https:\/\/www.hml-fetish.de\/shop\/fr\/wp-json\/wp\/v2\/media\/16358"}],"wp:attachment":[{"href":"https:\/\/www.hml-fetish.de\/shop\/fr\/wp-json\/wp\/v2\/media?parent=16381"}],"wp:term":[{"taxonomy":"product_brand","embeddable":true,"href":"https:\/\/www.hml-fetish.de\/shop\/fr\/wp-json\/wp\/v2\/product_brand?post=16381"},{"taxonomy":"product_cat","embeddable":true,"href":"https:\/\/www.hml-fetish.de\/shop\/fr\/wp-json\/wp\/v2\/product_cat?post=16381"},{"taxonomy":"product_tag","embeddable":true,"href":"https:\/\/www.hml-fetish.de\/shop\/fr\/wp-json\/wp\/v2\/product_tag?post=16381"}],"curies":[{"name":"wp","href":"https:\/\/api.w.org\/{rel}","templated":true}]}}