{"id":16307,"date":"2022-01-23T22:52:28","date_gmt":"2022-01-23T21:52:28","guid":{"rendered":"https:\/\/www.hml-fetish.de\/shop\/bracelet-musculaire-code-avec-bande-en-couleur\/"},"modified":"2022-03-17T14:08:03","modified_gmt":"2022-03-17T13:08:03","slug":"bracelet-musculaire-code-avec-bande-en-couleur","status":"publish","type":"product","link":"https:\/\/www.hml-fetish.de\/shop\/fr\/bracelet-musculaire-code-avec-bande-en-couleur\/","title":{"rendered":"Bracelet musculaire code avec bande en couleur"},"content":{"rendered":"<p>Environ 40 mm de large. Cuir noir brillant \u00e0 l&#8217;ext\u00e9rieur. La bande int\u00e9rieure est en cuir de couleur. Toujours facile \u00e0 ajuster en taille gr\u00e2ce \u00e0 deux boutons pression lourds sans nickel (m\u00e9tal non allerg\u00e9nique) et trois contreparties. Une bande pour la partie sup\u00e9rieure du bras est simplement boutonn\u00e9e et pouss\u00e9e par-dessus le bras tendu dans le creux entre le biceps et le delto\u00efde. Conseil : les grandes tailles peuvent servir de !<br \/>\n<BR><img decoding=\"async\" src=\"\/GIF\/size_OA.gif\" alt=\"Gr\u00f6\u00dfentabelle\" title=\"Gr\u00f6\u00dfentabelle\" border=\"0\" height=\"225\" width=\"153\"><\/p>\n","protected":false},"excerpt":{"rendered":"<h4>Bracelet musculaire code avec bande en couleur<\/h4>\n<p>Environ 40 mm de large. Cuir noir brillant \u00e0 l&#8217;ext\u00e9rieur. La bande int\u00e9rieure est en cuir de couleur. Toujours facile \u00e0 ajuster en taille gr\u00e2ce \u00e0 deux boutons pression lourds sans nickel et trois contreparties. Une bande pour la partie sup\u00e9rieure du bras est simplement boutonn\u00e9e et pouss\u00e9e par-dessus le bras tendu dans le creux entre le biceps et le delto\u00efde. Conseil : les grandes tailles peuvent servir de !<\/p>\n","protected":false},"featured_media":16191,"comment_status":"open","ping_status":"closed","template":"","meta":[],"product_brand":[],"product_cat":[732,604,721,734],"product_tag":[4400],"class_list":{"0":"post-16307","1":"product","2":"type-product","3":"status-publish","4":"has-post-thumbnail","6":"product_cat-best-seller","7":"product_cat-bracelets","8":"product_cat-gay-pride-fr","9":"product_cat-promotion","10":"product_tag-hml-fetish-original-fr","11":"product_shipping_class-lettre","13":"first","14":"instock","15":"taxable","16":"shipping-taxable","17":"purchasable","18":"product-type-variable"},"_links":{"self":[{"href":"https:\/\/www.hml-fetish.de\/shop\/fr\/wp-json\/wp\/v2\/product\/16307","targetHints":{"allow":["GET"]}}],"collection":[{"href":"https:\/\/www.hml-fetish.de\/shop\/fr\/wp-json\/wp\/v2\/product"}],"about":[{"href":"https:\/\/www.hml-fetish.de\/shop\/fr\/wp-json\/wp\/v2\/types\/product"}],"replies":[{"embeddable":true,"href":"https:\/\/www.hml-fetish.de\/shop\/fr\/wp-json\/wp\/v2\/comments?post=16307"}],"version-history":[{"count":0,"href":"https:\/\/www.hml-fetish.de\/shop\/fr\/wp-json\/wp\/v2\/product\/16307\/revisions"}],"wp:featuredmedia":[{"embeddable":true,"href":"https:\/\/www.hml-fetish.de\/shop\/fr\/wp-json\/wp\/v2\/media\/16191"}],"wp:attachment":[{"href":"https:\/\/www.hml-fetish.de\/shop\/fr\/wp-json\/wp\/v2\/media?parent=16307"}],"wp:term":[{"taxonomy":"product_brand","embeddable":true,"href":"https:\/\/www.hml-fetish.de\/shop\/fr\/wp-json\/wp\/v2\/product_brand?post=16307"},{"taxonomy":"product_cat","embeddable":true,"href":"https:\/\/www.hml-fetish.de\/shop\/fr\/wp-json\/wp\/v2\/product_cat?post=16307"},{"taxonomy":"product_tag","embeddable":true,"href":"https:\/\/www.hml-fetish.de\/shop\/fr\/wp-json\/wp\/v2\/product_tag?post=16307"}],"curies":[{"name":"wp","href":"https:\/\/api.w.org\/{rel}","templated":true}]}}