{"id":16173,"date":"2022-01-23T22:52:47","date_gmt":"2022-01-23T21:52:47","guid":{"rendered":"https:\/\/www.hml-fetish.de\/shop\/silicone-cock-and-ballstretcher-fr\/"},"modified":"2022-01-23T22:52:47","modified_gmt":"2022-01-23T21:52:47","slug":"silicone-cock-and-ballstretcher-fr","status":"publish","type":"product","link":"https:\/\/www.hml-fetish.de\/shop\/fr\/silicone-cock-and-ballstretcher-fr\/","title":{"rendered":"Silicone Cock and Ballstretcher"},"content":{"rendered":"<p>Cette manchette noire en mati\u00e8re synth\u00e9tique silicone n&#8217;exerce pas seulement une pression sur ta queue, mais aussi sur tes couilles. Comme elle est super extensible, elle s&#8217;adapte \u00e0 tous les appareils. Plus c&#8217;est grand, plus c&#8217;est efficace. Si tu tires un peu sur la fine bande \u00e9lastique qui se trouve sur les couilles et que tu la laisses retomber, le porteur entend les petits anges chanter dans le ciel\u2026<br \/>\n<\/P><P>Fabriqu\u00e9 aux \u00c9tats-Unis dans un mat\u00e9riau extr\u00eamement r\u00e9sistant. Taille universelle. Nettoyage \u00e0 l&#8217;eau ti\u00e8de et au savon doux. Compatible avec tous les lubrifiants.<\/p>\n","protected":false},"excerpt":{"rendered":"<h4>Silicone Cock and Ballstretcher<\/h4>\n<p>Cette manchette noire en mati\u00e8re synth\u00e9tique silicone n&#8217;exerce pas seulement une pression sur ta queue, mais aussi sur tes couilles. Comme elle est super extensible, elle s&#8217;adapte \u00e0 tous les appareils. Plus c&#8217;est grand, plus c&#8217;est efficace. Si tu tires un peu sur la fine bande \u00e9lastique qui se trouve sur les couilles et que tu la laisses retomber, le porteur entend les petits anges chanter dans le ciel\u2026<\/p>\n","protected":false},"featured_media":16158,"comment_status":"open","ping_status":"closed","template":"","meta":[],"product_brand":[],"product_cat":[697,678],"product_tag":[3923],"class_list":{"0":"post-16173","1":"product","2":"type-product","3":"status-publish","4":"has-post-thumbnail","6":"product_cat-cbt-fr","7":"product_cat-cock-halter-fr","8":"product_tag-oxballs-fr","9":"product_shipping_class-colis-fr","11":"first","12":"instock","13":"taxable","14":"shipping-taxable","15":"purchasable","16":"product-type-simple"},"_links":{"self":[{"href":"https:\/\/www.hml-fetish.de\/shop\/fr\/wp-json\/wp\/v2\/product\/16173","targetHints":{"allow":["GET"]}}],"collection":[{"href":"https:\/\/www.hml-fetish.de\/shop\/fr\/wp-json\/wp\/v2\/product"}],"about":[{"href":"https:\/\/www.hml-fetish.de\/shop\/fr\/wp-json\/wp\/v2\/types\/product"}],"replies":[{"embeddable":true,"href":"https:\/\/www.hml-fetish.de\/shop\/fr\/wp-json\/wp\/v2\/comments?post=16173"}],"version-history":[{"count":0,"href":"https:\/\/www.hml-fetish.de\/shop\/fr\/wp-json\/wp\/v2\/product\/16173\/revisions"}],"wp:featuredmedia":[{"embeddable":true,"href":"https:\/\/www.hml-fetish.de\/shop\/fr\/wp-json\/wp\/v2\/media\/16158"}],"wp:attachment":[{"href":"https:\/\/www.hml-fetish.de\/shop\/fr\/wp-json\/wp\/v2\/media?parent=16173"}],"wp:term":[{"taxonomy":"product_brand","embeddable":true,"href":"https:\/\/www.hml-fetish.de\/shop\/fr\/wp-json\/wp\/v2\/product_brand?post=16173"},{"taxonomy":"product_cat","embeddable":true,"href":"https:\/\/www.hml-fetish.de\/shop\/fr\/wp-json\/wp\/v2\/product_cat?post=16173"},{"taxonomy":"product_tag","embeddable":true,"href":"https:\/\/www.hml-fetish.de\/shop\/fr\/wp-json\/wp\/v2\/product_tag?post=16173"}],"curies":[{"name":"wp","href":"https:\/\/api.w.org\/{rel}","templated":true}]}}