{"id":16137,"date":"2022-01-23T22:52:48","date_gmt":"2022-01-23T21:52:48","guid":{"rendered":"https:\/\/www.hml-fetish.de\/shop\/pig-hole-plug\/"},"modified":"2022-01-23T22:52:48","modified_gmt":"2022-01-23T21:52:48","slug":"pig-hole-plug","status":"publish","type":"product","link":"https:\/\/www.hml-fetish.de\/shop\/fr\/pig-hole-plug\/","title":{"rendered":"Pig Hole Plug"},"content":{"rendered":"<p>Il existe plusieurs plugs creux sur le march\u00e9, mais un seul est aussi b\u00eatement g\u00e9nial que celui d'&#8221;Oxballs&#8221;. Il s&#8217;adapte \u00e0 l&#8217;arri\u00e8re comme s&#8217;il avait \u00e9t\u00e9 fabriqu\u00e9 sur mesure. La mati\u00e8re silicone se sent presque comme une vraie peau, se r\u00e9chauffe rapidement dans le corps et a suffisamment de force pour maintenir ton trou ouvert aussi longtemps que ton partenaire le peut.<br \/>\n<BR>Avec le PIG-HOLE-PLUG, tu peux faire tout ce pour quoi tu n&#8217;as pas la condition physique : de tr\u00e8s longues sessions sans que rien ne s&#8217;\u00e9tire ou \u00eatre l&#8217;objet de plaisir dans une gangbang party. Tu les prends tous et tu restes aussi en forme qu&#8217;un pneu \u00e0 ceinture d&#8217;acier !<br \/>\n<BR>Tu peux tout voir de pr\u00e8s : Le plug travaille en effet \u00e0 l&#8217;int\u00e9rieur de toi et tu sens la p\u00e9n\u00e9tration et les chocs, car la mati\u00e8re est juste assez fine pour que les sensations soient r\u00e9elles. C&#8217;est une toute nouvelle exp\u00e9rience de ressentir les chocs en m\u00eame temps, tout en \u00e9tant d\u00e9tach\u00e9 de l&#8217;action. C&#8217;est exactement ce qui fait que c&#8217;est aussi g\u00e9nial pour les actifs. Le canal est stri\u00e9 \u00e0 l&#8217;int\u00e9rieur et masse ton gland comme une paire de l\u00e8vres affam\u00e9es.<br \/>\n<BR>La taille moyenne a \u00e9t\u00e9 con\u00e7ue pour les gros calibres et les tr\u00e8s grandes versions sont tr\u00e8s excitantes si tu veux passer \u00e0 la vitesse inf\u00e9rieure pendant ou apr\u00e8s une fist party. C&#8217;est l&#8217;acc\u00e8s total pour un maximum de plaisir !<br \/>\n<BR>Le PIG-HOLE-PLUG est compatible avec tous les lubrifiants \u00e0 base d&#8217;eau et\/ou de silicone. Tu peux le nettoyer avec de l&#8217;eau chaude et du savon doux. Il supporte \u00e9galement la st\u00e9rilisation \u00e0 l&#8217;eau bouillante ou \u00e0 l&#8217;autoclave. Prix \u00e0 la pi\u00e8ce.<br \/>\n<BR>La taille S a un diam\u00e8tre int\u00e9rieur d&#8217;environ 32 mm pour un diam\u00e8tre ext\u00e9rieur d&#8217;environ 52 mm et une hauteur de 8,5 cm.<br \/>\n<BR>La taille M a un diam\u00e8tre int\u00e9rieur d&#8217;environ 41 mm pour un diam\u00e8tre ext\u00e9rieur d&#8217;environ 61 mm et une hauteur de 11 cm.<br \/>\n<BR>La taille L a un diam\u00e8tre int\u00e9rieur d&#8217;environ 50 mm pour un diam\u00e8tre ext\u00e9rieur d&#8217;environ 70 mm et une hauteur de 12,5 cm.<br \/>\n<BR>La taille XL a un diam\u00e8tre int\u00e9rieur d&#8217;environ 55 mm pour un diam\u00e8tre ext\u00e9rieur d&#8217;environ 77 mm et une hauteur de 14 cm.<br \/>\n<BR>La taille XXL a un diam\u00e8tre int\u00e9rieur d&#8217;environ 60 mm pour un diam\u00e8tre ext\u00e9rieur d&#8217;environ 86 mm et une hauteur de 15,5 cm.<br \/>\n<BR><img decoding=\"async\" src=\"\/template\/ob.gif\" alt=\"Oxballs - c'est tout ce qu'un homme doit porter !\" title=\"Oxballs - un homme ne doit pas porter plus !\" border=\"0\" height=\"97\" width=\"97\"><\/p>\n","protected":false},"excerpt":{"rendered":"<h4>Pig Hole Plug<\/h4>\n<p>Il existe plusieurs plugs creux sur le march\u00e9, mais un seul est aussi b\u00eatement g\u00e9nial que celui d'&#8221;Oxballs&#8221;. Il s&#8217;adapte \u00e0 l&#8217;arri\u00e8re comme s&#8217;il avait \u00e9t\u00e9 fabriqu\u00e9 sur mesure. La mati\u00e8re silicone se sent presque comme une vraie peau, se r\u00e9chauffe rapidement dans le corps et a suffisamment de force pour maintenir ton trou ouvert aussi longtemps que ton partenaire le peut.<\/p>\n","protected":false},"featured_media":16116,"comment_status":"open","ping_status":"closed","template":"","meta":[],"product_brand":[],"product_cat":[686,732,714,684],"product_tag":[3923],"class_list":{"0":"post-16137","1":"product","2":"type-product","3":"status-publish","4":"has-post-thumbnail","6":"product_cat-plugs-fr","7":"product_cat-best-seller","8":"product_cat-dungeon-fr","9":"product_cat-godes","10":"product_tag-oxballs-fr","11":"product_shipping_class-colis-fr","13":"first","14":"instock","15":"taxable","16":"shipping-taxable","17":"purchasable","18":"product-type-variable"},"_links":{"self":[{"href":"https:\/\/www.hml-fetish.de\/shop\/fr\/wp-json\/wp\/v2\/product\/16137","targetHints":{"allow":["GET"]}}],"collection":[{"href":"https:\/\/www.hml-fetish.de\/shop\/fr\/wp-json\/wp\/v2\/product"}],"about":[{"href":"https:\/\/www.hml-fetish.de\/shop\/fr\/wp-json\/wp\/v2\/types\/product"}],"replies":[{"embeddable":true,"href":"https:\/\/www.hml-fetish.de\/shop\/fr\/wp-json\/wp\/v2\/comments?post=16137"}],"version-history":[{"count":0,"href":"https:\/\/www.hml-fetish.de\/shop\/fr\/wp-json\/wp\/v2\/product\/16137\/revisions"}],"wp:featuredmedia":[{"embeddable":true,"href":"https:\/\/www.hml-fetish.de\/shop\/fr\/wp-json\/wp\/v2\/media\/16116"}],"wp:attachment":[{"href":"https:\/\/www.hml-fetish.de\/shop\/fr\/wp-json\/wp\/v2\/media?parent=16137"}],"wp:term":[{"taxonomy":"product_brand","embeddable":true,"href":"https:\/\/www.hml-fetish.de\/shop\/fr\/wp-json\/wp\/v2\/product_brand?post=16137"},{"taxonomy":"product_cat","embeddable":true,"href":"https:\/\/www.hml-fetish.de\/shop\/fr\/wp-json\/wp\/v2\/product_cat?post=16137"},{"taxonomy":"product_tag","embeddable":true,"href":"https:\/\/www.hml-fetish.de\/shop\/fr\/wp-json\/wp\/v2\/product_tag?post=16137"}],"curies":[{"name":"wp","href":"https:\/\/api.w.org\/{rel}","templated":true}]}}