{"id":16113,"date":"2022-01-23T22:52:48","date_gmt":"2022-01-23T21:52:48","guid":{"rendered":"https:\/\/www.hml-fetish.de\/shop\/oxballs-sacksling\/"},"modified":"2022-01-23T22:52:48","modified_gmt":"2022-01-23T21:52:48","slug":"oxballs-sacksling","status":"publish","type":"product","link":"https:\/\/www.hml-fetish.de\/shop\/fr\/oxballs-sacksling\/","title":{"rendered":"Oxballs Sacksling"},"content":{"rendered":"<p>Un nouveau d\u00e9veloppement en caoutchouc flexiskin noir super doux et \u00e9lastique. Tes couilles se sentent d\u00e9sormais aussi \u00e9troitement enlac\u00e9es que la queue d&#8217;un cocksling. Fabriqu\u00e9 aux \u00c9tats-Unis dans un mat\u00e9riau extr\u00eamement r\u00e9sistant. Taille universelle.<\/p>\n<p>Nettoyage avec de l&#8217;eau ti\u00e8de et du savon doux. Compatible avec les lubrifiants \u00e0 base d&#8217;eau.<\/p>\n","protected":false},"excerpt":{"rendered":"<h4>Oxballs Sacksling<\/h4>\n<p>Un nouveau d\u00e9veloppement en caoutchouc flexiskin noir super doux et \u00e9lastique. Tes couilles se sentent d\u00e9sormais aussi \u00e9troitement enlac\u00e9es que la queue d&#8217;un cocksling. Fabriqu\u00e9 aux \u00c9tats-Unis dans un mat\u00e9riau extr\u00eamement r\u00e9sistant. Taille universelle.<\/p>\n","protected":false},"featured_media":16093,"comment_status":"open","ping_status":"closed","template":"","meta":[],"product_brand":[],"product_cat":[697,732,678],"product_tag":[],"class_list":{"0":"post-16113","1":"product","2":"type-product","3":"status-publish","4":"has-post-thumbnail","6":"product_cat-cbt-fr","7":"product_cat-best-seller","8":"product_cat-cock-halter-fr","9":"product_shipping_class-colis-fr","11":"first","12":"instock","13":"taxable","14":"shipping-taxable","15":"purchasable","16":"product-type-simple"},"_links":{"self":[{"href":"https:\/\/www.hml-fetish.de\/shop\/fr\/wp-json\/wp\/v2\/product\/16113","targetHints":{"allow":["GET"]}}],"collection":[{"href":"https:\/\/www.hml-fetish.de\/shop\/fr\/wp-json\/wp\/v2\/product"}],"about":[{"href":"https:\/\/www.hml-fetish.de\/shop\/fr\/wp-json\/wp\/v2\/types\/product"}],"replies":[{"embeddable":true,"href":"https:\/\/www.hml-fetish.de\/shop\/fr\/wp-json\/wp\/v2\/comments?post=16113"}],"version-history":[{"count":0,"href":"https:\/\/www.hml-fetish.de\/shop\/fr\/wp-json\/wp\/v2\/product\/16113\/revisions"}],"wp:featuredmedia":[{"embeddable":true,"href":"https:\/\/www.hml-fetish.de\/shop\/fr\/wp-json\/wp\/v2\/media\/16093"}],"wp:attachment":[{"href":"https:\/\/www.hml-fetish.de\/shop\/fr\/wp-json\/wp\/v2\/media?parent=16113"}],"wp:term":[{"taxonomy":"product_brand","embeddable":true,"href":"https:\/\/www.hml-fetish.de\/shop\/fr\/wp-json\/wp\/v2\/product_brand?post=16113"},{"taxonomy":"product_cat","embeddable":true,"href":"https:\/\/www.hml-fetish.de\/shop\/fr\/wp-json\/wp\/v2\/product_cat?post=16113"},{"taxonomy":"product_tag","embeddable":true,"href":"https:\/\/www.hml-fetish.de\/shop\/fr\/wp-json\/wp\/v2\/product_tag?post=16113"}],"curies":[{"name":"wp","href":"https:\/\/api.w.org\/{rel}","templated":true}]}}