{"id":16088,"date":"2022-01-23T22:52:49","date_gmt":"2022-01-23T21:52:49","guid":{"rendered":"https:\/\/www.hml-fetish.de\/shop\/harnais-de-cuisse\/"},"modified":"2022-01-23T22:52:49","modified_gmt":"2022-01-23T21:52:49","slug":"harnais-de-cuisse","status":"publish","type":"product","link":"https:\/\/www.hml-fetish.de\/shop\/fr\/harnais-de-cuisse\/","title":{"rendered":"Harnais de cuisse"},"content":{"rendered":"<p>Vous portez ce harnais autour de votre cuisse et le fixez aux passants de ceinture de votre pantalon avec les deux mousquetons. Nous fabriquons nous-m\u00eames ce harnais \u00e0 partir de ceintures en cuir de 4 cm de large avec des boucles lourdes et brillantes. Le harnais est r\u00e9glable en taille L pour un tour de cuisse d&#8217;environ 50 cm &#8211; 60 cm (taille M de 55 cm &#8211; 65 cm) et certainement un eye-catcher &#8211; non seulement dans la salle de jeux, mais aussi sur chaque piste de danse!<br \/>\n<BR>La boucle doit \u00eatre tourn\u00e9e vers l&#8217;avant. Gr\u00e2ce \u00e0 sa construction intelligente, vous pouvez le porter \u00e0 droite et \u00e0 gauche.<\/p>\n","protected":false},"excerpt":{"rendered":"<h4>Harnais de cuisse<\/h4>\n<p>Vous portez ce harnais autour de votre cuisse et le fixez aux passants de ceinture de votre pantalon avec les deux mousquetons. Nous fabriquons nous-m\u00eames ce harnais \u00e0 partir de ceintures en cuir de 4 cm de large avec des boucles lourdes et brillantes. Le harnais est r\u00e9glable en taille L pour un tour de cuisse d&#8217;environ 50 cm &#8211; 60 cm (taille M de 55 cm &#8211; 65 cm) et certainement un eye-catcher &#8211; non seulement dans la salle de jeux, mais aussi sur chaque piste de danse!<\/p>\n","protected":false},"featured_media":16077,"comment_status":"open","ping_status":"closed","template":"","meta":[],"product_brand":[],"product_cat":[597,736,585],"product_tag":[4400],"class_list":{"0":"post-16088","1":"product","2":"type-product","3":"status-publish","4":"has-post-thumbnail","6":"product_cat-harnais","7":"product_cat-nouveau-hml","8":"product_cat-pantalons-chaps","9":"product_tag-hml-fetish-original-fr","10":"product_shipping_class-colis-fr","12":"first","13":"instock","14":"taxable","15":"shipping-taxable","16":"purchasable","17":"product-type-variable"},"_links":{"self":[{"href":"https:\/\/www.hml-fetish.de\/shop\/fr\/wp-json\/wp\/v2\/product\/16088","targetHints":{"allow":["GET"]}}],"collection":[{"href":"https:\/\/www.hml-fetish.de\/shop\/fr\/wp-json\/wp\/v2\/product"}],"about":[{"href":"https:\/\/www.hml-fetish.de\/shop\/fr\/wp-json\/wp\/v2\/types\/product"}],"replies":[{"embeddable":true,"href":"https:\/\/www.hml-fetish.de\/shop\/fr\/wp-json\/wp\/v2\/comments?post=16088"}],"version-history":[{"count":0,"href":"https:\/\/www.hml-fetish.de\/shop\/fr\/wp-json\/wp\/v2\/product\/16088\/revisions"}],"wp:featuredmedia":[{"embeddable":true,"href":"https:\/\/www.hml-fetish.de\/shop\/fr\/wp-json\/wp\/v2\/media\/16077"}],"wp:attachment":[{"href":"https:\/\/www.hml-fetish.de\/shop\/fr\/wp-json\/wp\/v2\/media?parent=16088"}],"wp:term":[{"taxonomy":"product_brand","embeddable":true,"href":"https:\/\/www.hml-fetish.de\/shop\/fr\/wp-json\/wp\/v2\/product_brand?post=16088"},{"taxonomy":"product_cat","embeddable":true,"href":"https:\/\/www.hml-fetish.de\/shop\/fr\/wp-json\/wp\/v2\/product_cat?post=16088"},{"taxonomy":"product_tag","embeddable":true,"href":"https:\/\/www.hml-fetish.de\/shop\/fr\/wp-json\/wp\/v2\/product_tag?post=16088"}],"curies":[{"name":"wp","href":"https:\/\/api.w.org\/{rel}","templated":true}]}}