{"id":16073,"date":"2022-01-23T22:52:49","date_gmt":"2022-01-23T21:52:49","guid":{"rendered":"https:\/\/www.hml-fetish.de\/shop\/cravache-65-cm\/"},"modified":"2022-01-23T22:52:49","modified_gmt":"2022-01-23T21:52:49","slug":"cravache-65-cm","status":"publish","type":"product","link":"https:\/\/www.hml-fetish.de\/shop\/fr\/cravache-65-cm\/","title":{"rendered":"Cravache 65 cm"},"content":{"rendered":"<p>Travaill\u00e9 en plastic, on y trouve tous les d\u00e9tails y compris la point en fil. Un prix imbattable pour une qualit\u00e9 exc\u00e9llente! Mais attention: mine de rien, cette cravache marque gravement et devra \u00eatre mani\u00e9e d\u00e9licatement. Avec peu de force tu laisse une impression qui reste\u2026<\/p>\n","protected":false},"excerpt":{"rendered":"<h4>Cravache 65 cm<\/h4>\n<p>Travaill\u00e9 en plastic, on y trouve tous les d\u00e9tails y compris la point en fil. Un prix imbattable pour une qualit\u00e9 exc\u00e9llente! Mais attention: mine de rien, cette cravache marque gravement et devra \u00eatre mani\u00e9e d\u00e9licatement. Avec peu de force tu laisse une impression qui reste\u2026<\/p>\n","protected":false},"featured_media":16063,"comment_status":"open","ping_status":"closed","template":"","meta":[],"product_brand":[],"product_cat":[732,706],"product_tag":[],"class_list":{"0":"post-16073","1":"product","2":"type-product","3":"status-publish","4":"has-post-thumbnail","6":"product_cat-best-seller","7":"product_cat-flag-fr","8":"product_shipping_class-colis-fr","10":"first","11":"instock","12":"taxable","13":"shipping-taxable","14":"purchasable","15":"product-type-simple"},"_links":{"self":[{"href":"https:\/\/www.hml-fetish.de\/shop\/fr\/wp-json\/wp\/v2\/product\/16073","targetHints":{"allow":["GET"]}}],"collection":[{"href":"https:\/\/www.hml-fetish.de\/shop\/fr\/wp-json\/wp\/v2\/product"}],"about":[{"href":"https:\/\/www.hml-fetish.de\/shop\/fr\/wp-json\/wp\/v2\/types\/product"}],"replies":[{"embeddable":true,"href":"https:\/\/www.hml-fetish.de\/shop\/fr\/wp-json\/wp\/v2\/comments?post=16073"}],"version-history":[{"count":0,"href":"https:\/\/www.hml-fetish.de\/shop\/fr\/wp-json\/wp\/v2\/product\/16073\/revisions"}],"wp:featuredmedia":[{"embeddable":true,"href":"https:\/\/www.hml-fetish.de\/shop\/fr\/wp-json\/wp\/v2\/media\/16063"}],"wp:attachment":[{"href":"https:\/\/www.hml-fetish.de\/shop\/fr\/wp-json\/wp\/v2\/media?parent=16073"}],"wp:term":[{"taxonomy":"product_brand","embeddable":true,"href":"https:\/\/www.hml-fetish.de\/shop\/fr\/wp-json\/wp\/v2\/product_brand?post=16073"},{"taxonomy":"product_cat","embeddable":true,"href":"https:\/\/www.hml-fetish.de\/shop\/fr\/wp-json\/wp\/v2\/product_cat?post=16073"},{"taxonomy":"product_tag","embeddable":true,"href":"https:\/\/www.hml-fetish.de\/shop\/fr\/wp-json\/wp\/v2\/product_tag?post=16073"}],"curies":[{"name":"wp","href":"https:\/\/api.w.org\/{rel}","templated":true}]}}