{"id":15995,"date":"2022-01-23T22:52:50","date_gmt":"2022-01-23T21:52:50","guid":{"rendered":"https:\/\/www.hml-fetish.de\/shop\/batte-de-base-ball\/"},"modified":"2022-01-23T22:52:50","modified_gmt":"2022-01-23T21:52:50","slug":"batte-de-base-ball","status":"publish","type":"product","link":"https:\/\/www.hml-fetish.de\/shop\/fr\/batte-de-base-ball\/","title":{"rendered":"Batte de base-ball"},"content":{"rendered":"<p>Une v\u00e9ritable batte de baseball am\u00e9ricaine en bois laqu\u00e9 argent\u00e9, envelopp\u00e9 de noir au niveau de la poign\u00e9e pour faciliter la prise en main. La canne mesure 66 cm de long et \u00e0 peine 5 cm d&#8217;\u00e9paisseur. Un must pour chaque f\u00eate skin !<\/p>\n","protected":false},"excerpt":{"rendered":"<h4>Batte de base-ball<\/h4>\n<p>Une v\u00e9ritable batte de baseball am\u00e9ricaine en bois laqu\u00e9 argent\u00e9, envelopp\u00e9 de noir au niveau de la poign\u00e9e pour faciliter la prise en main. La canne mesure 66 cm de long et \u00e0 peine 5 cm d&#8217;\u00e9paisseur. Un must pour chaque f\u00eate skin !<\/p>\n","protected":false},"featured_media":15972,"comment_status":"open","ping_status":"closed","template":"","meta":[],"product_brand":[],"product_cat":[634,732,714,706],"product_tag":[],"class_list":{"0":"post-15995","1":"product","2":"type-product","3":"status-publish","4":"has-post-thumbnail","6":"product_cat-accessoires-army","7":"product_cat-best-seller","8":"product_cat-dungeon-fr","9":"product_cat-flag-fr","10":"product_shipping_class-colis-fr","12":"first","13":"instock","14":"taxable","15":"shipping-taxable","16":"purchasable","17":"product-type-simple"},"_links":{"self":[{"href":"https:\/\/www.hml-fetish.de\/shop\/fr\/wp-json\/wp\/v2\/product\/15995","targetHints":{"allow":["GET"]}}],"collection":[{"href":"https:\/\/www.hml-fetish.de\/shop\/fr\/wp-json\/wp\/v2\/product"}],"about":[{"href":"https:\/\/www.hml-fetish.de\/shop\/fr\/wp-json\/wp\/v2\/types\/product"}],"replies":[{"embeddable":true,"href":"https:\/\/www.hml-fetish.de\/shop\/fr\/wp-json\/wp\/v2\/comments?post=15995"}],"version-history":[{"count":0,"href":"https:\/\/www.hml-fetish.de\/shop\/fr\/wp-json\/wp\/v2\/product\/15995\/revisions"}],"wp:featuredmedia":[{"embeddable":true,"href":"https:\/\/www.hml-fetish.de\/shop\/fr\/wp-json\/wp\/v2\/media\/15972"}],"wp:attachment":[{"href":"https:\/\/www.hml-fetish.de\/shop\/fr\/wp-json\/wp\/v2\/media?parent=15995"}],"wp:term":[{"taxonomy":"product_brand","embeddable":true,"href":"https:\/\/www.hml-fetish.de\/shop\/fr\/wp-json\/wp\/v2\/product_brand?post=15995"},{"taxonomy":"product_cat","embeddable":true,"href":"https:\/\/www.hml-fetish.de\/shop\/fr\/wp-json\/wp\/v2\/product_cat?post=15995"},{"taxonomy":"product_tag","embeddable":true,"href":"https:\/\/www.hml-fetish.de\/shop\/fr\/wp-json\/wp\/v2\/product_tag?post=15995"}],"curies":[{"name":"wp","href":"https:\/\/api.w.org\/{rel}","templated":true}]}}