{"id":15942,"date":"2022-01-23T22:52:51","date_gmt":"2022-01-23T21:52:51","guid":{"rendered":"https:\/\/www.hml-fetish.de\/shop\/battoir\/"},"modified":"2022-01-23T22:52:51","modified_gmt":"2022-01-23T21:52:51","slug":"battoir","status":"publish","type":"product","link":"https:\/\/www.hml-fetish.de\/shop\/fr\/battoir\/","title":{"rendered":"Battoir"},"content":{"rendered":"<p>Travaill\u00e9 en plastic, on y trouve tous les d\u00e9tails. Un prix imbattable pour une qualit\u00e9 exc\u00e9llente! Mais attention: mine de rien, cette cravache marque gravement et devra \u00eatre mani\u00e9e d\u00e9licatement. Avec peu de force tu laisse une impression qui reste\u2026<\/p>\n","protected":false},"excerpt":{"rendered":"<h4>Battoir<\/h4>\n<p>Travaill\u00e9 en plastic, on y trouve tous les d\u00e9tails. Un prix imbattable pour une qualit\u00e9 exc\u00e9llente! Mais attention: mine de rien, cette cravache marque gravement et devra \u00eatre mani\u00e9e d\u00e9licatement. Avec peu de force tu laisse une impression qui reste\u2026<\/p>\n","protected":false},"featured_media":15927,"comment_status":"open","ping_status":"closed","template":"","meta":[],"product_brand":[],"product_cat":[706],"product_tag":[],"class_list":{"0":"post-15942","1":"product","2":"type-product","3":"status-publish","4":"has-post-thumbnail","6":"product_cat-flag-fr","7":"product_shipping_class-colis-fr","9":"first","10":"instock","11":"taxable","12":"shipping-taxable","13":"purchasable","14":"product-type-simple"},"_links":{"self":[{"href":"https:\/\/www.hml-fetish.de\/shop\/fr\/wp-json\/wp\/v2\/product\/15942","targetHints":{"allow":["GET"]}}],"collection":[{"href":"https:\/\/www.hml-fetish.de\/shop\/fr\/wp-json\/wp\/v2\/product"}],"about":[{"href":"https:\/\/www.hml-fetish.de\/shop\/fr\/wp-json\/wp\/v2\/types\/product"}],"replies":[{"embeddable":true,"href":"https:\/\/www.hml-fetish.de\/shop\/fr\/wp-json\/wp\/v2\/comments?post=15942"}],"version-history":[{"count":0,"href":"https:\/\/www.hml-fetish.de\/shop\/fr\/wp-json\/wp\/v2\/product\/15942\/revisions"}],"wp:featuredmedia":[{"embeddable":true,"href":"https:\/\/www.hml-fetish.de\/shop\/fr\/wp-json\/wp\/v2\/media\/15927"}],"wp:attachment":[{"href":"https:\/\/www.hml-fetish.de\/shop\/fr\/wp-json\/wp\/v2\/media?parent=15942"}],"wp:term":[{"taxonomy":"product_brand","embeddable":true,"href":"https:\/\/www.hml-fetish.de\/shop\/fr\/wp-json\/wp\/v2\/product_brand?post=15942"},{"taxonomy":"product_cat","embeddable":true,"href":"https:\/\/www.hml-fetish.de\/shop\/fr\/wp-json\/wp\/v2\/product_cat?post=15942"},{"taxonomy":"product_tag","embeddable":true,"href":"https:\/\/www.hml-fetish.de\/shop\/fr\/wp-json\/wp\/v2\/product_tag?post=15942"}],"curies":[{"name":"wp","href":"https:\/\/api.w.org\/{rel}","templated":true}]}}