{"id":15924,"date":"2022-01-23T22:52:51","date_gmt":"2022-01-23T21:52:51","guid":{"rendered":"https:\/\/www.hml-fetish.de\/shop\/fouet-court-60-cm\/"},"modified":"2022-01-23T22:52:51","modified_gmt":"2022-01-23T21:52:51","slug":"fouet-court-60-cm","status":"publish","type":"product","link":"https:\/\/www.hml-fetish.de\/shop\/fr\/fouet-court-60-cm\/","title":{"rendered":"Fouet court 60 cm"},"content":{"rendered":"<p>Cette version courte du fouet classique mesure un total de 60 cm et donne des coups forts. L&#8217;\u00e9lan du coeur \u00e9lastique est multipli\u00e9 \u00e0 la rencontre de la peau. Le poignet est solide avec une longueur d&#8217;env. 20 cm et une \u00e9paisseur d&#8217;env. 2,5 cm. Enti\u00e8rement cordel\u00e9 en cuir, ce fouet impressionne pa son look et vient avec une dragonne.<\/p>\n","protected":false},"excerpt":{"rendered":"<h4>Fouet court 60 cm<\/h4>\n<p>Cette version courte du fouet classique mesure un total de 60 cm et donne des coups forts. L&#8217;\u00e9lan du coeur \u00e9lastique est multipli\u00e9 \u00e0 la rencontre de la peau. Le poignet est solide avec une longueur d&#8217;env. 20 cm et une \u00e9paisseur d&#8217;env. 2,5 cm. Enti\u00e8rement cordel\u00e9 en cuir, ce fouet impressionne pa son look et vient avec une dragonne.<\/p>\n","protected":false},"featured_media":15920,"comment_status":"open","ping_status":"closed","template":"","meta":[],"product_brand":[],"product_cat":[706,736],"product_tag":[],"class_list":{"0":"post-15924","1":"product","2":"type-product","3":"status-publish","4":"has-post-thumbnail","6":"product_cat-flag-fr","7":"product_cat-nouveau-hml","8":"product_shipping_class-colis-fr","10":"first","11":"instock","12":"taxable","13":"shipping-taxable","14":"purchasable","15":"product-type-simple"},"_links":{"self":[{"href":"https:\/\/www.hml-fetish.de\/shop\/fr\/wp-json\/wp\/v2\/product\/15924","targetHints":{"allow":["GET"]}}],"collection":[{"href":"https:\/\/www.hml-fetish.de\/shop\/fr\/wp-json\/wp\/v2\/product"}],"about":[{"href":"https:\/\/www.hml-fetish.de\/shop\/fr\/wp-json\/wp\/v2\/types\/product"}],"replies":[{"embeddable":true,"href":"https:\/\/www.hml-fetish.de\/shop\/fr\/wp-json\/wp\/v2\/comments?post=15924"}],"version-history":[{"count":0,"href":"https:\/\/www.hml-fetish.de\/shop\/fr\/wp-json\/wp\/v2\/product\/15924\/revisions"}],"wp:featuredmedia":[{"embeddable":true,"href":"https:\/\/www.hml-fetish.de\/shop\/fr\/wp-json\/wp\/v2\/media\/15920"}],"wp:attachment":[{"href":"https:\/\/www.hml-fetish.de\/shop\/fr\/wp-json\/wp\/v2\/media?parent=15924"}],"wp:term":[{"taxonomy":"product_brand","embeddable":true,"href":"https:\/\/www.hml-fetish.de\/shop\/fr\/wp-json\/wp\/v2\/product_brand?post=15924"},{"taxonomy":"product_cat","embeddable":true,"href":"https:\/\/www.hml-fetish.de\/shop\/fr\/wp-json\/wp\/v2\/product_cat?post=15924"},{"taxonomy":"product_tag","embeddable":true,"href":"https:\/\/www.hml-fetish.de\/shop\/fr\/wp-json\/wp\/v2\/product_tag?post=15924"}],"curies":[{"name":"wp","href":"https:\/\/api.w.org\/{rel}","templated":true}]}}