{"id":15908,"date":"2022-01-23T22:52:52","date_gmt":"2022-01-23T21:52:52","guid":{"rendered":"https:\/\/www.hml-fetish.de\/shop\/fouet-en-cuir-140-cm\/"},"modified":"2022-03-14T18:18:48","modified_gmt":"2022-03-14T17:18:48","slug":"fouet-en-cuir-140-cm","status":"publish","type":"product","link":"https:\/\/www.hml-fetish.de\/shop\/fr\/fouet-en-cuir-140-cm\/","title":{"rendered":"Fouet en cuir 140 cm"},"content":{"rendered":"<p>Cette version longue du fouet classique mesure un total de 140 cm du poignet \u00e0 la pointe et donne des coupd extr\u00eames. L&#8217;\u00e9lan du coeur \u00e9lastique est multipli\u00e9 \u00e0 la rencontre de la peau. Un utilisateur expert saura s&#8217;en utiliser pour faires les claquements typiques dans l&#8217;air qui impressioneront son partenaire d&#8217;avantage si celui-ci a les yeux band\u00e9s.<br \/>\n<BR>Le poignet est solide avec une longueur d&#8217;env. 20 cm et une \u00e9paisseur d&#8217;env. 2,5 cm. Enti\u00e8rement cordel\u00e9 en cuir, ce fouet impressionne pa son look et vient avec une dragonne.<\/p>\n","protected":false},"excerpt":{"rendered":"<h4>Fouet en cuir 140 cm<\/h4>\n<p>Cette version longue du fouet classique mesure un total de 140 cm du poignet \u00e0 la pointe et donne des coupd extr\u00eames. L&#8217;\u00e9lan du coeur \u00e9lastique est multipli\u00e9 \u00e0 la rencontre de la peau. Un utilisateur expert saura s&#8217;en utiliser pour faires les claquements typiques dans l&#8217;air qui impressioneront son partenaire d&#8217;avantage si celui-ci a les yeux band\u00e9s.<\/p>\n","protected":false},"featured_media":15905,"comment_status":"open","ping_status":"closed","template":"","meta":[],"product_brand":[],"product_cat":[706],"product_tag":[],"class_list":{"0":"post-15908","1":"product","2":"type-product","3":"status-publish","4":"has-post-thumbnail","6":"product_cat-flag-fr","7":"product_shipping_class-colis-fr","9":"first","10":"instock","11":"taxable","12":"shipping-taxable","13":"purchasable","14":"product-type-simple"},"_links":{"self":[{"href":"https:\/\/www.hml-fetish.de\/shop\/fr\/wp-json\/wp\/v2\/product\/15908","targetHints":{"allow":["GET"]}}],"collection":[{"href":"https:\/\/www.hml-fetish.de\/shop\/fr\/wp-json\/wp\/v2\/product"}],"about":[{"href":"https:\/\/www.hml-fetish.de\/shop\/fr\/wp-json\/wp\/v2\/types\/product"}],"replies":[{"embeddable":true,"href":"https:\/\/www.hml-fetish.de\/shop\/fr\/wp-json\/wp\/v2\/comments?post=15908"}],"version-history":[{"count":0,"href":"https:\/\/www.hml-fetish.de\/shop\/fr\/wp-json\/wp\/v2\/product\/15908\/revisions"}],"wp:featuredmedia":[{"embeddable":true,"href":"https:\/\/www.hml-fetish.de\/shop\/fr\/wp-json\/wp\/v2\/media\/15905"}],"wp:attachment":[{"href":"https:\/\/www.hml-fetish.de\/shop\/fr\/wp-json\/wp\/v2\/media?parent=15908"}],"wp:term":[{"taxonomy":"product_brand","embeddable":true,"href":"https:\/\/www.hml-fetish.de\/shop\/fr\/wp-json\/wp\/v2\/product_brand?post=15908"},{"taxonomy":"product_cat","embeddable":true,"href":"https:\/\/www.hml-fetish.de\/shop\/fr\/wp-json\/wp\/v2\/product_cat?post=15908"},{"taxonomy":"product_tag","embeddable":true,"href":"https:\/\/www.hml-fetish.de\/shop\/fr\/wp-json\/wp\/v2\/product_tag?post=15908"}],"curies":[{"name":"wp","href":"https:\/\/api.w.org\/{rel}","templated":true}]}}