{"id":15771,"date":"2022-01-23T22:52:55","date_gmt":"2022-01-23T21:52:55","guid":{"rendered":"https:\/\/www.hml-fetish.de\/shop\/carte-a-volet-5-kg-de-pommes-de-terre\/"},"modified":"2022-01-23T22:52:55","modified_gmt":"2022-01-23T21:52:55","slug":"carte-a-volet-5-kg-de-pommes-de-terre","status":"publish","type":"product","link":"https:\/\/www.hml-fetish.de\/shop\/fr\/carte-a-volet-5-kg-de-pommes-de-terre\/","title":{"rendered":"Carte \u00e0 volet \u00bb5 kg de pommes de terre\u00ab"},"content":{"rendered":"<p>Carte cadeau avec enveloppe, taille 105 x 150 mm, dessin\u00e9e en noir et blanc, Woofi Artcore 2009. L&#8217;artiste ne peut pas nier son penchant pour les sujets un peu plus ours. Cette carte fait partie d&#8217;une \u00e9dition collector \u00e9dit\u00e9e une seule fois.<\/p>\n","protected":false},"excerpt":{"rendered":"<h4>Carte \u00e0 volet \u00bb5 kg de pommes de terre\u00ab<\/h4>\n<p>Carte cadeau avec enveloppe, taille 105 x 150 mm, dessin\u00e9e en noir et blanc, Woofi Artcore 2009. L&#8217;artiste ne peut pas nier son penchant pour les sujets un peu plus ours. Cette carte fait partie d&#8217;une \u00e9dition collector \u00e9dit\u00e9e une seule fois.<\/p>\n","protected":false},"featured_media":15763,"comment_status":"open","ping_status":"closed","template":"","meta":[],"product_brand":[],"product_cat":[728,718],"product_tag":[],"class_list":{"0":"post-15771","1":"product","2":"type-product","3":"status-publish","4":"has-post-thumbnail","6":"product_cat-adultes","7":"product_cat-cartes","8":"product_shipping_class-lettre","10":"first","11":"instock","12":"taxable","13":"shipping-taxable","14":"purchasable","15":"product-type-simple"},"_links":{"self":[{"href":"https:\/\/www.hml-fetish.de\/shop\/fr\/wp-json\/wp\/v2\/product\/15771","targetHints":{"allow":["GET"]}}],"collection":[{"href":"https:\/\/www.hml-fetish.de\/shop\/fr\/wp-json\/wp\/v2\/product"}],"about":[{"href":"https:\/\/www.hml-fetish.de\/shop\/fr\/wp-json\/wp\/v2\/types\/product"}],"replies":[{"embeddable":true,"href":"https:\/\/www.hml-fetish.de\/shop\/fr\/wp-json\/wp\/v2\/comments?post=15771"}],"version-history":[{"count":0,"href":"https:\/\/www.hml-fetish.de\/shop\/fr\/wp-json\/wp\/v2\/product\/15771\/revisions"}],"wp:featuredmedia":[{"embeddable":true,"href":"https:\/\/www.hml-fetish.de\/shop\/fr\/wp-json\/wp\/v2\/media\/15763"}],"wp:attachment":[{"href":"https:\/\/www.hml-fetish.de\/shop\/fr\/wp-json\/wp\/v2\/media?parent=15771"}],"wp:term":[{"taxonomy":"product_brand","embeddable":true,"href":"https:\/\/www.hml-fetish.de\/shop\/fr\/wp-json\/wp\/v2\/product_brand?post=15771"},{"taxonomy":"product_cat","embeddable":true,"href":"https:\/\/www.hml-fetish.de\/shop\/fr\/wp-json\/wp\/v2\/product_cat?post=15771"},{"taxonomy":"product_tag","embeddable":true,"href":"https:\/\/www.hml-fetish.de\/shop\/fr\/wp-json\/wp\/v2\/product_tag?post=15771"}],"curies":[{"name":"wp","href":"https:\/\/api.w.org\/{rel}","templated":true}]}}