{"id":15756,"date":"2022-03-13T10:41:58","date_gmt":"2022-03-13T09:41:58","guid":{"rendered":"https:\/\/www.hml-fetish.de\/shop\/?post_type=product&#038;p=15756"},"modified":"2022-03-13T10:48:24","modified_gmt":"2022-03-13T09:48:24","slug":"carte-de-voeux-bear-companions-2","status":"publish","type":"product","link":"https:\/\/www.hml-fetish.de\/shop\/fr\/carte-de-voeux-bear-companions-2\/","title":{"rendered":"Carte de v\u0153ux \u00bbBear Companions\u00ab"},"content":{"rendered":"<p>Soigneusement dessin\u00e9 et fabriqu\u00e9 en Allemagne. L&#8217;artiste ne peut nier sa pr\u00e9f\u00e9rence pour l&#8217;ours qui sommeille en chacun de nous &#8211; une raret\u00e9 absolue ! Chaque carte est scell\u00e9e avec une enveloppe.<br \/>\n<BR>Carte de v\u0153ux n\/b avec enveloppe<br \/>\n<BR>Taille 105 x 150 mm<br \/>\n<BR>Woofi Artcore 2009<\/p>\n","protected":false},"excerpt":{"rendered":"<h4>Carte de v\u0153ux \u00bbBear Companions\u00ab<\/h4>\n<p>Soigneusement dessin\u00e9 et fabriqu\u00e9 en Allemagne. L&#8217;artiste ne peut nier sa pr\u00e9f\u00e9rence pour l&#8217;ours qui sommeille en chacun de nous &#8211; une raret\u00e9 absolue ! Chaque carte est scell\u00e9e avec une enveloppe.<\/p>\n","protected":false},"featured_media":15745,"comment_status":"open","ping_status":"closed","template":"","meta":[],"product_brand":[],"product_cat":[737],"product_tag":[],"class_list":{"0":"post-15756","1":"product","2":"type-product","3":"status-publish","4":"has-post-thumbnail","6":"product_cat-offert-pour-toute-commande","7":"product_shipping_class-lettre","9":"first","10":"instock","11":"sale","12":"sold-individually","13":"taxable","14":"shipping-taxable","15":"purchasable","16":"product-type-simple"},"_links":{"self":[{"href":"https:\/\/www.hml-fetish.de\/shop\/fr\/wp-json\/wp\/v2\/product\/15756","targetHints":{"allow":["GET"]}}],"collection":[{"href":"https:\/\/www.hml-fetish.de\/shop\/fr\/wp-json\/wp\/v2\/product"}],"about":[{"href":"https:\/\/www.hml-fetish.de\/shop\/fr\/wp-json\/wp\/v2\/types\/product"}],"replies":[{"embeddable":true,"href":"https:\/\/www.hml-fetish.de\/shop\/fr\/wp-json\/wp\/v2\/comments?post=15756"}],"version-history":[{"count":0,"href":"https:\/\/www.hml-fetish.de\/shop\/fr\/wp-json\/wp\/v2\/product\/15756\/revisions"}],"wp:featuredmedia":[{"embeddable":true,"href":"https:\/\/www.hml-fetish.de\/shop\/fr\/wp-json\/wp\/v2\/media\/15745"}],"wp:attachment":[{"href":"https:\/\/www.hml-fetish.de\/shop\/fr\/wp-json\/wp\/v2\/media?parent=15756"}],"wp:term":[{"taxonomy":"product_brand","embeddable":true,"href":"https:\/\/www.hml-fetish.de\/shop\/fr\/wp-json\/wp\/v2\/product_brand?post=15756"},{"taxonomy":"product_cat","embeddable":true,"href":"https:\/\/www.hml-fetish.de\/shop\/fr\/wp-json\/wp\/v2\/product_cat?post=15756"},{"taxonomy":"product_tag","embeddable":true,"href":"https:\/\/www.hml-fetish.de\/shop\/fr\/wp-json\/wp\/v2\/product_tag?post=15756"}],"curies":[{"name":"wp","href":"https:\/\/api.w.org\/{rel}","templated":true}]}}