{"id":15753,"date":"2022-01-23T22:53:14","date_gmt":"2022-01-23T21:53:14","guid":{"rendered":"https:\/\/www.hml-fetish.de\/shop\/carte-de-voeux-bear-companions\/"},"modified":"2022-01-23T22:53:14","modified_gmt":"2022-01-23T21:53:14","slug":"carte-de-voeux-bear-companions","status":"publish","type":"product","link":"https:\/\/www.hml-fetish.de\/shop\/fr\/carte-de-voeux-bear-companions\/","title":{"rendered":"Carte de v\u0153ux \u00bbBear Companions\u00ab"},"content":{"rendered":"<p>Soigneusement dessin\u00e9 et fabriqu\u00e9 en Allemagne. L&#8217;artiste ne peut nier sa pr\u00e9f\u00e9rence pour l&#8217;ours qui sommeille en chacun de nous &#8211; une raret\u00e9 absolue ! Chaque carte est scell\u00e9e avec une enveloppe.<br \/>\n<BR>Carte de v\u0153ux n\/b avec enveloppe<br \/>\n<BR>Taille 105 x 150 mm<br \/>\n<BR>Woofi Artcore 2009<\/p>\n","protected":false},"excerpt":{"rendered":"<h4>Carte de v\u0153ux \u00bbBear Companions\u00ab<\/h4>\n<p>Soigneusement dessin\u00e9 et fabriqu\u00e9 en Allemagne. L&#8217;artiste ne peut nier sa pr\u00e9f\u00e9rence pour l&#8217;ours qui sommeille en chacun de nous &#8211; une raret\u00e9 absolue ! Chaque carte est scell\u00e9e avec une enveloppe.<\/p>\n","protected":false},"featured_media":15745,"comment_status":"open","ping_status":"closed","template":"","meta":[],"product_brand":[],"product_cat":[718],"product_tag":[],"class_list":{"0":"post-15753","1":"product","2":"type-product","3":"status-publish","4":"has-post-thumbnail","6":"product_cat-cartes","7":"product_shipping_class-lettre","9":"first","10":"instock","11":"taxable","12":"shipping-taxable","13":"purchasable","14":"product-type-simple"},"_links":{"self":[{"href":"https:\/\/www.hml-fetish.de\/shop\/fr\/wp-json\/wp\/v2\/product\/15753","targetHints":{"allow":["GET"]}}],"collection":[{"href":"https:\/\/www.hml-fetish.de\/shop\/fr\/wp-json\/wp\/v2\/product"}],"about":[{"href":"https:\/\/www.hml-fetish.de\/shop\/fr\/wp-json\/wp\/v2\/types\/product"}],"replies":[{"embeddable":true,"href":"https:\/\/www.hml-fetish.de\/shop\/fr\/wp-json\/wp\/v2\/comments?post=15753"}],"version-history":[{"count":0,"href":"https:\/\/www.hml-fetish.de\/shop\/fr\/wp-json\/wp\/v2\/product\/15753\/revisions"}],"wp:featuredmedia":[{"embeddable":true,"href":"https:\/\/www.hml-fetish.de\/shop\/fr\/wp-json\/wp\/v2\/media\/15745"}],"wp:attachment":[{"href":"https:\/\/www.hml-fetish.de\/shop\/fr\/wp-json\/wp\/v2\/media?parent=15753"}],"wp:term":[{"taxonomy":"product_brand","embeddable":true,"href":"https:\/\/www.hml-fetish.de\/shop\/fr\/wp-json\/wp\/v2\/product_brand?post=15753"},{"taxonomy":"product_cat","embeddable":true,"href":"https:\/\/www.hml-fetish.de\/shop\/fr\/wp-json\/wp\/v2\/product_cat?post=15753"},{"taxonomy":"product_tag","embeddable":true,"href":"https:\/\/www.hml-fetish.de\/shop\/fr\/wp-json\/wp\/v2\/product_tag?post=15753"}],"curies":[{"name":"wp","href":"https:\/\/api.w.org\/{rel}","templated":true}]}}