{"id":15709,"date":"2022-01-23T22:53:16","date_gmt":"2022-01-23T21:53:16","guid":{"rendered":"https:\/\/www.hml-fetish.de\/shop\/carte-postale-get-it-on-line\/"},"modified":"2022-01-23T22:53:16","modified_gmt":"2022-01-23T21:53:16","slug":"carte-postale-get-it-on-line","status":"publish","type":"product","link":"https:\/\/www.hml-fetish.de\/shop\/fr\/carte-postale-get-it-on-line\/","title":{"rendered":"Carte postale \u00bbGet it on line\u00ab"},"content":{"rendered":"<p>Carte postale, taille 100 x 150 mm, photographi\u00e9e en noir et blanc, Imprim\u00e9 par Foerster Media. Cette carte-cadeau est un objet de collection que tu ne trouveras plus gu\u00e8re ailleurs.<\/p>\n","protected":false},"excerpt":{"rendered":"<h4>\u00bbGet it on line\u00ab<\/h4>\n<p>Carte postale, taille 100 x 150 mm, photographi\u00e9e en noir et blanc, Imprim\u00e9 par Foerster Media. Cette carte-cadeau est un objet de collection que tu ne trouveras plus gu\u00e8re ailleurs.<\/p>\n","protected":false},"featured_media":15706,"comment_status":"open","ping_status":"closed","template":"","meta":[],"product_brand":[],"product_cat":[718],"product_tag":[],"class_list":{"0":"post-15709","1":"product","2":"type-product","3":"status-publish","4":"has-post-thumbnail","6":"product_cat-cartes","7":"product_shipping_class-lettre","9":"first","10":"instock","11":"taxable","12":"shipping-taxable","13":"purchasable","14":"product-type-simple"},"_links":{"self":[{"href":"https:\/\/www.hml-fetish.de\/shop\/fr\/wp-json\/wp\/v2\/product\/15709","targetHints":{"allow":["GET"]}}],"collection":[{"href":"https:\/\/www.hml-fetish.de\/shop\/fr\/wp-json\/wp\/v2\/product"}],"about":[{"href":"https:\/\/www.hml-fetish.de\/shop\/fr\/wp-json\/wp\/v2\/types\/product"}],"replies":[{"embeddable":true,"href":"https:\/\/www.hml-fetish.de\/shop\/fr\/wp-json\/wp\/v2\/comments?post=15709"}],"version-history":[{"count":0,"href":"https:\/\/www.hml-fetish.de\/shop\/fr\/wp-json\/wp\/v2\/product\/15709\/revisions"}],"wp:featuredmedia":[{"embeddable":true,"href":"https:\/\/www.hml-fetish.de\/shop\/fr\/wp-json\/wp\/v2\/media\/15706"}],"wp:attachment":[{"href":"https:\/\/www.hml-fetish.de\/shop\/fr\/wp-json\/wp\/v2\/media?parent=15709"}],"wp:term":[{"taxonomy":"product_brand","embeddable":true,"href":"https:\/\/www.hml-fetish.de\/shop\/fr\/wp-json\/wp\/v2\/product_brand?post=15709"},{"taxonomy":"product_cat","embeddable":true,"href":"https:\/\/www.hml-fetish.de\/shop\/fr\/wp-json\/wp\/v2\/product_cat?post=15709"},{"taxonomy":"product_tag","embeddable":true,"href":"https:\/\/www.hml-fetish.de\/shop\/fr\/wp-json\/wp\/v2\/product_tag?post=15709"}],"curies":[{"name":"wp","href":"https:\/\/api.w.org\/{rel}","templated":true}]}}