{"id":15649,"date":"2022-01-23T22:53:17","date_gmt":"2022-01-23T21:53:17","guid":{"rendered":"https:\/\/www.hml-fetish.de\/shop\/porte-monnaie-en-cuir\/"},"modified":"2022-01-23T22:53:17","modified_gmt":"2022-01-23T21:53:17","slug":"porte-monnaie-en-cuir","status":"publish","type":"product","link":"https:\/\/www.hml-fetish.de\/shop\/fr\/porte-monnaie-en-cuir\/","title":{"rendered":"Porte-monnaie en cuir"},"content":{"rendered":"<p>De notre propre atelier : le porte-monnaie HML Fetish ! Un v\u00e9ritable organiseur polyvalent qui peut contenir, outre l&#8217;argent, des cartes d&#8217;identit\u00e9 ou de cr\u00e9dit et un trousseau de cl\u00e9s. La pochette mesure environ 8 cm x 12 cm et se ferme en haut avec une fermeture \u00e9clair en m\u00e9tal. Un compartiment pour la monnaie ou les cartes est accessible s\u00e9par\u00e9ment par une petite fermeture \u00e9clair ext\u00e9rieure et \u00e0 l&#8217;int\u00e9rieur se trouve un compartiment s\u00e9par\u00e9 pour les billets et un autre qui contient une boucle \u00e0 laquelle tu peux p.ex. attacher ton trousseau de cl\u00e9s ou une carte-cl\u00e9. L&#8217;ensemble du porte-monnaie est fabriqu\u00e9 en nappa de cheval souple et fin, ce qui le rend pratiquement indestructible.<\/P><br \/>\n<P>Tu peux acheter le porte-monnaie seul ou le relier \u00e0 une cha\u00eene \u00e0 cl\u00e9s de 40 cm.<\/P><\/p>\n","protected":false},"excerpt":{"rendered":"<h4>Porte-monnaie en cuir<\/h4>\n<p>De notre propre atelier : le porte-monnaie HML Fetish ! Un v\u00e9ritable organiseur polyvalent qui peut contenir, outre l&#8217;argent, des cartes d&#8217;identit\u00e9 ou de cr\u00e9dit et un trousseau de cl\u00e9s.<\/p>\n","protected":false},"featured_media":15625,"comment_status":"open","ping_status":"closed","template":"","meta":[],"product_brand":[],"product_cat":[606,634,726],"product_tag":[],"class_list":{"0":"post-15649","1":"product","2":"type-product","3":"status-publish","4":"has-post-thumbnail","6":"product_cat-accessoires-fr-2-fr","7":"product_cat-accessoires-army","8":"product_cat-divers","9":"product_shipping_class-lettre","11":"first","12":"instock","13":"taxable","14":"shipping-taxable","15":"purchasable","16":"product-type-variable"},"_links":{"self":[{"href":"https:\/\/www.hml-fetish.de\/shop\/fr\/wp-json\/wp\/v2\/product\/15649","targetHints":{"allow":["GET"]}}],"collection":[{"href":"https:\/\/www.hml-fetish.de\/shop\/fr\/wp-json\/wp\/v2\/product"}],"about":[{"href":"https:\/\/www.hml-fetish.de\/shop\/fr\/wp-json\/wp\/v2\/types\/product"}],"replies":[{"embeddable":true,"href":"https:\/\/www.hml-fetish.de\/shop\/fr\/wp-json\/wp\/v2\/comments?post=15649"}],"version-history":[{"count":0,"href":"https:\/\/www.hml-fetish.de\/shop\/fr\/wp-json\/wp\/v2\/product\/15649\/revisions"}],"wp:featuredmedia":[{"embeddable":true,"href":"https:\/\/www.hml-fetish.de\/shop\/fr\/wp-json\/wp\/v2\/media\/15625"}],"wp:attachment":[{"href":"https:\/\/www.hml-fetish.de\/shop\/fr\/wp-json\/wp\/v2\/media?parent=15649"}],"wp:term":[{"taxonomy":"product_brand","embeddable":true,"href":"https:\/\/www.hml-fetish.de\/shop\/fr\/wp-json\/wp\/v2\/product_brand?post=15649"},{"taxonomy":"product_cat","embeddable":true,"href":"https:\/\/www.hml-fetish.de\/shop\/fr\/wp-json\/wp\/v2\/product_cat?post=15649"},{"taxonomy":"product_tag","embeddable":true,"href":"https:\/\/www.hml-fetish.de\/shop\/fr\/wp-json\/wp\/v2\/product_tag?post=15649"}],"curies":[{"name":"wp","href":"https:\/\/api.w.org\/{rel}","templated":true}]}}