{"id":15565,"date":"2022-01-23T22:53:18","date_gmt":"2022-01-23T21:53:18","guid":{"rendered":"https:\/\/www.hml-fetish.de\/shop\/poche-de-ceinture-en-cuir-medium\/"},"modified":"2024-07-01T13:52:44","modified_gmt":"2024-07-01T11:52:44","slug":"poche-de-ceinture-en-cuir-medium","status":"publish","type":"product","link":"https:\/\/www.hml-fetish.de\/shop\/fr\/poche-de-ceinture-en-cuir-medium\/","title":{"rendered":"Poche de ceinture en cuir medium"},"content":{"rendered":"<p>Un peu plus petite que sa grande soeur mais toujours aux capacit\u00e9s \u00e9tonnantes: cigarettes, briquet, carte d&#8217;identit\u00e9, capotes, lubrifiants ou ar\u00f4mes, tout y passe. Les dimensions int\u00e9rieures sont au maximum 120 mm x 100 mm x 30 mm. Vid\u00e9e, elle a moins d&#8217;un centim\u00e8tre d&#8217;\u00e9paisseur. Deux poches int\u00e9rieuress \u00e9troites pour les billets et les cartes. Une poche de ceinture durable, travaill\u00e9e en nappa bovin de ca. 3 mm pour un bon usage au quotidien.<\/p>\n","protected":false},"excerpt":{"rendered":"<h4>Poche de ceinture en cuir medium<\/h4>\n<p>Un peu plus petite que sa grande soeur mais toujours aux capacit\u00e9s \u00e9tonnantes: cigarettes, briquet, carte d&#8217;identit\u00e9, capotes, lubrifiants ou ar\u00f4mes, tout y passe.<\/p>\n","protected":false},"featured_media":15546,"comment_status":"open","ping_status":"closed","template":"","meta":[],"product_brand":[],"product_cat":[606,732,601,726],"product_tag":[3819,4400],"class_list":{"0":"post-15565","1":"product","2":"type-product","3":"status-publish","4":"has-post-thumbnail","6":"product_cat-accessoires-fr-2-fr","7":"product_cat-best-seller","8":"product_cat-ceintures-straps-fr","9":"product_cat-divers","10":"product_tag-fh-ledermanufaktur-fr","11":"product_tag-hml-fetish-original-fr","12":"product_shipping_class-lettre","14":"first","15":"instock","16":"taxable","17":"shipping-taxable","18":"purchasable","19":"product-type-simple"},"_links":{"self":[{"href":"https:\/\/www.hml-fetish.de\/shop\/fr\/wp-json\/wp\/v2\/product\/15565","targetHints":{"allow":["GET"]}}],"collection":[{"href":"https:\/\/www.hml-fetish.de\/shop\/fr\/wp-json\/wp\/v2\/product"}],"about":[{"href":"https:\/\/www.hml-fetish.de\/shop\/fr\/wp-json\/wp\/v2\/types\/product"}],"replies":[{"embeddable":true,"href":"https:\/\/www.hml-fetish.de\/shop\/fr\/wp-json\/wp\/v2\/comments?post=15565"}],"version-history":[{"count":0,"href":"https:\/\/www.hml-fetish.de\/shop\/fr\/wp-json\/wp\/v2\/product\/15565\/revisions"}],"wp:featuredmedia":[{"embeddable":true,"href":"https:\/\/www.hml-fetish.de\/shop\/fr\/wp-json\/wp\/v2\/media\/15546"}],"wp:attachment":[{"href":"https:\/\/www.hml-fetish.de\/shop\/fr\/wp-json\/wp\/v2\/media?parent=15565"}],"wp:term":[{"taxonomy":"product_brand","embeddable":true,"href":"https:\/\/www.hml-fetish.de\/shop\/fr\/wp-json\/wp\/v2\/product_brand?post=15565"},{"taxonomy":"product_cat","embeddable":true,"href":"https:\/\/www.hml-fetish.de\/shop\/fr\/wp-json\/wp\/v2\/product_cat?post=15565"},{"taxonomy":"product_tag","embeddable":true,"href":"https:\/\/www.hml-fetish.de\/shop\/fr\/wp-json\/wp\/v2\/product_tag?post=15565"}],"curies":[{"name":"wp","href":"https:\/\/api.w.org\/{rel}","templated":true}]}}