{"id":15542,"date":"2022-01-23T22:53:18","date_gmt":"2022-01-23T21:53:18","guid":{"rendered":"https:\/\/www.hml-fetish.de\/shop\/poche-de-ceinture-en-cuir-large\/"},"modified":"2024-07-01T14:01:37","modified_gmt":"2024-07-01T12:01:37","slug":"poche-de-ceinture-en-cuir-large","status":"publish","type":"product","link":"https:\/\/www.hml-fetish.de\/shop\/fr\/poche-de-ceinture-en-cuir-large\/","title":{"rendered":"Poche de ceinture en cuir large"},"content":{"rendered":"<p>Tr\u00e8s compact, mais \u00e9tonnamment spacieux &#8211; il peut contenir aussi bien un paquet de cigarettes qu&#8217;un briquet, une carte d&#8217;identit\u00e9, des pr\u00e9servatifs, du lubrifiant ou un flacon de poppers. Dimensions int\u00e9rieures maximales : 120 mm x 100 mm x 40 mm, \u00e0 condition de pr\u00e9voir un remplissage ad\u00e9quat. Conception classique et moul\u00e9e. Deux poches int\u00e9rieures \u00e9troites pour les billets et les cartes. Un pochette ceinture robuste en cuir nappa lisse et brillant d&#8217;environ 3 mm d&#8217;\u00e9paisseur, de fabrication solide et tr\u00e8s fonctionnelle. A l&#8217;arri\u00e8re, deux passants pour ceinture jusqu&#8217;\u00e0 5 cm de large.<\/p>\n","protected":false},"excerpt":{"rendered":"<h4>Poche de ceinture en cuir large<\/h4>\n<p>Un peu plus petite que sa grande soeur mais toujours aux capacit\u00e9s \u00e9tonnantes: cigarettes, briquet, carte d&#8217;identit\u00e9, capotes, lubrifiants ou ar\u00f4mes, tout y passe.<\/p>\n","protected":false},"featured_media":15520,"comment_status":"open","ping_status":"closed","template":"","meta":[],"product_brand":[],"product_cat":[606,601,646,736],"product_tag":[3819,4400],"class_list":{"0":"post-15542","1":"product","2":"type-product","3":"status-publish","4":"has-post-thumbnail","6":"product_cat-accessoires-fr-2-fr","7":"product_cat-ceintures-straps-fr","8":"product_cat-ceintures-straps","9":"product_cat-nouveau-hml","10":"product_tag-fh-ledermanufaktur-fr","11":"product_tag-hml-fetish-original-fr","12":"product_shipping_class-colis-fr","14":"first","15":"instock","16":"taxable","17":"shipping-taxable","18":"purchasable","19":"product-type-simple"},"_links":{"self":[{"href":"https:\/\/www.hml-fetish.de\/shop\/fr\/wp-json\/wp\/v2\/product\/15542","targetHints":{"allow":["GET"]}}],"collection":[{"href":"https:\/\/www.hml-fetish.de\/shop\/fr\/wp-json\/wp\/v2\/product"}],"about":[{"href":"https:\/\/www.hml-fetish.de\/shop\/fr\/wp-json\/wp\/v2\/types\/product"}],"replies":[{"embeddable":true,"href":"https:\/\/www.hml-fetish.de\/shop\/fr\/wp-json\/wp\/v2\/comments?post=15542"}],"version-history":[{"count":0,"href":"https:\/\/www.hml-fetish.de\/shop\/fr\/wp-json\/wp\/v2\/product\/15542\/revisions"}],"wp:featuredmedia":[{"embeddable":true,"href":"https:\/\/www.hml-fetish.de\/shop\/fr\/wp-json\/wp\/v2\/media\/15520"}],"wp:attachment":[{"href":"https:\/\/www.hml-fetish.de\/shop\/fr\/wp-json\/wp\/v2\/media?parent=15542"}],"wp:term":[{"taxonomy":"product_brand","embeddable":true,"href":"https:\/\/www.hml-fetish.de\/shop\/fr\/wp-json\/wp\/v2\/product_brand?post=15542"},{"taxonomy":"product_cat","embeddable":true,"href":"https:\/\/www.hml-fetish.de\/shop\/fr\/wp-json\/wp\/v2\/product_cat?post=15542"},{"taxonomy":"product_tag","embeddable":true,"href":"https:\/\/www.hml-fetish.de\/shop\/fr\/wp-json\/wp\/v2\/product_tag?post=15542"}],"curies":[{"name":"wp","href":"https:\/\/api.w.org\/{rel}","templated":true}]}}