{"id":15517,"date":"2022-01-23T22:53:19","date_gmt":"2022-01-23T21:53:19","guid":{"rendered":"https:\/\/www.hml-fetish.de\/shop\/poche-de-ceinture-extra-large\/"},"modified":"2022-01-23T22:53:19","modified_gmt":"2022-01-23T21:53:19","slug":"poche-de-ceinture-extra-large","status":"publish","type":"product","link":"https:\/\/www.hml-fetish.de\/shop\/fr\/poche-de-ceinture-extra-large\/","title":{"rendered":"Poche de ceinture extra large"},"content":{"rendered":"<p>Si vous voulez en transporter un peu plus, c&#8217;est le sac qu&#8217;il vous faut. Il y a beaucoup de choses qui entrent en ligne de compte, du paquet de cigarettes au briquet, en passant par la CI, les pr\u00e9servatifs et le lubrifiant, les gants et le J-Lube. La taille maximale \u00e0 l&#8217;int\u00e9rieur est d&#8217;environ 120 mm x 200 mm x 70 mm, \u00e0 condition de le remplir avec suffisamment de mat\u00e9riel. Un \u00e9troit compartiment int\u00e9rieur pour les billets de banque, des flyers et les cartes. Une solide pochette de ceinture en cuir nappa lisse et brillant d&#8217;environ 3 mm d&#8217;\u00e9paisseur, avec un pli et une boucle de fermeture aussi originale que r\u00e9sistante. Solide et tr\u00e8s pratique. Avec une boucle au dos pour les ceintures jusqu&#8217;\u00e0 5 cm de large.<\/p>\n","protected":false},"excerpt":{"rendered":"<h4>Poche de ceinture extra large<\/h4>\n<p>Si vous voulez en transporter un peu plus, c&#8217;est le sac qu&#8217;il vous faut. Il y a beaucoup de choses qui entrent en ligne de compte, du paquet de cigarettes au briquet, en passant par la CI, les pr\u00e9servatifs et le lubrifiant, les gants et le J-Lube.<\/p>\n","protected":false},"featured_media":15501,"comment_status":"open","ping_status":"closed","template":"","meta":[],"product_brand":[],"product_cat":[606,634,601],"product_tag":[3819,4400],"class_list":{"0":"post-15517","1":"product","2":"type-product","3":"status-publish","4":"has-post-thumbnail","6":"product_cat-accessoires-fr-2-fr","7":"product_cat-accessoires-army","8":"product_cat-ceintures-straps-fr","9":"product_tag-fh-ledermanufaktur-fr","10":"product_tag-hml-fetish-original-fr","11":"product_shipping_class-colis-fr","13":"first","14":"instock","15":"taxable","16":"shipping-taxable","17":"purchasable","18":"product-type-simple"},"_links":{"self":[{"href":"https:\/\/www.hml-fetish.de\/shop\/fr\/wp-json\/wp\/v2\/product\/15517","targetHints":{"allow":["GET"]}}],"collection":[{"href":"https:\/\/www.hml-fetish.de\/shop\/fr\/wp-json\/wp\/v2\/product"}],"about":[{"href":"https:\/\/www.hml-fetish.de\/shop\/fr\/wp-json\/wp\/v2\/types\/product"}],"replies":[{"embeddable":true,"href":"https:\/\/www.hml-fetish.de\/shop\/fr\/wp-json\/wp\/v2\/comments?post=15517"}],"version-history":[{"count":0,"href":"https:\/\/www.hml-fetish.de\/shop\/fr\/wp-json\/wp\/v2\/product\/15517\/revisions"}],"wp:featuredmedia":[{"embeddable":true,"href":"https:\/\/www.hml-fetish.de\/shop\/fr\/wp-json\/wp\/v2\/media\/15501"}],"wp:attachment":[{"href":"https:\/\/www.hml-fetish.de\/shop\/fr\/wp-json\/wp\/v2\/media?parent=15517"}],"wp:term":[{"taxonomy":"product_brand","embeddable":true,"href":"https:\/\/www.hml-fetish.de\/shop\/fr\/wp-json\/wp\/v2\/product_brand?post=15517"},{"taxonomy":"product_cat","embeddable":true,"href":"https:\/\/www.hml-fetish.de\/shop\/fr\/wp-json\/wp\/v2\/product_cat?post=15517"},{"taxonomy":"product_tag","embeddable":true,"href":"https:\/\/www.hml-fetish.de\/shop\/fr\/wp-json\/wp\/v2\/product_tag?post=15517"}],"curies":[{"name":"wp","href":"https:\/\/api.w.org\/{rel}","templated":true}]}}