{"id":15465,"date":"2022-01-23T22:53:20","date_gmt":"2022-01-23T21:53:20","guid":{"rendered":"https:\/\/www.hml-fetish.de\/shop\/portefeuille-en-cuir\/"},"modified":"2022-01-23T22:53:20","modified_gmt":"2022-01-23T21:53:20","slug":"portefeuille-en-cuir","status":"publish","type":"product","link":"https:\/\/www.hml-fetish.de\/shop\/fr\/portefeuille-en-cuir\/","title":{"rendered":"Portefeuille en cuir"},"content":{"rendered":"<p>Le portefeuille classique pour tous les papiers et cartes dont vous avez besoin en d\u00e9placement. Pliage jusqu&#8217;\u00e0 115 mm x 165 mm x 15 mm. Trois fentes pour cartes et trois grandes poches pour les notes, les prospectus, un petit t\u00e9l\u00e9phone portable ou un passeport. Un sac robuste en cuir nappa lisse et brillant d&#8217;environ 1,5 mm d&#8217;\u00e9paisseur. Solidement trait\u00e9 et indestructible.<\/p>\n","protected":false},"excerpt":{"rendered":"<h4>Portefeuille en cuir<\/h4>\n<p>Le portefeuille classique pour tous les papiers et cartes dont vous avez besoin en d\u00e9placement. Pliage jusqu&#8217;\u00e0 115 mm x 165 mm x 15 mm. Trois fentes pour cartes et trois grandes poches pour les notes, les prospectus, un petit t\u00e9l\u00e9phone portable ou un passeport. Un sac robuste en cuir nappa lisse et brillant d&#8217;environ 1,5 mm d&#8217;\u00e9paisseur. Solidement trait\u00e9 et indestructible.<\/p>\n","protected":false},"featured_media":15451,"comment_status":"open","ping_status":"closed","template":"","meta":[],"product_brand":[],"product_cat":[606],"product_tag":[3819,4400],"class_list":{"0":"post-15465","1":"product","2":"type-product","3":"status-publish","4":"has-post-thumbnail","6":"product_cat-accessoires-fr-2-fr","7":"product_tag-fh-ledermanufaktur-fr","8":"product_tag-hml-fetish-original-fr","9":"product_shipping_class-lettre","11":"first","12":"instock","13":"taxable","14":"shipping-taxable","15":"purchasable","16":"product-type-simple"},"_links":{"self":[{"href":"https:\/\/www.hml-fetish.de\/shop\/fr\/wp-json\/wp\/v2\/product\/15465","targetHints":{"allow":["GET"]}}],"collection":[{"href":"https:\/\/www.hml-fetish.de\/shop\/fr\/wp-json\/wp\/v2\/product"}],"about":[{"href":"https:\/\/www.hml-fetish.de\/shop\/fr\/wp-json\/wp\/v2\/types\/product"}],"replies":[{"embeddable":true,"href":"https:\/\/www.hml-fetish.de\/shop\/fr\/wp-json\/wp\/v2\/comments?post=15465"}],"version-history":[{"count":0,"href":"https:\/\/www.hml-fetish.de\/shop\/fr\/wp-json\/wp\/v2\/product\/15465\/revisions"}],"wp:featuredmedia":[{"embeddable":true,"href":"https:\/\/www.hml-fetish.de\/shop\/fr\/wp-json\/wp\/v2\/media\/15451"}],"wp:attachment":[{"href":"https:\/\/www.hml-fetish.de\/shop\/fr\/wp-json\/wp\/v2\/media?parent=15465"}],"wp:term":[{"taxonomy":"product_brand","embeddable":true,"href":"https:\/\/www.hml-fetish.de\/shop\/fr\/wp-json\/wp\/v2\/product_brand?post=15465"},{"taxonomy":"product_cat","embeddable":true,"href":"https:\/\/www.hml-fetish.de\/shop\/fr\/wp-json\/wp\/v2\/product_cat?post=15465"},{"taxonomy":"product_tag","embeddable":true,"href":"https:\/\/www.hml-fetish.de\/shop\/fr\/wp-json\/wp\/v2\/product_tag?post=15465"}],"curies":[{"name":"wp","href":"https:\/\/api.w.org\/{rel}","templated":true}]}}