{"id":15429,"date":"2022-01-23T22:53:20","date_gmt":"2022-01-23T21:53:20","guid":{"rendered":"https:\/\/www.hml-fetish.de\/shop\/poche-de-ceinture-petit\/"},"modified":"2022-01-23T22:53:20","modified_gmt":"2022-01-23T21:53:20","slug":"poche-de-ceinture-petit","status":"publish","type":"product","link":"https:\/\/www.hml-fetish.de\/shop\/fr\/poche-de-ceinture-petit\/","title":{"rendered":"Poche de ceinture petit"},"content":{"rendered":"<p>Un peu plus petite que sa grande soeur mais toujours aux capacit\u00e9s \u00e9tonnantes: cigarettes, briquet, carte d&#8217;identit\u00e9, capotes, lubrifiants ou ar\u00f4mes, tout y passe. Les dimensions int\u00e9rieures sont au maximum 150 mm x 100 mm x 40 mm. Vid\u00e9e, elle a moins d&#8217;un centim\u00e8tre d&#8217;\u00e9paisseur. Une poche de ceinture durable, travaill\u00e9e en nappa bovin de 2 mm pour un bon usage au quotidien.<br \/>\n<BR>Au choux avec une boucle cousue ou une boucle \u00e0 pressions et une mousqueton \u2013 se pr\u00eate particuli\u00e8rement pour \u00eatre attach\u00e9e \u00e0 nos chaps!<\/p>\n","protected":false},"excerpt":{"rendered":"<h4>Poche de ceinture petit<\/h4>\n<p>Un peu plus petite que sa grande soeur mais toujours aux capacit\u00e9s \u00e9tonnantes: cigarettes, briquet, carte d&#8217;identit\u00e9, capotes, lubrifiants ou ar\u00f4mes, tout y passe. Les dimensions int\u00e9rieures sont au maximum 150 mm x 100 mm x 40 mm. Vid\u00e9e, elle a moins d&#8217;un centim\u00e8tre d&#8217;\u00e9paisseur. Une poche de ceinture durable, travaill\u00e9e en nappa bovin de 2 mm pour un bon usage au quotidien.<\/p>\n","protected":false},"featured_media":15403,"comment_status":"open","ping_status":"closed","template":"","meta":[],"product_brand":[],"product_cat":[606,732,646],"product_tag":[4400],"class_list":{"0":"post-15429","1":"product","2":"type-product","3":"status-publish","4":"has-post-thumbnail","6":"product_cat-accessoires-fr-2-fr","7":"product_cat-best-seller","8":"product_cat-ceintures-straps","9":"product_tag-hml-fetish-original-fr","10":"product_shipping_class-lettre","12":"first","13":"instock","14":"taxable","15":"shipping-taxable","16":"purchasable","17":"product-type-variable"},"_links":{"self":[{"href":"https:\/\/www.hml-fetish.de\/shop\/fr\/wp-json\/wp\/v2\/product\/15429","targetHints":{"allow":["GET"]}}],"collection":[{"href":"https:\/\/www.hml-fetish.de\/shop\/fr\/wp-json\/wp\/v2\/product"}],"about":[{"href":"https:\/\/www.hml-fetish.de\/shop\/fr\/wp-json\/wp\/v2\/types\/product"}],"replies":[{"embeddable":true,"href":"https:\/\/www.hml-fetish.de\/shop\/fr\/wp-json\/wp\/v2\/comments?post=15429"}],"version-history":[{"count":0,"href":"https:\/\/www.hml-fetish.de\/shop\/fr\/wp-json\/wp\/v2\/product\/15429\/revisions"}],"wp:featuredmedia":[{"embeddable":true,"href":"https:\/\/www.hml-fetish.de\/shop\/fr\/wp-json\/wp\/v2\/media\/15403"}],"wp:attachment":[{"href":"https:\/\/www.hml-fetish.de\/shop\/fr\/wp-json\/wp\/v2\/media?parent=15429"}],"wp:term":[{"taxonomy":"product_brand","embeddable":true,"href":"https:\/\/www.hml-fetish.de\/shop\/fr\/wp-json\/wp\/v2\/product_brand?post=15429"},{"taxonomy":"product_cat","embeddable":true,"href":"https:\/\/www.hml-fetish.de\/shop\/fr\/wp-json\/wp\/v2\/product_cat?post=15429"},{"taxonomy":"product_tag","embeddable":true,"href":"https:\/\/www.hml-fetish.de\/shop\/fr\/wp-json\/wp\/v2\/product_tag?post=15429"}],"curies":[{"name":"wp","href":"https:\/\/api.w.org\/{rel}","templated":true}]}}