{"id":15379,"date":"2022-01-23T22:53:21","date_gmt":"2022-01-23T21:53:21","guid":{"rendered":"https:\/\/www.hml-fetish.de\/shop\/sound-avec-vibrateur\/"},"modified":"2022-01-23T22:53:21","modified_gmt":"2022-01-23T21:53:21","slug":"sound-avec-vibrateur","status":"publish","type":"product","link":"https:\/\/www.hml-fetish.de\/shop\/fr\/sound-avec-vibrateur\/","title":{"rendered":"Sound avec vibrateur"},"content":{"rendered":"<p>Cette tige ur\u00e9trale peut faire plus : un acier inoxydable m\u00e9dical soigneusement travaill\u00e9 avec un moteur de vibration petit mais agile. D\u00e9sinfecte-le et ins\u00e8re la t\u00eate du dilatateur bien lentement et avec beaucoup de lubrifiant. Ensuite, tourne lentement la fermeture du compartiment de la batterie jusqu&#8217;\u00e0 ce que le contact soit ferm\u00e9 et profite du spectacle.<\/P><br \/>\n<P>Il fonctionne avec une pile AAA (fournie). Le diam\u00e8tre est d&#8217;environ 8 mm. La longueur de la tige est de 190 mm.<\/p>\n","protected":false},"excerpt":{"rendered":"<h4>Sound avec vibrateur\/h4><\/p>\n<p>Cette tige ur\u00e9trale peut faire plus : un acier inoxydable m\u00e9dical soigneusement travaill\u00e9 avec un moteur de vibration petit mais agile. D\u00e9sinfecte-le et ins\u00e8re la t\u00eate du dilatateur bien lentement et avec beaucoup de lubrifiant. Ensuite, tourne lentement la fermeture du compartiment de la batterie jusqu&#8217;\u00e0 ce que le contact soit ferm\u00e9 et profite du spectacle.<\/P><\/p>\n","protected":false},"featured_media":15363,"comment_status":"open","ping_status":"closed","template":"","meta":[],"product_brand":[],"product_cat":[697,714],"product_tag":[],"class_list":{"0":"post-15379","1":"product","2":"type-product","3":"status-publish","4":"has-post-thumbnail","6":"product_cat-cbt-fr","7":"product_cat-dungeon-fr","8":"product_shipping_class-lettre","10":"first","11":"instock","12":"taxable","13":"shipping-taxable","14":"purchasable","15":"product-type-simple"},"_links":{"self":[{"href":"https:\/\/www.hml-fetish.de\/shop\/fr\/wp-json\/wp\/v2\/product\/15379","targetHints":{"allow":["GET"]}}],"collection":[{"href":"https:\/\/www.hml-fetish.de\/shop\/fr\/wp-json\/wp\/v2\/product"}],"about":[{"href":"https:\/\/www.hml-fetish.de\/shop\/fr\/wp-json\/wp\/v2\/types\/product"}],"replies":[{"embeddable":true,"href":"https:\/\/www.hml-fetish.de\/shop\/fr\/wp-json\/wp\/v2\/comments?post=15379"}],"version-history":[{"count":0,"href":"https:\/\/www.hml-fetish.de\/shop\/fr\/wp-json\/wp\/v2\/product\/15379\/revisions"}],"wp:featuredmedia":[{"embeddable":true,"href":"https:\/\/www.hml-fetish.de\/shop\/fr\/wp-json\/wp\/v2\/media\/15363"}],"wp:attachment":[{"href":"https:\/\/www.hml-fetish.de\/shop\/fr\/wp-json\/wp\/v2\/media?parent=15379"}],"wp:term":[{"taxonomy":"product_brand","embeddable":true,"href":"https:\/\/www.hml-fetish.de\/shop\/fr\/wp-json\/wp\/v2\/product_brand?post=15379"},{"taxonomy":"product_cat","embeddable":true,"href":"https:\/\/www.hml-fetish.de\/shop\/fr\/wp-json\/wp\/v2\/product_cat?post=15379"},{"taxonomy":"product_tag","embeddable":true,"href":"https:\/\/www.hml-fetish.de\/shop\/fr\/wp-json\/wp\/v2\/product_tag?post=15379"}],"curies":[{"name":"wp","href":"https:\/\/api.w.org\/{rel}","templated":true}]}}