{"id":15101,"date":"2022-01-23T22:53:42","date_gmt":"2022-01-23T21:53:42","guid":{"rendered":"https:\/\/www.hml-fetish.de\/shop\/attache-cou-dos\/"},"modified":"2022-01-23T22:53:42","modified_gmt":"2022-01-23T21:53:42","slug":"attache-cou-dos","status":"publish","type":"product","link":"https:\/\/www.hml-fetish.de\/shop\/fr\/attache-cou-dos\/","title":{"rendered":"Attache-cou-dos"},"content":{"rendered":"<p>\u00c0 l&#8217;air simple mais tr\u00e8s efficace. Assembl\u00e9e de ceintures (largeur 40 mm) \u00e0 deux de couches de cuir de 1,1 mm d&#8217;\u00e9paisseur, coll\u00e9e, cousue et riv\u00e9e. Avec des anneaux dans la nuque et au niveau des reins. Le dernier permet de combine cette attache \u00e0 tous nos harnais ainsi qu&#8217;\u00e0 la plupart de nos strings. Une sangle passant par l&#8217;entre-jambe permet d&#8217;y fixer un cockring. La sangle et le cockring co\u00fbtent un extra de 30 &euro; &#8211; dans ce cas. Indique la taille de cockring souhait\u00e9e dans le champ de commentaire lors du contr\u00f4le de ta commande, sinon nous livrons du 50 mm !<\/p>\n","protected":false},"excerpt":{"rendered":"<h4>Attache-cou-dos<\/h4>\n<p>\u00c0 l&#8217;air simple mais tr\u00e8s efficace. Assembl\u00e9e de ceintures (largeur 40 mm) \u00e0 deux de couches de cuir de 1,1 mm d&#8217;\u00e9paisseur, coll\u00e9e, cousue et riv\u00e9e. Avec des anneaux dans la nuque et au niveau des reins.<\/p>\n","protected":false},"featured_media":15070,"comment_status":"open","ping_status":"closed","template":"","meta":[],"product_brand":[],"product_cat":[599,732,690],"product_tag":[4400],"class_list":{"0":"post-15101","1":"product","2":"type-product","3":"status-publish","4":"has-post-thumbnail","6":"product_cat-attaches-en-cuir","7":"product_cat-best-seller","8":"product_cat-bondage-fr","9":"product_tag-hml-fetish-original-fr","10":"product_shipping_class-colis-fr","12":"first","13":"instock","14":"taxable","15":"shipping-taxable","16":"purchasable","17":"product-type-variable"},"_links":{"self":[{"href":"https:\/\/www.hml-fetish.de\/shop\/fr\/wp-json\/wp\/v2\/product\/15101","targetHints":{"allow":["GET"]}}],"collection":[{"href":"https:\/\/www.hml-fetish.de\/shop\/fr\/wp-json\/wp\/v2\/product"}],"about":[{"href":"https:\/\/www.hml-fetish.de\/shop\/fr\/wp-json\/wp\/v2\/types\/product"}],"replies":[{"embeddable":true,"href":"https:\/\/www.hml-fetish.de\/shop\/fr\/wp-json\/wp\/v2\/comments?post=15101"}],"version-history":[{"count":0,"href":"https:\/\/www.hml-fetish.de\/shop\/fr\/wp-json\/wp\/v2\/product\/15101\/revisions"}],"wp:featuredmedia":[{"embeddable":true,"href":"https:\/\/www.hml-fetish.de\/shop\/fr\/wp-json\/wp\/v2\/media\/15070"}],"wp:attachment":[{"href":"https:\/\/www.hml-fetish.de\/shop\/fr\/wp-json\/wp\/v2\/media?parent=15101"}],"wp:term":[{"taxonomy":"product_brand","embeddable":true,"href":"https:\/\/www.hml-fetish.de\/shop\/fr\/wp-json\/wp\/v2\/product_brand?post=15101"},{"taxonomy":"product_cat","embeddable":true,"href":"https:\/\/www.hml-fetish.de\/shop\/fr\/wp-json\/wp\/v2\/product_cat?post=15101"},{"taxonomy":"product_tag","embeddable":true,"href":"https:\/\/www.hml-fetish.de\/shop\/fr\/wp-json\/wp\/v2\/product_tag?post=15101"}],"curies":[{"name":"wp","href":"https:\/\/api.w.org\/{rel}","templated":true}]}}