{"id":15066,"date":"2022-01-23T22:53:43","date_gmt":"2022-01-23T21:53:43","guid":{"rendered":"https:\/\/www.hml-fetish.de\/shop\/canne\/"},"modified":"2022-01-23T22:53:43","modified_gmt":"2022-01-23T21:53:43","slug":"canne","status":"publish","type":"product","link":"https:\/\/www.hml-fetish.de\/shop\/fr\/canne\/","title":{"rendered":"Canne"},"content":{"rendered":"<p>Une canne \u00e9lastique en v\u00e9ritable canne de bambou \u00e9corc\u00e9e ! Environ 8 mm d&#8217;\u00e9paisseur. Si tu aimes les frasques, tu as ici l&#8217;instrument id\u00e9al pour ton professeur ! Cette canne mesure environ 80 cm de long. Arroser avant utilisation !<\/p>\n","protected":false},"excerpt":{"rendered":"<h4>Canne<\/h4>\n<p>Une canne \u00e9lastique en v\u00e9ritable canne de bambou \u00e9corc\u00e9e ! Environ 8 mm d&#8217;\u00e9paisseur. Si tu aimes les frasques, tu as ici l&#8217;instrument id\u00e9al pour ton professeur ! Cette canne mesure environ 80 cm de long. Arroser avant utilisation !<\/p>\n","protected":false},"featured_media":15050,"comment_status":"open","ping_status":"closed","template":"","meta":[],"product_brand":[],"product_cat":[714,706],"product_tag":[],"class_list":{"0":"post-15066","1":"product","2":"type-product","3":"status-publish","4":"has-post-thumbnail","6":"product_cat-dungeon-fr","7":"product_cat-flag-fr","8":"product_shipping_class-colis-fr","10":"first","11":"instock","12":"taxable","13":"shipping-taxable","14":"purchasable","15":"product-type-simple"},"_links":{"self":[{"href":"https:\/\/www.hml-fetish.de\/shop\/fr\/wp-json\/wp\/v2\/product\/15066","targetHints":{"allow":["GET"]}}],"collection":[{"href":"https:\/\/www.hml-fetish.de\/shop\/fr\/wp-json\/wp\/v2\/product"}],"about":[{"href":"https:\/\/www.hml-fetish.de\/shop\/fr\/wp-json\/wp\/v2\/types\/product"}],"replies":[{"embeddable":true,"href":"https:\/\/www.hml-fetish.de\/shop\/fr\/wp-json\/wp\/v2\/comments?post=15066"}],"version-history":[{"count":0,"href":"https:\/\/www.hml-fetish.de\/shop\/fr\/wp-json\/wp\/v2\/product\/15066\/revisions"}],"wp:featuredmedia":[{"embeddable":true,"href":"https:\/\/www.hml-fetish.de\/shop\/fr\/wp-json\/wp\/v2\/media\/15050"}],"wp:attachment":[{"href":"https:\/\/www.hml-fetish.de\/shop\/fr\/wp-json\/wp\/v2\/media?parent=15066"}],"wp:term":[{"taxonomy":"product_brand","embeddable":true,"href":"https:\/\/www.hml-fetish.de\/shop\/fr\/wp-json\/wp\/v2\/product_brand?post=15066"},{"taxonomy":"product_cat","embeddable":true,"href":"https:\/\/www.hml-fetish.de\/shop\/fr\/wp-json\/wp\/v2\/product_cat?post=15066"},{"taxonomy":"product_tag","embeddable":true,"href":"https:\/\/www.hml-fetish.de\/shop\/fr\/wp-json\/wp\/v2\/product_tag?post=15066"}],"curies":[{"name":"wp","href":"https:\/\/api.w.org\/{rel}","templated":true}]}}