{"id":14928,"date":"2022-01-23T22:53:46","date_gmt":"2022-01-23T21:53:46","guid":{"rendered":"https:\/\/www.hml-fetish.de\/shop\/gode-a-ventouse-71-mm\/"},"modified":"2022-01-23T22:53:46","modified_gmt":"2022-01-23T21:53:46","slug":"gode-a-ventouse-71-mm","status":"publish","type":"product","link":"https:\/\/www.hml-fetish.de\/shop\/fr\/gode-a-ventouse-71-mm\/","title":{"rendered":"Gode \u00e0 ventouse 71 mm"},"content":{"rendered":"<p>Voici une nouvelle s\u00e9rie de godemich\u00e9s sp\u00e9ciaux avec une ventouse. Il est en PVC et ne contient ni phtalates ni latex, il est inodore, non toxique et facile \u00e0 nettoyer. Ce type a tout ce qu&#8217;il faut pour devenir ton compagnon pour de tr\u00e8s nombreuses fois. Il a un diam\u00e8tre de 71 mm et une longueur d&#8217;environ 345 mm.<\/p>\n<p>La ventouse ne fonctionne que sur le sol pour les gros godemich\u00e9s. Tu ne devrais pas le coller au mur et t&#8217;attendre \u00e0 ce qu&#8217;il y reste \ud83d\ude09<\/p>\n<p>.<\/p>\n","protected":false},"excerpt":{"rendered":"<h4>Gode \u00e0 ventouse 71 mm<\/h4>\n<p>Voici une nouvelle s\u00e9rie de godemich\u00e9s sp\u00e9ciaux avec une ventouse. Il est en PVC et ne contient ni phtalates ni latex, il est inodore, non toxique et facile \u00e0 nettoyer. Ce type a tout ce qu&#8217;il faut pour devenir ton compagnon pour de tr\u00e8s nombreuses fois. Il a un diam\u00e8tre de 71 mm et une longueur d&#8217;environ 345 mm.<\/p>\n","protected":false},"featured_media":14918,"comment_status":"open","ping_status":"closed","template":"","meta":[],"product_brand":[],"product_cat":[684,736],"product_tag":[],"class_list":{"0":"post-14928","1":"product","2":"type-product","3":"status-publish","4":"has-post-thumbnail","6":"product_cat-godes","7":"product_cat-nouveau-hml","8":"product_shipping_class-colis-fr","10":"first","11":"instock","12":"taxable","13":"shipping-taxable","14":"purchasable","15":"product-type-simple"},"_links":{"self":[{"href":"https:\/\/www.hml-fetish.de\/shop\/fr\/wp-json\/wp\/v2\/product\/14928","targetHints":{"allow":["GET"]}}],"collection":[{"href":"https:\/\/www.hml-fetish.de\/shop\/fr\/wp-json\/wp\/v2\/product"}],"about":[{"href":"https:\/\/www.hml-fetish.de\/shop\/fr\/wp-json\/wp\/v2\/types\/product"}],"replies":[{"embeddable":true,"href":"https:\/\/www.hml-fetish.de\/shop\/fr\/wp-json\/wp\/v2\/comments?post=14928"}],"version-history":[{"count":0,"href":"https:\/\/www.hml-fetish.de\/shop\/fr\/wp-json\/wp\/v2\/product\/14928\/revisions"}],"wp:featuredmedia":[{"embeddable":true,"href":"https:\/\/www.hml-fetish.de\/shop\/fr\/wp-json\/wp\/v2\/media\/14918"}],"wp:attachment":[{"href":"https:\/\/www.hml-fetish.de\/shop\/fr\/wp-json\/wp\/v2\/media?parent=14928"}],"wp:term":[{"taxonomy":"product_brand","embeddable":true,"href":"https:\/\/www.hml-fetish.de\/shop\/fr\/wp-json\/wp\/v2\/product_brand?post=14928"},{"taxonomy":"product_cat","embeddable":true,"href":"https:\/\/www.hml-fetish.de\/shop\/fr\/wp-json\/wp\/v2\/product_cat?post=14928"},{"taxonomy":"product_tag","embeddable":true,"href":"https:\/\/www.hml-fetish.de\/shop\/fr\/wp-json\/wp\/v2\/product_tag?post=14928"}],"curies":[{"name":"wp","href":"https:\/\/api.w.org\/{rel}","templated":true}]}}