{"id":14752,"date":"2022-01-23T22:53:48","date_gmt":"2022-01-23T21:53:48","guid":{"rendered":"https:\/\/www.hml-fetish.de\/shop\/kit-de-porte-plug\/"},"modified":"2025-11-27T13:59:13","modified_gmt":"2025-11-27T12:59:13","slug":"kit-de-porte-plug","status":"publish","type":"product","link":"https:\/\/www.hml-fetish.de\/shop\/fr\/kit-de-porte-plug\/","title":{"rendered":"Kit de Porte-Plug"},"content":{"rendered":"<p><P>As-tu d\u00e9j\u00e0 r\u00e9fl\u00e9chi \u00e0 ce que l&#8217;on ressent lorsqu&#8217;on est \u00e0 la fois excit\u00e9 et ferm\u00e9 \u00e0 l&#8217;arri\u00e8re ? Ce que tu ressens lorsque tu es assis dans ton bureau \u00e0 domicile, que tu vas au travail ou que tu vas \u00e0 un concert avec des amis ?<\/P><br \/>\n<P>Il existe d\u00e9sormais une solution \u00e0 ce probl\u00e8me, \u00e0 savoir notre kit de support de plug. Un plug de ton choix remplit tes fesses. Il est maintenu par une construction raffin\u00e9e compos\u00e9e de notre porte-plug et d&#8217;un mini-string, notre plus petit slip. Leurs sangles maintiennent en m\u00eame temps le plug en position et sont ancr\u00e9es de l&#8217;autre c\u00f4t\u00e9 avec un cockring autour de ta queue. Rester chaste peut \u00eatre sacr\u00e9ment difficile si tu sens tout le temps un pieu dans ton cul. Dans ce cas, la trique pousse toute seule \u00e0 l&#8217;avant.<\/P><br \/>\n<P>Tu veux ressentir cette forme d&#8217;impuissance ? Alors ach\u00e8te notre set compos\u00e9 d&#8217;un plug de ta taille, d&#8217;un support de plug pratique (cuir) et d&#8217;un mini-string (cuir) ici ensemble. Nous produisons nous-m\u00eames les pi\u00e8ces en cuir ! C&#8217;est tout ce dont tu as besoin. Ici, tu \u00e9conomises en plus, car la somme des prix individuels se situe entre 112,70 euros et 129,70 euros. Nous avons ces tailles de plugs en stock :<BR><br \/>\n30 mm x 100 mm<BR><br \/>\n37 mm x 135 mm<BR><br \/>\n40 mm x 140 mm<BR><br \/>\n48 mm x 160 mm<BR><br \/>\n54 mm x 100 mm<\/P><br \/>\n<P>Veuillez indiquer le diam\u00e8tre du plug souhait\u00e9, le diam\u00e8tre int\u00e9rieur du cockring (nous recommandons une taille sup\u00e9rieure \u00e0 celle que vous portez habituellement !) ainsi que la taille du mini string.<\/P><br \/>\n<P><img decoding=\"async\" src=\"\/GIF\/sizefr_unisex_sp.gif\" alt=\"tableau des tailles\" title=\"tableau des tailles\" border=\"0\" height=\"194\" width=\"114\"><\/P><\/p>\n","protected":false},"excerpt":{"rendered":"<h4>Kit de Porte-Plug<\/h4>\n<p><P>Il existe d\u00e9sormais une solution \u00e0 ce probl\u00e8me, \u00e0 savoir notre kit de support de plug. Un plug de ton choix remplit tes fesses. Il est maintenu par une construction raffin\u00e9e compos\u00e9e de notre porte-plug et d&#8217;un mini-string, notre plus petit slip. Leurs sangles maintiennent en m\u00eame temps le plug en position et sont ancr\u00e9es de l&#8217;autre c\u00f4t\u00e9 avec un cockring autour de ta queue. Rester chaste peut \u00eatre sacr\u00e9ment difficile si tu sens tout le temps un pieu dans ton cul. Dans ce cas, la trique pousse toute seule \u00e0 l&#8217;avant.<\/P><\/p>\n","protected":false},"featured_media":14489,"comment_status":"open","ping_status":"closed","template":"","meta":[],"product_brand":[],"product_cat":[596,732,710,714,686,654],"product_tag":[4400],"class_list":{"0":"post-14752","1":"product","2":"type-product","3":"status-publish","4":"has-post-thumbnail","6":"product_cat-dessous-fr","7":"product_cat-best-seller","8":"product_cat-chastete","9":"product_cat-dungeon-fr","10":"product_cat-plugs-fr","11":"product_cat-slips-thongs","12":"product_tag-hml-fetish-original-fr","13":"product_shipping_class-colis-fr","15":"first","16":"instock","17":"taxable","18":"shipping-taxable","19":"purchasable","20":"product-type-variable"},"_links":{"self":[{"href":"https:\/\/www.hml-fetish.de\/shop\/fr\/wp-json\/wp\/v2\/product\/14752","targetHints":{"allow":["GET"]}}],"collection":[{"href":"https:\/\/www.hml-fetish.de\/shop\/fr\/wp-json\/wp\/v2\/product"}],"about":[{"href":"https:\/\/www.hml-fetish.de\/shop\/fr\/wp-json\/wp\/v2\/types\/product"}],"replies":[{"embeddable":true,"href":"https:\/\/www.hml-fetish.de\/shop\/fr\/wp-json\/wp\/v2\/comments?post=14752"}],"version-history":[{"count":0,"href":"https:\/\/www.hml-fetish.de\/shop\/fr\/wp-json\/wp\/v2\/product\/14752\/revisions"}],"wp:featuredmedia":[{"embeddable":true,"href":"https:\/\/www.hml-fetish.de\/shop\/fr\/wp-json\/wp\/v2\/media\/14489"}],"wp:attachment":[{"href":"https:\/\/www.hml-fetish.de\/shop\/fr\/wp-json\/wp\/v2\/media?parent=14752"}],"wp:term":[{"taxonomy":"product_brand","embeddable":true,"href":"https:\/\/www.hml-fetish.de\/shop\/fr\/wp-json\/wp\/v2\/product_brand?post=14752"},{"taxonomy":"product_cat","embeddable":true,"href":"https:\/\/www.hml-fetish.de\/shop\/fr\/wp-json\/wp\/v2\/product_cat?post=14752"},{"taxonomy":"product_tag","embeddable":true,"href":"https:\/\/www.hml-fetish.de\/shop\/fr\/wp-json\/wp\/v2\/product_tag?post=14752"}],"curies":[{"name":"wp","href":"https:\/\/api.w.org\/{rel}","templated":true}]}}