{"id":14440,"date":"2022-01-23T22:53:48","date_gmt":"2022-01-23T21:53:48","guid":{"rendered":"https:\/\/www.hml-fetish.de\/shop\/cock-strap-triple-avec-epines\/"},"modified":"2022-01-23T22:53:48","modified_gmt":"2022-01-23T21:53:48","slug":"cock-strap-triple-avec-epines","status":"publish","type":"product","link":"https:\/\/www.hml-fetish.de\/shop\/fr\/cock-strap-triple-avec-epines\/","title":{"rendered":"Cock-strap triple avec \u00e9pines"},"content":{"rendered":"<p><P>Trois bandes solidement rivet\u00e9es entre elles, une pour la racine de la queue, une pour la queue et une pour le sac, constituent ce petit appareil tr\u00e8s efficace. Tu peux le fermer et l&#8217;ajuster avec des boutons-pression. Le clou : les trois bandes sont munies d&#8217;\u00e9pines pointues \u00e0 l&#8217;int\u00e9rieur. Tu garderas certainement un souvenir durable de tes prochaines courses au supermarch\u00e9 si tu portes cette m\u00e9chante petite chose.<\/P><br \/>\n<P>Pour rassurer les plus d\u00e9licats : la peau autour de la queue et du sac est trop \u00e9paisse pour que les \u00e9pines puissent provoquer de graves blessures. La jupe et la balle en \u00e9pines ne font que se rappeler \u00e0 ton bon souvenir \u00e0 chaque mouvement&#8230;<\/P><\/p>\n","protected":false},"excerpt":{"rendered":"<h4>Cock-strap triple avec \u00e9pines<\/h4>\n<p><P>Trois bandes solidement rivet\u00e9es entre elles, une pour la racine de la queue, une pour la queue et une pour le sac, constituent ce petit appareil tr\u00e8s efficace. Tu peux le fermer et l&#8217;ajuster avec des boutons-pression. Le clou : les trois bandes sont munies d&#8217;\u00e9pines pointues \u00e0 l&#8217;int\u00e9rieur. Tu garderas certainement un souvenir durable de tes prochaines courses au supermarch\u00e9 si tu portes cette m\u00e9chante petite chose.<\/P><\/p>\n","protected":false},"featured_media":14434,"comment_status":"open","ping_status":"closed","template":"","meta":[],"product_brand":[],"product_cat":[697,678,714],"product_tag":[4400],"class_list":{"0":"post-14440","1":"product","2":"type-product","3":"status-publish","4":"has-post-thumbnail","6":"product_cat-cbt-fr","7":"product_cat-cock-halter-fr","8":"product_cat-dungeon-fr","9":"product_tag-hml-fetish-original-fr","10":"product_shipping_class-lettre","12":"first","13":"instock","14":"taxable","15":"shipping-taxable","16":"purchasable","17":"product-type-simple"},"_links":{"self":[{"href":"https:\/\/www.hml-fetish.de\/shop\/fr\/wp-json\/wp\/v2\/product\/14440","targetHints":{"allow":["GET"]}}],"collection":[{"href":"https:\/\/www.hml-fetish.de\/shop\/fr\/wp-json\/wp\/v2\/product"}],"about":[{"href":"https:\/\/www.hml-fetish.de\/shop\/fr\/wp-json\/wp\/v2\/types\/product"}],"replies":[{"embeddable":true,"href":"https:\/\/www.hml-fetish.de\/shop\/fr\/wp-json\/wp\/v2\/comments?post=14440"}],"version-history":[{"count":0,"href":"https:\/\/www.hml-fetish.de\/shop\/fr\/wp-json\/wp\/v2\/product\/14440\/revisions"}],"wp:featuredmedia":[{"embeddable":true,"href":"https:\/\/www.hml-fetish.de\/shop\/fr\/wp-json\/wp\/v2\/media\/14434"}],"wp:attachment":[{"href":"https:\/\/www.hml-fetish.de\/shop\/fr\/wp-json\/wp\/v2\/media?parent=14440"}],"wp:term":[{"taxonomy":"product_brand","embeddable":true,"href":"https:\/\/www.hml-fetish.de\/shop\/fr\/wp-json\/wp\/v2\/product_brand?post=14440"},{"taxonomy":"product_cat","embeddable":true,"href":"https:\/\/www.hml-fetish.de\/shop\/fr\/wp-json\/wp\/v2\/product_cat?post=14440"},{"taxonomy":"product_tag","embeddable":true,"href":"https:\/\/www.hml-fetish.de\/shop\/fr\/wp-json\/wp\/v2\/product_tag?post=14440"}],"curies":[{"name":"wp","href":"https:\/\/api.w.org\/{rel}","templated":true}]}}