{"id":14430,"date":"2022-01-23T22:53:49","date_gmt":"2022-01-23T21:53:49","guid":{"rendered":"https:\/\/www.hml-fetish.de\/shop\/cock-band-en-cuir-a-epines\/"},"modified":"2022-01-23T22:53:49","modified_gmt":"2022-01-23T21:53:49","slug":"cock-band-en-cuir-a-epines","status":"publish","type":"product","link":"https:\/\/www.hml-fetish.de\/shop\/fr\/cock-band-en-cuir-a-epines\/","title":{"rendered":"Cock-band en cuir \u00e0 \u00e9pines"},"content":{"rendered":"<p>Simple \u00e0 l&#8217;ext\u00e9rieur &#8211; mais attention : l&#8217;int\u00e9rieur de la chose est garni d&#8217;\u00e9pines. Environ 24 mm de large. M\u00eame pendant le travail de bureau le plus ennuyeux, cette chose pointue te tient \u00e9veill\u00e9 \u00e0 coup s\u00fbr.<\/p>\n<p>Pour rassurer les plus d\u00e9licats : la peau autour de la queue et du sac est trop \u00e9paisse pour que les \u00e9pines puissent provoquer de graves blessures. Elles ne font que se rappeler \u00e0 leur bon souvenir \u00e0 chaque mouvement&#8230;<\/p>\n","protected":false},"excerpt":{"rendered":"<h4>Cock-band en cuir \u00e0 \u00e9pines<\/h4>\n<p>Simple \u00e0 l&#8217;ext\u00e9rieur &#8211; mais attention : l&#8217;int\u00e9rieur de la chose est garni d&#8217;\u00e9pines. Environ 24 mm de large. M\u00eame pendant le travail de bureau le plus ennuyeux, cette chose pointue te tient \u00e9veill\u00e9 \u00e0 coup s\u00fbr.<\/p>\n","protected":false},"featured_media":14416,"comment_status":"open","ping_status":"closed","template":"","meta":[],"product_brand":[],"product_cat":[697,710,676],"product_tag":[4400],"class_list":{"0":"post-14430","1":"product","2":"type-product","3":"status-publish","4":"has-post-thumbnail","6":"product_cat-cbt-fr","7":"product_cat-chastete","8":"product_cat-cock-straps-fr","9":"product_tag-hml-fetish-original-fr","10":"product_shipping_class-lettre","12":"first","13":"instock","14":"taxable","15":"shipping-taxable","16":"purchasable","17":"product-type-simple"},"_links":{"self":[{"href":"https:\/\/www.hml-fetish.de\/shop\/fr\/wp-json\/wp\/v2\/product\/14430","targetHints":{"allow":["GET"]}}],"collection":[{"href":"https:\/\/www.hml-fetish.de\/shop\/fr\/wp-json\/wp\/v2\/product"}],"about":[{"href":"https:\/\/www.hml-fetish.de\/shop\/fr\/wp-json\/wp\/v2\/types\/product"}],"replies":[{"embeddable":true,"href":"https:\/\/www.hml-fetish.de\/shop\/fr\/wp-json\/wp\/v2\/comments?post=14430"}],"version-history":[{"count":0,"href":"https:\/\/www.hml-fetish.de\/shop\/fr\/wp-json\/wp\/v2\/product\/14430\/revisions"}],"wp:featuredmedia":[{"embeddable":true,"href":"https:\/\/www.hml-fetish.de\/shop\/fr\/wp-json\/wp\/v2\/media\/14416"}],"wp:attachment":[{"href":"https:\/\/www.hml-fetish.de\/shop\/fr\/wp-json\/wp\/v2\/media?parent=14430"}],"wp:term":[{"taxonomy":"product_brand","embeddable":true,"href":"https:\/\/www.hml-fetish.de\/shop\/fr\/wp-json\/wp\/v2\/product_brand?post=14430"},{"taxonomy":"product_cat","embeddable":true,"href":"https:\/\/www.hml-fetish.de\/shop\/fr\/wp-json\/wp\/v2\/product_cat?post=14430"},{"taxonomy":"product_tag","embeddable":true,"href":"https:\/\/www.hml-fetish.de\/shop\/fr\/wp-json\/wp\/v2\/product_tag?post=14430"}],"curies":[{"name":"wp","href":"https:\/\/api.w.org\/{rel}","templated":true}]}}