{"id":14394,"date":"2022-01-23T22:53:49","date_gmt":"2022-01-23T21:53:49","guid":{"rendered":"https:\/\/www.hml-fetish.de\/shop\/cock-band-en-cuir-avec-trous\/"},"modified":"2022-01-23T22:53:49","modified_gmt":"2022-01-23T21:53:49","slug":"cock-band-en-cuir-avec-trous","status":"publish","type":"product","link":"https:\/\/www.hml-fetish.de\/shop\/fr\/cock-band-en-cuir-avec-trous\/","title":{"rendered":"Cock-band en cuir avec trous"},"content":{"rendered":"<p>Ce cockband a une largeur d&#8217;environ 20 mm. Il se ferme \u00e0 l&#8217;aide de gros boutons-pression et peut donc \u00eatre r\u00e9gl\u00e9 sur des diam\u00e8tres d&#8217;environ 45 mm et 50 mm. Il poss\u00e8de une s\u00e9rie de trous renforc\u00e9s par des rivets. Ce n&#8217;est pas seulement esth\u00e9tique, tu peux aussi y attacher des ficelles.<\/p>\n","protected":false},"excerpt":{"rendered":"<h4>Cock-band en cuir avec trous<\/h4>\n<p>Ce cockband a une largeur d&#8217;environ 20 mm. Il se ferme \u00e0 l&#8217;aide de gros boutons-pression et peut donc \u00eatre r\u00e9gl\u00e9 sur des diam\u00e8tres d&#8217;environ 45 mm et 50 mm. Il poss\u00e8de une s\u00e9rie de trous renforc\u00e9s par des rivets. Ce n&#8217;est pas seulement esth\u00e9tique, tu peux aussi y attacher des ficelles.<\/p>\n","protected":false},"featured_media":14387,"comment_status":"open","ping_status":"closed","template":"","meta":[],"product_brand":[],"product_cat":[690,604,676],"product_tag":[4400],"class_list":{"0":"post-14394","1":"product","2":"type-product","3":"status-publish","4":"has-post-thumbnail","6":"product_cat-bondage-fr","7":"product_cat-bracelets","8":"product_cat-cock-straps-fr","9":"product_tag-hml-fetish-original-fr","10":"product_shipping_class-lettre","12":"first","13":"instock","14":"taxable","15":"shipping-taxable","16":"purchasable","17":"product-type-simple"},"_links":{"self":[{"href":"https:\/\/www.hml-fetish.de\/shop\/fr\/wp-json\/wp\/v2\/product\/14394","targetHints":{"allow":["GET"]}}],"collection":[{"href":"https:\/\/www.hml-fetish.de\/shop\/fr\/wp-json\/wp\/v2\/product"}],"about":[{"href":"https:\/\/www.hml-fetish.de\/shop\/fr\/wp-json\/wp\/v2\/types\/product"}],"replies":[{"embeddable":true,"href":"https:\/\/www.hml-fetish.de\/shop\/fr\/wp-json\/wp\/v2\/comments?post=14394"}],"version-history":[{"count":0,"href":"https:\/\/www.hml-fetish.de\/shop\/fr\/wp-json\/wp\/v2\/product\/14394\/revisions"}],"wp:featuredmedia":[{"embeddable":true,"href":"https:\/\/www.hml-fetish.de\/shop\/fr\/wp-json\/wp\/v2\/media\/14387"}],"wp:attachment":[{"href":"https:\/\/www.hml-fetish.de\/shop\/fr\/wp-json\/wp\/v2\/media?parent=14394"}],"wp:term":[{"taxonomy":"product_brand","embeddable":true,"href":"https:\/\/www.hml-fetish.de\/shop\/fr\/wp-json\/wp\/v2\/product_brand?post=14394"},{"taxonomy":"product_cat","embeddable":true,"href":"https:\/\/www.hml-fetish.de\/shop\/fr\/wp-json\/wp\/v2\/product_cat?post=14394"},{"taxonomy":"product_tag","embeddable":true,"href":"https:\/\/www.hml-fetish.de\/shop\/fr\/wp-json\/wp\/v2\/product_tag?post=14394"}],"curies":[{"name":"wp","href":"https:\/\/api.w.org\/{rel}","templated":true}]}}