{"id":14381,"date":"2022-01-23T22:53:49","date_gmt":"2022-01-23T21:53:49","guid":{"rendered":"https:\/\/www.hml-fetish.de\/shop\/cock-strap-tout-atout-en-cuir\/"},"modified":"2022-01-23T22:53:49","modified_gmt":"2022-01-23T21:53:49","slug":"cock-strap-tout-atout-en-cuir","status":"publish","type":"product","link":"https:\/\/www.hml-fetish.de\/shop\/fr\/cock-strap-tout-atout-en-cuir\/","title":{"rendered":"Cock-strap tout atout en cuir"},"content":{"rendered":"<p><P>Il y a des dizaines de fa\u00e7ons de mettre ce cockband. En cuir de b\u0153uf solide, d&#8217;une largeur d&#8217;environ 15 mm et avec de nombreux boutons-pression. Nous proposons deux versions, une de 30 cm et une de 45 cm. Ce ruban exclusif est \u00e9galement tr\u00e8s photog\u00e9nique en tant que bracelet. Essayez-le !<\/P><\/p>\n","protected":false},"excerpt":{"rendered":"<h4>Cock-strap tout atout en cuir<\/h4>\n<p><P>Il y a des dizaines de fa\u00e7ons de mettre ce cockband. En cuir de b\u0153uf solide, d&#8217;une largeur d&#8217;environ 15 mm et avec de nombreux boutons-pression. Nous proposons deux versions, une de 30 cm et une de 45 cm. Ce ruban exclusif est \u00e9galement tr\u00e8s photog\u00e9nique en tant que bracelet. Essayez-le !<\/P><\/p>\n","protected":false},"featured_media":14355,"comment_status":"open","ping_status":"closed","template":"","meta":[],"product_brand":[],"product_cat":[732,604,676],"product_tag":[4388,4400],"class_list":{"0":"post-14381","1":"product","2":"type-product","3":"status-publish","4":"has-post-thumbnail","6":"product_cat-best-seller","7":"product_cat-bracelets","8":"product_cat-cock-straps-fr","9":"product_tag-best-seller-bijoux-intimes","10":"product_tag-hml-fetish-original-fr","11":"product_shipping_class-lettre","13":"first","14":"instock","15":"taxable","16":"shipping-taxable","17":"purchasable","18":"product-type-variable"},"_links":{"self":[{"href":"https:\/\/www.hml-fetish.de\/shop\/fr\/wp-json\/wp\/v2\/product\/14381","targetHints":{"allow":["GET"]}}],"collection":[{"href":"https:\/\/www.hml-fetish.de\/shop\/fr\/wp-json\/wp\/v2\/product"}],"about":[{"href":"https:\/\/www.hml-fetish.de\/shop\/fr\/wp-json\/wp\/v2\/types\/product"}],"replies":[{"embeddable":true,"href":"https:\/\/www.hml-fetish.de\/shop\/fr\/wp-json\/wp\/v2\/comments?post=14381"}],"version-history":[{"count":0,"href":"https:\/\/www.hml-fetish.de\/shop\/fr\/wp-json\/wp\/v2\/product\/14381\/revisions"}],"wp:featuredmedia":[{"embeddable":true,"href":"https:\/\/www.hml-fetish.de\/shop\/fr\/wp-json\/wp\/v2\/media\/14355"}],"wp:attachment":[{"href":"https:\/\/www.hml-fetish.de\/shop\/fr\/wp-json\/wp\/v2\/media?parent=14381"}],"wp:term":[{"taxonomy":"product_brand","embeddable":true,"href":"https:\/\/www.hml-fetish.de\/shop\/fr\/wp-json\/wp\/v2\/product_brand?post=14381"},{"taxonomy":"product_cat","embeddable":true,"href":"https:\/\/www.hml-fetish.de\/shop\/fr\/wp-json\/wp\/v2\/product_cat?post=14381"},{"taxonomy":"product_tag","embeddable":true,"href":"https:\/\/www.hml-fetish.de\/shop\/fr\/wp-json\/wp\/v2\/product_tag?post=14381"}],"curies":[{"name":"wp","href":"https:\/\/api.w.org\/{rel}","templated":true}]}}