{"id":14316,"date":"2022-01-23T22:54:09","date_gmt":"2022-01-23T21:54:09","guid":{"rendered":"https:\/\/www.hml-fetish.de\/shop\/cock-strap-en-cuir-avec-ball-stretcher\/"},"modified":"2022-01-23T22:54:09","modified_gmt":"2022-01-23T21:54:09","slug":"cock-strap-en-cuir-avec-ball-stretcher","status":"publish","type":"product","link":"https:\/\/www.hml-fetish.de\/shop\/fr\/cock-strap-en-cuir-avec-ball-stretcher\/","title":{"rendered":"Cock-strap en cuir avec ball stretcher"},"content":{"rendered":"<p>Deux lani\u00e8res de cuir, solidement reli\u00e9es entre elles. Chacun mesure environ 2 cm de large. Il ne s&#8217;agit pas de bandes d\u00e9coup\u00e9es dans du cuir de ceinture, mais de deux couches de cuir de v\u00eatement, ce qui les rend particuli\u00e8rement durables, insensibles \u00e0 l&#8217;humidit\u00e9 et douces \u00e0 porter, sans ar\u00eates vives. Le double bracelet en cuir est r\u00e9glable \u00e0 l&#8217;aide de gros boutons-pression : le plus grand \u00e0 45 mm, 50 mm ou 55 mm de diam\u00e8tre et le plus petit \u00e0 35 mm ou 40 mm.<\/p>\n","protected":false},"excerpt":{"rendered":"<h4>Cock-strap en cuir avec ball stretcher<\/h4>\n<p>Deux lani\u00e8res de cuir, solidement reli\u00e9es entre elles. Chacun mesure environ 2 cm de large. Il ne s&#8217;agit pas de bandes d\u00e9coup\u00e9es dans du cuir de ceinture, mais de deux couches de cuir de v\u00eatement, ce qui les rend particuli\u00e8rement durables, insensibles \u00e0 l&#8217;humidit\u00e9 et douces \u00e0 porter, sans ar\u00eates vives. Le double bracelet en cuir est r\u00e9glable \u00e0 l&#8217;aide de gros boutons-pression : le plus grand \u00e0 45 mm, 50 mm ou 55 mm de diam\u00e8tre et le plus petit \u00e0 35 mm ou 40 mm.<\/p>\n","protected":false},"featured_media":14302,"comment_status":"open","ping_status":"closed","template":"","meta":[],"product_brand":[],"product_cat":[732,678,676],"product_tag":[],"class_list":{"0":"post-14316","1":"product","2":"type-product","3":"status-publish","4":"has-post-thumbnail","6":"product_cat-best-seller","7":"product_cat-cock-halter-fr","8":"product_cat-cock-straps-fr","9":"product_shipping_class-lettre","11":"first","12":"instock","13":"taxable","14":"shipping-taxable","15":"purchasable","16":"product-type-simple"},"_links":{"self":[{"href":"https:\/\/www.hml-fetish.de\/shop\/fr\/wp-json\/wp\/v2\/product\/14316","targetHints":{"allow":["GET"]}}],"collection":[{"href":"https:\/\/www.hml-fetish.de\/shop\/fr\/wp-json\/wp\/v2\/product"}],"about":[{"href":"https:\/\/www.hml-fetish.de\/shop\/fr\/wp-json\/wp\/v2\/types\/product"}],"replies":[{"embeddable":true,"href":"https:\/\/www.hml-fetish.de\/shop\/fr\/wp-json\/wp\/v2\/comments?post=14316"}],"version-history":[{"count":0,"href":"https:\/\/www.hml-fetish.de\/shop\/fr\/wp-json\/wp\/v2\/product\/14316\/revisions"}],"wp:featuredmedia":[{"embeddable":true,"href":"https:\/\/www.hml-fetish.de\/shop\/fr\/wp-json\/wp\/v2\/media\/14302"}],"wp:attachment":[{"href":"https:\/\/www.hml-fetish.de\/shop\/fr\/wp-json\/wp\/v2\/media?parent=14316"}],"wp:term":[{"taxonomy":"product_brand","embeddable":true,"href":"https:\/\/www.hml-fetish.de\/shop\/fr\/wp-json\/wp\/v2\/product_brand?post=14316"},{"taxonomy":"product_cat","embeddable":true,"href":"https:\/\/www.hml-fetish.de\/shop\/fr\/wp-json\/wp\/v2\/product_cat?post=14316"},{"taxonomy":"product_tag","embeddable":true,"href":"https:\/\/www.hml-fetish.de\/shop\/fr\/wp-json\/wp\/v2\/product_tag?post=14316"}],"curies":[{"name":"wp","href":"https:\/\/api.w.org\/{rel}","templated":true}]}}