{"id":14201,"date":"2022-01-23T22:54:11","date_gmt":"2022-01-23T21:54:11","guid":{"rendered":"https:\/\/www.hml-fetish.de\/shop\/maximizer\/"},"modified":"2022-09-23T19:25:28","modified_gmt":"2022-09-23T17:25:28","slug":"maximizeur","status":"publish","type":"product","link":"https:\/\/www.hml-fetish.de\/shop\/fr\/maximizeur\/","title":{"rendered":"Maximizeur"},"content":{"rendered":"<p>Le nouveau cockband sp\u00e9cial : il place tes parties intimes dans la bonne position, de sorte qu&#8217;elles remplissent beaucoup mieux ton string ou ton slip. Et si tu es excit\u00e9e, le double resserrement rendra le tout encore plus volumineux. Cette pi\u00e8ce est vraiment tr\u00e8s efficace ! Le tout dans une optique sans fioritures en cuir de b\u0153uf noir. Se ferme avec un bouton-pression sans nickel.<\/p>\n<p>Le Maximizer existe en quatre tailles. Veuillez choisir le diam\u00e8tre int\u00e9rieur qui vous convient : Cockband 45mm (avec un trou de 30mm), 50mm (avec un trou de 35mm), 55mm (avec un trou de 40mm) et 60mm Cockband (avec un trou de 45mm).<\/p>\n","protected":false},"excerpt":{"rendered":"<h4>Maximizeur<\/h4>\n<p>Le nouveau cockband sp\u00e9cial : il place tes parties intimes dans la bonne position, de sorte qu&#8217;elles remplissent beaucoup mieux ton string ou ton slip. Et si tu es excit\u00e9e, le double resserrement rendra le tout encore plus volumineux. Cette pi\u00e8ce est vraiment tr\u00e8s efficace ! Le tout dans une optique sans fioritures en cuir de b\u0153uf noir. Se ferme avec un bouton-pression sans nickel.<\/p>\n","protected":false},"featured_media":14177,"comment_status":"open","ping_status":"closed","template":"","meta":[],"product_brand":[],"product_cat":[732,676],"product_tag":[4400],"class_list":{"0":"post-14201","1":"product","2":"type-product","3":"status-publish","4":"has-post-thumbnail","6":"product_cat-best-seller","7":"product_cat-cock-straps-fr","8":"product_tag-hml-fetish-original-fr","9":"product_shipping_class-lettre","11":"first","12":"instock","13":"taxable","14":"shipping-taxable","15":"purchasable","16":"product-type-variable"},"_links":{"self":[{"href":"https:\/\/www.hml-fetish.de\/shop\/fr\/wp-json\/wp\/v2\/product\/14201","targetHints":{"allow":["GET"]}}],"collection":[{"href":"https:\/\/www.hml-fetish.de\/shop\/fr\/wp-json\/wp\/v2\/product"}],"about":[{"href":"https:\/\/www.hml-fetish.de\/shop\/fr\/wp-json\/wp\/v2\/types\/product"}],"replies":[{"embeddable":true,"href":"https:\/\/www.hml-fetish.de\/shop\/fr\/wp-json\/wp\/v2\/comments?post=14201"}],"version-history":[{"count":0,"href":"https:\/\/www.hml-fetish.de\/shop\/fr\/wp-json\/wp\/v2\/product\/14201\/revisions"}],"wp:featuredmedia":[{"embeddable":true,"href":"https:\/\/www.hml-fetish.de\/shop\/fr\/wp-json\/wp\/v2\/media\/14177"}],"wp:attachment":[{"href":"https:\/\/www.hml-fetish.de\/shop\/fr\/wp-json\/wp\/v2\/media?parent=14201"}],"wp:term":[{"taxonomy":"product_brand","embeddable":true,"href":"https:\/\/www.hml-fetish.de\/shop\/fr\/wp-json\/wp\/v2\/product_brand?post=14201"},{"taxonomy":"product_cat","embeddable":true,"href":"https:\/\/www.hml-fetish.de\/shop\/fr\/wp-json\/wp\/v2\/product_cat?post=14201"},{"taxonomy":"product_tag","embeddable":true,"href":"https:\/\/www.hml-fetish.de\/shop\/fr\/wp-json\/wp\/v2\/product_tag?post=14201"}],"curies":[{"name":"wp","href":"https:\/\/api.w.org\/{rel}","templated":true}]}}