{"id":14143,"date":"2022-01-23T22:54:12","date_gmt":"2022-01-23T21:54:12","guid":{"rendered":"https:\/\/www.hml-fetish.de\/shop\/manchette-de-queue\/"},"modified":"2022-01-23T22:54:12","modified_gmt":"2022-01-23T21:54:12","slug":"manchette-de-queue","status":"publish","type":"product","link":"https:\/\/www.hml-fetish.de\/shop\/fr\/manchette-de-queue\/","title":{"rendered":"Manchette de queue"},"content":{"rendered":"<p>Un cockband (environ 20 mm de large) reli\u00e9 \u00e0 un pad en cuir de 80 mm de large \u00e0 rabattre et \u00e0 ficeler. Se ferme avec un cordon en cuir et des boutons-pression.<\/p>\n","protected":false},"excerpt":{"rendered":"<h4>Manchette de queue<\/h4>\n<p>Un cockband (environ 20 mm de large) reli\u00e9 \u00e0 un pad en cuir de 80 mm de large \u00e0 rabattre et \u00e0 ficeler. Se ferme avec un cordon en cuir et des boutons-pression.<\/p>\n","protected":false},"featured_media":14138,"comment_status":"open","ping_status":"closed","template":"","meta":[],"product_brand":[],"product_cat":[697,678],"product_tag":[4400],"class_list":{"0":"post-14143","1":"product","2":"type-product","3":"status-publish","4":"has-post-thumbnail","6":"product_cat-cbt-fr","7":"product_cat-cock-halter-fr","8":"product_tag-hml-fetish-original-fr","9":"product_shipping_class-lettre","11":"first","12":"instock","13":"taxable","14":"shipping-taxable","15":"purchasable","16":"product-type-simple"},"_links":{"self":[{"href":"https:\/\/www.hml-fetish.de\/shop\/fr\/wp-json\/wp\/v2\/product\/14143","targetHints":{"allow":["GET"]}}],"collection":[{"href":"https:\/\/www.hml-fetish.de\/shop\/fr\/wp-json\/wp\/v2\/product"}],"about":[{"href":"https:\/\/www.hml-fetish.de\/shop\/fr\/wp-json\/wp\/v2\/types\/product"}],"replies":[{"embeddable":true,"href":"https:\/\/www.hml-fetish.de\/shop\/fr\/wp-json\/wp\/v2\/comments?post=14143"}],"version-history":[{"count":0,"href":"https:\/\/www.hml-fetish.de\/shop\/fr\/wp-json\/wp\/v2\/product\/14143\/revisions"}],"wp:featuredmedia":[{"embeddable":true,"href":"https:\/\/www.hml-fetish.de\/shop\/fr\/wp-json\/wp\/v2\/media\/14138"}],"wp:attachment":[{"href":"https:\/\/www.hml-fetish.de\/shop\/fr\/wp-json\/wp\/v2\/media?parent=14143"}],"wp:term":[{"taxonomy":"product_brand","embeddable":true,"href":"https:\/\/www.hml-fetish.de\/shop\/fr\/wp-json\/wp\/v2\/product_brand?post=14143"},{"taxonomy":"product_cat","embeddable":true,"href":"https:\/\/www.hml-fetish.de\/shop\/fr\/wp-json\/wp\/v2\/product_cat?post=14143"},{"taxonomy":"product_tag","embeddable":true,"href":"https:\/\/www.hml-fetish.de\/shop\/fr\/wp-json\/wp\/v2\/product_tag?post=14143"}],"curies":[{"name":"wp","href":"https:\/\/api.w.org\/{rel}","templated":true}]}}