{"id":14116,"date":"2022-01-23T22:54:12","date_gmt":"2022-01-23T21:54:12","guid":{"rendered":"https:\/\/www.hml-fetish.de\/shop\/cock-strap-avec-anneau\/"},"modified":"2022-01-23T22:54:12","modified_gmt":"2022-01-23T21:54:12","slug":"cock-strap-avec-anneau","status":"publish","type":"product","link":"https:\/\/www.hml-fetish.de\/shop\/fr\/cock-strap-avec-anneau\/","title":{"rendered":"Cock-strap avec anneau"},"content":{"rendered":"<p>Une construction simple &#8211; mais extr\u00eamement efficace. Un cockband en cuir, d&#8217;environ 2 cm de large, reli\u00e9 \u00e0 un cockring. L&#8217;anneau est en acier, interchangeable et peut \u00eatre command\u00e9 dans diff\u00e9rents diam\u00e8tres int\u00e9rieurs, si tu nous le dis dans le champ de commentaires lors de la v\u00e9rification de ta commande. Sinon, nous livrons en 35 mm. Le cockband est r\u00e9glable avec des boutons-pression pour les diam\u00e8tres d&#8217;environ 45 mm, 50 mm et 55 mm.<br \/>\n<BR><img decoding=\"async\" src=\"\/GIF\/sizefr_ID.gif\" alt=\"diam\u00e8tre int\u00e9rieur\" title=\"diam\u00e8tre int\u00e9rieur\" border=\"0\" height=\"67\" width=\"183\"><\/p>\n","protected":false},"excerpt":{"rendered":"<h4>Cock-strap avec anneau<\/h4>\n<p>Une construction simple &#8211; mais extr\u00eamement efficace. Un cockband en cuir, d&#8217;environ 2 cm de large, reli\u00e9 \u00e0 un cockring. L&#8217;anneau est en acier, interchangeable et peut \u00eatre command\u00e9 dans diff\u00e9rents diam\u00e8tres int\u00e9rieurs, si tu nous le dis dans le champ de commentaires lors de la v\u00e9rification de ta commande. Sinon, nous livrons en 35 mm. Le cockband est r\u00e9glable avec des boutons-pression pour les diam\u00e8tres d&#8217;environ 45 mm, 50 mm et 55 mm.<\/p>\n","protected":false},"featured_media":14101,"comment_status":"open","ping_status":"closed","template":"","meta":[],"product_brand":[],"product_cat":[732,678,674],"product_tag":[],"class_list":{"0":"post-14116","1":"product","2":"type-product","3":"status-publish","4":"has-post-thumbnail","6":"product_cat-best-seller","7":"product_cat-cock-halter-fr","8":"product_cat-cock-rings-fr","9":"product_shipping_class-lettre","11":"first","12":"instock","13":"taxable","14":"shipping-taxable","15":"purchasable","16":"product-type-simple"},"_links":{"self":[{"href":"https:\/\/www.hml-fetish.de\/shop\/fr\/wp-json\/wp\/v2\/product\/14116","targetHints":{"allow":["GET"]}}],"collection":[{"href":"https:\/\/www.hml-fetish.de\/shop\/fr\/wp-json\/wp\/v2\/product"}],"about":[{"href":"https:\/\/www.hml-fetish.de\/shop\/fr\/wp-json\/wp\/v2\/types\/product"}],"replies":[{"embeddable":true,"href":"https:\/\/www.hml-fetish.de\/shop\/fr\/wp-json\/wp\/v2\/comments?post=14116"}],"version-history":[{"count":0,"href":"https:\/\/www.hml-fetish.de\/shop\/fr\/wp-json\/wp\/v2\/product\/14116\/revisions"}],"wp:featuredmedia":[{"embeddable":true,"href":"https:\/\/www.hml-fetish.de\/shop\/fr\/wp-json\/wp\/v2\/media\/14101"}],"wp:attachment":[{"href":"https:\/\/www.hml-fetish.de\/shop\/fr\/wp-json\/wp\/v2\/media?parent=14116"}],"wp:term":[{"taxonomy":"product_brand","embeddable":true,"href":"https:\/\/www.hml-fetish.de\/shop\/fr\/wp-json\/wp\/v2\/product_brand?post=14116"},{"taxonomy":"product_cat","embeddable":true,"href":"https:\/\/www.hml-fetish.de\/shop\/fr\/wp-json\/wp\/v2\/product_cat?post=14116"},{"taxonomy":"product_tag","embeddable":true,"href":"https:\/\/www.hml-fetish.de\/shop\/fr\/wp-json\/wp\/v2\/product_tag?post=14116"}],"curies":[{"name":"wp","href":"https:\/\/api.w.org\/{rel}","templated":true}]}}