{"id":14097,"date":"2022-01-23T22:54:13","date_gmt":"2022-01-23T21:54:13","guid":{"rendered":"https:\/\/www.hml-fetish.de\/shop\/cock-ring-double\/"},"modified":"2022-01-23T22:54:13","modified_gmt":"2022-01-23T21:54:13","slug":"cock-ring-double","status":"publish","type":"product","link":"https:\/\/www.hml-fetish.de\/shop\/fr\/cock-ring-double\/","title":{"rendered":"Cock-ring double"},"content":{"rendered":"<p>Deux anneaux en acier inoxydable avec une pi\u00e8ce de jonction en cuir. Le petit anneau et le grand anneau sont livr\u00e9s avec le diam\u00e8tre int\u00e9rieur de ton choix, si tu nous l&#8217;indiques dans le champ de commentaire lors de la validation de ta commande. Sinon, nous livrons 35 mm et 45 mm. Le grand anneau est interchangeable \u00e0 tout moment.<br \/>\n<BR><img decoding=\"async\" src=\"\/GIF\/sizefr_ID.gif\" alt=\"diam\u00e8tre int\u00e9rieur\" title=\"diam\u00e8tre int\u00e9rieur\" border=\"0\" height=\"67\" width=\"183\"><\/p>\n","protected":false},"excerpt":{"rendered":"<h4>Cock-ring double<\/h4>\n<p>Deux anneaux en acier inoxydable avec une pi\u00e8ce de jonction en cuir. Le petit anneau et le grand anneau sont livr\u00e9s avec le diam\u00e8tre int\u00e9rieur de ton choix, si tu nous l&#8217;indiques dans le champ de commentaire lors de la validation de ta commande. Sinon, nous livrons 35 mm et 45 mm. Le grand anneau est interchangeable \u00e0 tout moment.<\/p>\n","protected":false},"featured_media":14093,"comment_status":"open","ping_status":"closed","template":"","meta":[],"product_brand":[],"product_cat":[678,674],"product_tag":[],"class_list":{"0":"post-14097","1":"product","2":"type-product","3":"status-publish","4":"has-post-thumbnail","6":"product_cat-cock-halter-fr","7":"product_cat-cock-rings-fr","8":"product_shipping_class-lettre","10":"first","11":"instock","12":"taxable","13":"shipping-taxable","14":"purchasable","15":"product-type-simple"},"_links":{"self":[{"href":"https:\/\/www.hml-fetish.de\/shop\/fr\/wp-json\/wp\/v2\/product\/14097","targetHints":{"allow":["GET"]}}],"collection":[{"href":"https:\/\/www.hml-fetish.de\/shop\/fr\/wp-json\/wp\/v2\/product"}],"about":[{"href":"https:\/\/www.hml-fetish.de\/shop\/fr\/wp-json\/wp\/v2\/types\/product"}],"replies":[{"embeddable":true,"href":"https:\/\/www.hml-fetish.de\/shop\/fr\/wp-json\/wp\/v2\/comments?post=14097"}],"version-history":[{"count":0,"href":"https:\/\/www.hml-fetish.de\/shop\/fr\/wp-json\/wp\/v2\/product\/14097\/revisions"}],"wp:featuredmedia":[{"embeddable":true,"href":"https:\/\/www.hml-fetish.de\/shop\/fr\/wp-json\/wp\/v2\/media\/14093"}],"wp:attachment":[{"href":"https:\/\/www.hml-fetish.de\/shop\/fr\/wp-json\/wp\/v2\/media?parent=14097"}],"wp:term":[{"taxonomy":"product_brand","embeddable":true,"href":"https:\/\/www.hml-fetish.de\/shop\/fr\/wp-json\/wp\/v2\/product_brand?post=14097"},{"taxonomy":"product_cat","embeddable":true,"href":"https:\/\/www.hml-fetish.de\/shop\/fr\/wp-json\/wp\/v2\/product_cat?post=14097"},{"taxonomy":"product_tag","embeddable":true,"href":"https:\/\/www.hml-fetish.de\/shop\/fr\/wp-json\/wp\/v2\/product_tag?post=14097"}],"curies":[{"name":"wp","href":"https:\/\/api.w.org\/{rel}","templated":true}]}}